{"id":5100,"date":"2020-12-14T13:06:06","date_gmt":"2020-12-14T13:06:06","guid":{"rendered":"https:\/\/france-gastronomie.shop\/produit\/morsky-pot-au-feu\/"},"modified":"2024-01-16T13:07:05","modified_gmt":"2024-01-16T13:07:05","slug":"morsky-pot-au-feu","status":"publish","type":"product","link":"https:\/\/france-gastronomie.shop\/cs\/produit\/morsky-pot-au-feu\/","title":{"rendered":"Mo\u0159sk\u00fd Pot au feu <br\/> Ryby 34%"},"content":{"rendered":"<h5>Mo\u0159sk\u00fd Pot au feu<\/h5>\n<h5>LA CHAISERONNE<\/h5>\n<p>Bez barviv, bez konzervant\u016f, bez lepku.<\/p>\n<p>Slo\u017een\u00ed<br \/>\nTreska (p\u016fvod Francie) (ryba) 34%, mrkev, dom\u00e1c\u00ed ryb\u00ed v\u00fdvar, zel\u00ed 12%, p\u00f3rek, cibule, smetana Isigny CHOP (ml\u00e9ko), mu\u0161le (m\u011bkk\u00fd\u0161i) bez sko\u0159\u00e1pky 4%, zelen\u00e9 zel\u00ed, modifikovan\u00fd \u0161krob, s\u016fl, pep\u0159.<\/p>\n<p>Suroviny<br \/>\nRyba: treska (p\u016fvod Francie).<br \/>\n\u010cerstv\u00e1 zelenina v\u00fdhradn\u011b z Normandie (Manche a Calvados) b\u011bhem produk\u010dn\u00ed sez\u00f3ny, \u0159ekn\u011bme od 1. z\u00e1\u0159\u00ed do 31. kv\u011btna: v obdob\u00ed pauzy poch\u00e1zej\u00ed z regionu<br \/>\n\u201eVal de Loire a Breta\u0148 &#8222;, Francie a Evropa.<br \/>\n\u010cerstv\u00e1 smetana z Isigny: kontrolovan\u00e9 ozna\u010den\u00ed p\u016fvodu. Smetanu vyr\u00e1b\u00ed ml\u00e9k\u00e1rna Isigny sur Mer v Normandii s normandsk\u00fdm ml\u00e9kem.<\/p>\n<p>Alergeny<br \/>\nMl\u00e9ko, ryby.<\/p>\n<p>OGM<br \/>\nNe<\/p>\n<p>\u010cist\u00e1 hmotnost<br \/>\n0,375 kg<\/p>\n<p>DMT<br \/>\n3 roky<\/p>\n<p>Skladov\u00e1n\u00ed<br \/>\nLze skladovat p\u0159i pokojov\u00e9 teplot\u011b.<\/p>\n<p>Tip na p\u0159\u00edpravu<br \/>\nOtev\u0159ete zata\u017een\u00edm za gumu, nechte v\u00edko na n\u00e1dob\u011b, n\u00e1dobu vlo\u017ete do do mikrovlnn\u00e9 trouby (3 minuty) nebo vodn\u00ed l\u00e1zn\u011b a nechte odpo\u010d\u00edvat (1 minutu).<\/p>\n<p>Nutri\u010dn\u00ed hodnoty<\/p>\n<table width=\"257\">\n<tbody>\n<tr>\n<td width=\"154\">Energie na 100g (kJ)<\/td>\n<td width=\"103\">360<\/td>\n<\/tr>\n<tr>\n<td>Energie na 100g (kcal)<\/td>\n<td>86<\/td>\n<\/tr>\n<tr>\n<td>Tuky<\/td>\n<td>2,7g<\/td>\n<\/tr>\n<tr>\n<td>z toho nasycen\u00e9 mastn\u00e9 kyseliny<\/td>\n<td>1,6g<\/td>\n<\/tr>\n<tr>\n<td>Sacharidy<\/td>\n<td>5,6g<\/td>\n<\/tr>\n<tr>\n<td>z toho cukry<\/td>\n<td>2,7g<\/td>\n<\/tr>\n<tr>\n<td>B\u00edlkoviny<\/td>\n<td>9,1g<\/td>\n<\/tr>\n<tr>\n<td>S\u016fl<\/td>\n<td>0,8g<\/td>\n<\/tr>\n<\/tbody>\n<\/table>\n","protected":false},"excerpt":{"rendered":"<h5>LA CHAISERONNE<\/h5>\n<p>Od sv\u00e9ho zalo\u017een\u00ed se La Chaiseronne zav\u00e1zala k p\u0159\u00edstupu udr\u017eiteln\u00e9ho rozvoje zalo\u017een\u00e9ho na 4 rozhodnut\u00edch:<br \/>\n1. Podporovat kvalitu a bl\u00edzk\u00e9 okol\u00ed<br \/>\n2. Respektovat dobr\u00e9 \u017eivotn\u00ed podm\u00ednky zv\u00ed\u0159at a lidsk\u00e9 zdrav\u00ed<br \/>\n3. Rozv\u00edjet povol\u00e1n\u00ed a dovednosti<br \/>\n4. Sn\u00ed\u017eit n\u00e1\u0161 dopad na \u017eivotn\u00ed prost\u0159ed\u00ed<\/p>\n<p>&nbsp;<\/p>\n","protected":false},"featured_media":21352,"comment_status":"open","ping_status":"closed","template":"","meta":[],"product_brand":[],"product_cat":[382],"product_tag":[],"class_list":{"0":"post-5100","1":"product","2":"type-product","3":"status-publish","4":"has-post-thumbnail","6":"product_cat-hotova-jidla","8":"first","9":"instock","10":"sale","11":"taxable","12":"shipping-taxable","13":"purchasable","14":"product-type-simple"},"jetpack_sharing_enabled":true,"_links":{"self":[{"href":"https:\/\/france-gastronomie.shop\/cs\/wp-json\/wp\/v2\/product\/5100","targetHints":{"allow":["GET"]}}],"collection":[{"href":"https:\/\/france-gastronomie.shop\/cs\/wp-json\/wp\/v2\/product"}],"about":[{"href":"https:\/\/france-gastronomie.shop\/cs\/wp-json\/wp\/v2\/types\/product"}],"replies":[{"embeddable":true,"href":"https:\/\/france-gastronomie.shop\/cs\/wp-json\/wp\/v2\/comments?post=5100"}],"wp:featuredmedia":[{"embeddable":true,"href":"https:\/\/france-gastronomie.shop\/cs\/wp-json\/wp\/v2\/media\/21352"}],"wp:attachment":[{"href":"https:\/\/france-gastronomie.shop\/cs\/wp-json\/wp\/v2\/media?parent=5100"}],"wp:term":[{"taxonomy":"product_brand","embeddable":true,"href":"https:\/\/france-gastronomie.shop\/cs\/wp-json\/wp\/v2\/product_brand?post=5100"},{"taxonomy":"product_cat","embeddable":true,"href":"https:\/\/france-gastronomie.shop\/cs\/wp-json\/wp\/v2\/product_cat?post=5100"},{"taxonomy":"product_tag","embeddable":true,"href":"https:\/\/france-gastronomie.shop\/cs\/wp-json\/wp\/v2\/product_tag?post=5100"}],"curies":[{"name":"wp","href":"https:\/\/api.w.org\/{rel}","templated":true}]}}