{"id":5065,"date":"2020-12-14T10:26:28","date_gmt":"2020-12-14T10:26:28","guid":{"rendered":"https:\/\/france-gastronomie.shop\/produit\/lesni-terina-s-houbami\/"},"modified":"2024-01-17T08:44:49","modified_gmt":"2024-01-17T08:44:49","slug":"lesni-terina-s-houbami","status":"publish","type":"product","link":"https:\/\/france-gastronomie.shop\/cs\/produit\/lesni-terina-s-houbami\/","title":{"rendered":"Lesn\u00ed terina <br\/> s houbami"},"content":{"rendered":"<h5>Lesn\u00ed terina s houbami<\/h5>\n<h5>LA CHAISERONNE<\/h5>\n<p>Bez barviv, bez konzervant\u016f, bez lepku.<\/p>\n<p>Slo\u017een\u00ed<br \/>\nVep\u0159ov\u00e9 maso a j\u00e1tra z Normandie (Francie) krmen\u00e9 je\u010dmenem, \u00bd odst\u0159ed\u011bn\u00e9ho ml\u00e9ka, vejce, smetana Isigny CHOP (ml\u00e9ko), \u010derven\u00e1 \u0159epa, cibule, modifikovan\u00fd kuku\u0159i\u010dn\u00fd \u0161krob, lesn\u00ed houby 2,6%, Portsk\u00e9 (si\u0159i\u010ditany), s\u016fl, pep\u0159.<\/p>\n<p>Suroviny<br \/>\nVep\u0159ov\u00e9 maso: Prasata chovan\u00e1 v departementu \u201eSud Manche\u201c krmen\u00e1 je\u010dmenem, z \u010deho\u017e 50% chovu \u010d\u00e1ste\u010dn\u011b pod \u0161ir\u00fdm nebem.<br \/>\nZpracov\u00e1no v Normandii. Od roku 1990 vypracovala La Chaiseronne ve spolupr\u00e1ci s na\u0161imi chovateli p\u0159esn\u00e9 specifikace, kter\u00e9 stanov\u00ed, \u017ee zv\u00ed\u0159e \u017eije ve zdrav\u00e9m prost\u0159ed\u00ed p\u0159irozen\u00fdm tempem s exkluzivn\u00edm j\u00eddlem vyroben\u00fdm pro La Chaiseronne.<br \/>\nToto j\u00eddlo:<br \/>\n&#8211; zahrnuje 75% obilovin, z toho 65% drcen\u00e9ho je\u010dmene, hrachu, zeleninov\u00fdch kol\u00e1\u010d\u016f, do nich\u017e jsou p\u0159id\u00e1ny miner\u00e1ly, vitam\u00edny a stopov\u00e9 prvky nezbytn\u00e9 pro rovnov\u00e1hu krmn\u00e9 d\u00e1vky.<br \/>\n&#8211; je zaru\u010dena \u00fapln\u00e1 absence \u017eivo\u010di\u0161n\u00e9 mou\u010dky, ryb\u00ed mou\u010dky, r\u016fstov\u00e9ho faktoru, antibiotik, GMO.<br \/>\nTato vyv\u00e1\u017een\u00e1 strava prodlu\u017euje dobu chovu p\u0159ibli\u017en\u011b o 3 t\u00fddny a d\u011bl\u00e1 maso jemn\u00fdm, k\u0159ehk\u00fdm a obvzl\u00e1\u0161\u0165 chutn\u00fdm.<br \/>\n\u010cerstv\u00e1 smetana z Isigny: kontrolovan\u00e9 ozna\u010den\u00ed p\u016fvodu. Smetanu vyr\u00e1b\u00ed ml\u00e9k\u00e1rna Isigny sur Mer v Normandii z normandsk\u00e9ho ml\u00e9ka.<\/p>\n<p>Alergeny<br \/>\nVejce a deriv\u00e1ty, ml\u00e9ko a deriv\u00e1ty, si\u0159i\u010ditany a deriv\u00e1ty.<\/p>\n<p>OGM<br \/>\nNe<\/p>\n<p>\u010cist\u00e1 hmotnost<br \/>\n0,19 kg<\/p>\n<p>DMT<br \/>\n3 roky<\/p>\n<p>Skladov\u00e1n\u00ed<br \/>\nUchov\u00e1vejte p\u0159i teplot\u011b 10 &#8211; 20 \u00b0 C. Po otev\u0159en\u00ed uchov\u00e1vejte p\u0159i 2 \u00b0C a rychle spot\u0159ebujte.<\/p>\n<p>Nutri\u010dn\u00ed hodnoty<\/p>\n<table width=\"257\">\n<tbody>\n<tr>\n<td width=\"154\">Energie na 100g (kJ)<\/td>\n<td width=\"103\">1699<\/td>\n<\/tr>\n<tr>\n<td>Energie na 100g (kcal)<\/td>\n<td>406<\/td>\n<\/tr>\n<tr>\n<td>Tuky<\/td>\n<td>40,5g<\/td>\n<\/tr>\n<tr>\n<td>z toho nasycen\u00e9 mastn\u00e9 kyseliny<\/td>\n<td>17,7g<\/td>\n<\/tr>\n<tr>\n<td>Sacharidy<\/td>\n<td>4,6g<\/td>\n<\/tr>\n<tr>\n<td>z toho cukry<\/td>\n<td>1,5g<\/td>\n<\/tr>\n<tr>\n<td>B\u00edlkoviny<\/td>\n<td>5,7g<\/td>\n<\/tr>\n<tr>\n<td>S\u016fl<\/td>\n<td>1,5g<\/td>\n<\/tr>\n<\/tbody>\n<\/table>\n","protected":false},"excerpt":{"rendered":"<h5>LA CHAISERONNE<\/h5>\n<p>Od sv\u00e9ho zalo\u017een\u00ed se La Chaiseronne zav\u00e1zala k p\u0159\u00edstupu udr\u017eiteln\u00e9ho rozvoje zalo\u017een\u00e9ho na 4 rozhodnut\u00edch:<br \/>\n1. Podporovat kvalitu a bl\u00edzk\u00e9 okol\u00ed<br \/>\n2. Respektovat dobr\u00e9 \u017eivotn\u00ed podm\u00ednky zv\u00ed\u0159at a lidsk\u00e9 zdrav\u00ed<br \/>\n3. Rozv\u00edjet povol\u00e1n\u00ed a dovednosti<br \/>\n4. Sn\u00ed\u017eit n\u00e1\u0161 dopad na \u017eivotn\u00ed prost\u0159ed\u00ed<\/p>\n","protected":false},"featured_media":5063,"comment_status":"open","ping_status":"closed","template":"","meta":[],"product_brand":[],"product_cat":[594,441],"product_tag":[],"class_list":{"0":"post-5065","1":"product","2":"type-product","3":"status-publish","4":"has-post-thumbnail","6":"product_cat-teriny","7":"product_cat-potraviny","9":"first","10":"outofstock","11":"taxable","12":"shipping-taxable","13":"purchasable","14":"product-type-simple"},"jetpack_sharing_enabled":true,"_links":{"self":[{"href":"https:\/\/france-gastronomie.shop\/cs\/wp-json\/wp\/v2\/product\/5065","targetHints":{"allow":["GET"]}}],"collection":[{"href":"https:\/\/france-gastronomie.shop\/cs\/wp-json\/wp\/v2\/product"}],"about":[{"href":"https:\/\/france-gastronomie.shop\/cs\/wp-json\/wp\/v2\/types\/product"}],"replies":[{"embeddable":true,"href":"https:\/\/france-gastronomie.shop\/cs\/wp-json\/wp\/v2\/comments?post=5065"}],"wp:featuredmedia":[{"embeddable":true,"href":"https:\/\/france-gastronomie.shop\/cs\/wp-json\/wp\/v2\/media\/5063"}],"wp:attachment":[{"href":"https:\/\/france-gastronomie.shop\/cs\/wp-json\/wp\/v2\/media?parent=5065"}],"wp:term":[{"taxonomy":"product_brand","embeddable":true,"href":"https:\/\/france-gastronomie.shop\/cs\/wp-json\/wp\/v2\/product_brand?post=5065"},{"taxonomy":"product_cat","embeddable":true,"href":"https:\/\/france-gastronomie.shop\/cs\/wp-json\/wp\/v2\/product_cat?post=5065"},{"taxonomy":"product_tag","embeddable":true,"href":"https:\/\/france-gastronomie.shop\/cs\/wp-json\/wp\/v2\/product_tag?post=5065"}],"curies":[{"name":"wp","href":"https:\/\/api.w.org\/{rel}","templated":true}]}}