{"id":4957,"date":"2020-12-09T11:51:04","date_gmt":"2020-12-09T11:51:04","guid":{"rendered":"https:\/\/france-gastronomie.shop\/produit\/jehneci-navarin-varene-v-cidru\/"},"modified":"2023-12-20T00:24:27","modified_gmt":"2023-12-20T00:24:27","slug":"jehneci-navarin-varene-v-cidru","status":"publish","type":"product","link":"https:\/\/france-gastronomie.shop\/cs\/produit\/jehneci-navarin-varene-v-cidru\/","title":{"rendered":"Jehn\u011b\u010d\u00ed navarin <br\/> va\u0159en\u00fd v cidru"},"content":{"rendered":"<h5>Jehn\u011b\u010d\u00ed navarin va\u0159en\u00fd v cidru<\/h5>\n<h5>LA CHAISERONNE<\/h5>\n<p>Bez barviv, bez konzervant\u016f, bez lepku.<\/p>\n<p>Slo\u017een\u00ed<br \/>\nJehn\u011b\u010d\u00ed maso z Normandie (Francie) 52%, v\u00fdvar, fazole, jable\u010dn\u00fd cider Br\u00e9c\u00e9en 11% (si\u0159i\u010ditany), mrkev, cibule, tu\u0159\u00edn, s\u016fl, jable\u010dn\u00fd ocet (si\u0159i\u010ditany), cukr, \u010desnek, pep\u0159.<\/p>\n<p>Suroviny<br \/>\nSkopov\u00e9 maso z Francie. \u010cerstv\u00e1 zelenina v\u00fdhradn\u011b z Normandie (Manche a Calvados) b\u011bhem produk\u010dn\u00ed sez\u00f3ny, \u0159ekn\u011bme od 1. z\u00e1\u0159\u00ed do 31. kv\u011btna: v obdob\u00ed pauzy poch\u00e1zej\u00ed z regionu \u201eVal de Loire a Breta\u0148 &#8222;, Francie a Evropa.<br \/>\nCider &#8222;Le Br\u00e9c\u00e9en&#8220; vyroben\u00fd v Br\u00e9cey (50).<br \/>\nFazole ze sez\u00f3nn\u00edho zem\u011bd\u011blstv\u00ed produkovan\u00e9 panem DELATOUCHE v departementu Eure et Loire.<\/p>\n<p>Alergeny<br \/>\nOxid si\u0159i\u010dit\u00fd a si\u0159i\u010ditany.<\/p>\n<p>OGM<br \/>\nNe<\/p>\n<p>\u010cist\u00e1 hmotnost<br \/>\n0,75 kg<\/p>\n<p>DMT<br \/>\n3 roky<\/p>\n<p>Skladov\u00e1n\u00ed<br \/>\nUchov\u00e1vejte p\u0159i teplot\u011b 15 &#8211; 25 \u00b0 C<\/p>\n<p>Nutri\u010dn\u00ed hodnoty<\/p>\n<table width=\"257\">\n<tbody>\n<tr>\n<td width=\"154\">Energie na 100g (kJ)<\/td>\n<td width=\"103\">561<\/td>\n<\/tr>\n<tr>\n<td>Energie na 100g (kcal)<\/td>\n<td>134<\/td>\n<\/tr>\n<tr>\n<td>Tuky<\/td>\n<td>6,3g<\/td>\n<\/tr>\n<tr>\n<td>z toho nasycen\u00e9 mastn\u00e9 kyseliny<\/td>\n<td>3g<\/td>\n<\/tr>\n<tr>\n<td>Sacharidy<\/td>\n<td>7,2g<\/td>\n<\/tr>\n<tr>\n<td>z toho cukry<\/td>\n<td>2g<\/td>\n<\/tr>\n<tr>\n<td>B\u00edlkoviny<\/td>\n<td>12,1g<\/td>\n<\/tr>\n<tr>\n<td>S\u016fl<\/td>\n<td>1,1g<\/td>\n<\/tr>\n<\/tbody>\n<\/table>\n<p>&nbsp;<\/p>\n","protected":false},"excerpt":{"rendered":"<h5>LA CHAISERONNE<\/h5>\n<p>Od sv\u00e9ho zalo\u017een\u00ed se La Chaiseronne zav\u00e1zala k p\u0159\u00edstupu udr\u017eiteln\u00e9ho rozvoje zalo\u017een\u00e9ho na 4 rozhodnut\u00edch:<br \/>\n1. Podporovat kvalitu a bl\u00edzk\u00e9 okol\u00ed<br \/>\n2. Respektovat dobr\u00e9 \u017eivotn\u00ed podm\u00ednky zv\u00ed\u0159at a lidsk\u00e9 zdrav\u00ed<br \/>\n3. Rozv\u00edjet povol\u00e1n\u00ed a dovednosti<br \/>\n4. Sn\u00ed\u017eit n\u00e1\u0161 dopad na \u017eivotn\u00ed prost\u0159ed\u00ed<\/p>\n","protected":false},"featured_media":21358,"comment_status":"open","ping_status":"closed","template":"","meta":[],"product_brand":[],"product_cat":[382],"product_tag":[],"class_list":{"0":"post-4957","1":"product","2":"type-product","3":"status-publish","4":"has-post-thumbnail","6":"product_cat-hotova-jidla","8":"first","9":"instock","10":"sale","11":"taxable","12":"shipping-taxable","13":"purchasable","14":"product-type-simple"},"jetpack_sharing_enabled":true,"_links":{"self":[{"href":"https:\/\/france-gastronomie.shop\/cs\/wp-json\/wp\/v2\/product\/4957","targetHints":{"allow":["GET"]}}],"collection":[{"href":"https:\/\/france-gastronomie.shop\/cs\/wp-json\/wp\/v2\/product"}],"about":[{"href":"https:\/\/france-gastronomie.shop\/cs\/wp-json\/wp\/v2\/types\/product"}],"replies":[{"embeddable":true,"href":"https:\/\/france-gastronomie.shop\/cs\/wp-json\/wp\/v2\/comments?post=4957"}],"wp:featuredmedia":[{"embeddable":true,"href":"https:\/\/france-gastronomie.shop\/cs\/wp-json\/wp\/v2\/media\/21358"}],"wp:attachment":[{"href":"https:\/\/france-gastronomie.shop\/cs\/wp-json\/wp\/v2\/media?parent=4957"}],"wp:term":[{"taxonomy":"product_brand","embeddable":true,"href":"https:\/\/france-gastronomie.shop\/cs\/wp-json\/wp\/v2\/product_brand?post=4957"},{"taxonomy":"product_cat","embeddable":true,"href":"https:\/\/france-gastronomie.shop\/cs\/wp-json\/wp\/v2\/product_cat?post=4957"},{"taxonomy":"product_tag","embeddable":true,"href":"https:\/\/france-gastronomie.shop\/cs\/wp-json\/wp\/v2\/product_tag?post=4957"}],"curies":[{"name":"wp","href":"https:\/\/api.w.org\/{rel}","templated":true}]}}