{"id":4951,"date":"2020-12-09T11:00:42","date_gmt":"2020-12-09T11:00:42","guid":{"rendered":"https:\/\/france-gastronomie.shop\/produit\/baskicke-kure\/"},"modified":"2024-01-16T13:27:59","modified_gmt":"2024-01-16T13:27:59","slug":"baskicke-kure","status":"publish","type":"product","link":"https:\/\/france-gastronomie.shop\/cs\/produit\/baskicke-kure\/","title":{"rendered":"Baskick\u00e9 ku\u0159e <br\/> Ratatouille"},"content":{"rendered":"<h5>Baskick\u00e9 ku\u0159e<\/h5>\n<h5>LA CHAISERONNE<\/h5>\n<p>Bez barviv, bez konzervant\u016f, bez lepku.<\/p>\n<p>Slo\u017een\u00ed<br \/>\nKu\u0159ec\u00ed maso (Francie) 43%, Ratatouille 35% [grilovan\u00e1 zelenina 44% (cuketa, lilek, paprika &#8211; \u010derven\u00e1 a zelen\u00e1, slune\u010dnicov\u00fd olej), raj\u010datov\u00e1 om\u00e1\u010dka (raj\u010data, cibule)], paprika (\u010derven\u00e1, zelen\u00e1, \u017elut\u00e1) 7%, drcen\u00e1 raj\u010data, m\u00e1slo (ml\u00e9ko), olivov\u00fd olej, s\u016fl,<br \/>\nmodifikovan\u00fd \u0161krob, pep\u0159, \u010desnek.<\/p>\n<p>Suroviny<br \/>\nKu\u0159ec\u00ed maso: Narozen\u00e9, vykrmen\u00e9 a pora\u017een\u00e9 ve Francii.<\/p>\n<p>Alergeny<br \/>\nMl\u00e9ko a ml\u00e9\u010dn\u00e9 v\u00fdrobky.<\/p>\n<p>OGM<br \/>\nNe<\/p>\n<p>\u010cist\u00e1 hmotnost<br \/>\n0,75 kg<\/p>\n<p>DMT<br \/>\n3 roky<\/p>\n<p>Skladov\u00e1n\u00ed<br \/>\nUchov\u00e1vejte p\u0159i teplot\u011b 15 &#8211; 25 \u00b0 C<\/p>\n<p>Nutri\u010dn\u00ed hodnoty<\/p>\n<table width=\"257\">\n<tbody>\n<tr>\n<td width=\"154\">Energie na 100g (kJ)<\/td>\n<td width=\"103\">546<\/td>\n<\/tr>\n<tr>\n<td>Energie na 100g (kcal)<\/td>\n<td>131<\/td>\n<\/tr>\n<tr>\n<td>Tuky<\/td>\n<td>9,1g<\/td>\n<\/tr>\n<tr>\n<td>z toho nasycen\u00e9 mastn\u00e9 kyseliny<\/td>\n<td>2,8g<\/td>\n<\/tr>\n<tr>\n<td>Sacharidy<\/td>\n<td>3,8g<\/td>\n<\/tr>\n<tr>\n<td>z toho cukry<\/td>\n<td>1,6g<\/td>\n<\/tr>\n<tr>\n<td>B\u00edlkoviny<\/td>\n<td>8,4g<\/td>\n<\/tr>\n<tr>\n<td>S\u016fl<\/td>\n<td>1,1g<\/td>\n<\/tr>\n<\/tbody>\n<\/table>\n<p>&nbsp;<\/p>\n","protected":false},"excerpt":{"rendered":"<h5>LA CHAISERONNE<\/h5>\n<p>Od sv\u00e9ho zalo\u017een\u00ed se La Chaiseronne zav\u00e1zala k p\u0159\u00edstupu udr\u017eiteln\u00e9ho rozvoje zalo\u017een\u00e9ho na 4 rozhodnut\u00edch:<br \/>\n1. Podporovat kvalitu a bl\u00edzk\u00e9 okol\u00ed<br \/>\n2. Respektovat dobr\u00e9 \u017eivotn\u00ed podm\u00ednky zv\u00ed\u0159at a lidsk\u00e9 zdrav\u00ed<br \/>\n3. Rozv\u00edjet povol\u00e1n\u00ed a dovednosti<br \/>\n4. Sn\u00ed\u017eit n\u00e1\u0161 dopad na \u017eivotn\u00ed prost\u0159ed\u00ed<\/p>\n","protected":false},"featured_media":0,"comment_status":"open","ping_status":"closed","template":"","meta":[],"product_brand":[],"product_cat":[382],"product_tag":[],"class_list":{"0":"post-4951","1":"product","2":"type-product","3":"status-publish","5":"product_cat-hotova-jidla","7":"first","8":"instock","9":"sale","10":"taxable","11":"shipping-taxable","12":"purchasable","13":"product-type-simple"},"jetpack_sharing_enabled":true,"_links":{"self":[{"href":"https:\/\/france-gastronomie.shop\/cs\/wp-json\/wp\/v2\/product\/4951","targetHints":{"allow":["GET"]}}],"collection":[{"href":"https:\/\/france-gastronomie.shop\/cs\/wp-json\/wp\/v2\/product"}],"about":[{"href":"https:\/\/france-gastronomie.shop\/cs\/wp-json\/wp\/v2\/types\/product"}],"replies":[{"embeddable":true,"href":"https:\/\/france-gastronomie.shop\/cs\/wp-json\/wp\/v2\/comments?post=4951"}],"wp:attachment":[{"href":"https:\/\/france-gastronomie.shop\/cs\/wp-json\/wp\/v2\/media?parent=4951"}],"wp:term":[{"taxonomy":"product_brand","embeddable":true,"href":"https:\/\/france-gastronomie.shop\/cs\/wp-json\/wp\/v2\/product_brand?post=4951"},{"taxonomy":"product_cat","embeddable":true,"href":"https:\/\/france-gastronomie.shop\/cs\/wp-json\/wp\/v2\/product_cat?post=4951"},{"taxonomy":"product_tag","embeddable":true,"href":"https:\/\/france-gastronomie.shop\/cs\/wp-json\/wp\/v2\/product_tag?post=4951"}],"curies":[{"name":"wp","href":"https:\/\/api.w.org\/{rel}","templated":true}]}}