{"id":4920,"date":"2020-12-09T09:18:20","date_gmt":"2020-12-09T09:18:20","guid":{"rendered":"https:\/\/france-gastronomie.shop\/produit\/drstky-s-cidrem-z-normandie\/"},"modified":"2023-12-20T00:24:26","modified_gmt":"2023-12-20T00:24:26","slug":"drstky-s-cidrem-z-normandie","status":"publish","type":"product","link":"https:\/\/france-gastronomie.shop\/cs\/produit\/drstky-s-cidrem-z-normandie\/","title":{"rendered":"Dr\u0161\u0165ky s cidrem <br\/> z Normandie"},"content":{"rendered":"<h5>Dr\u0161\u0165ky s cidrem z Normandie<\/h5>\n<h5>LA CHAISERONNE<\/h5>\n<p>Bez barviv, bez konzervant\u016f, bez lepku.<\/p>\n<p>Slo\u017een\u00ed<br \/>\nHov\u011bz\u00ed dr\u0161\u0165ky a no\u017eky (Francie) 76%, voda, mrkev, cibule, cider Br\u00e9c\u00e9en 6% (si\u0159i\u010ditany), s\u016fl, pep\u0159.<\/p>\n<p>Suroviny<br \/>\nHov\u011bz\u00ed maso: hov\u011bz\u00ed maso, jalovice, mlad\u00e1 kr\u00e1va normansk\u00e9ho plemene nebo masn\u00e9 plemeno chovan\u00e9 v Normandii nebo obc\u00edch hrani\u010d\u00edc\u00edch s na\u0161\u00edm departementem (50), pora\u017een\u00e9 a porcovan\u00e9 v South-Manche (50). Sami vyb\u00edr\u00e1me zv\u00ed\u0159ata pro jejich kvalitu masa (v\u011bk, konformita, stav v\u00fdkrmu) od na\u0161ich m\u00edstn\u00edch chovatel\u016f, kte\u0159\u00ed jsou \u010dleny sdru\u017een\u00ed \u201eLa Normandie \u00e0 la table des chefs\u201c. Tato zv\u00ed\u0159ata jsou por\u00e1\u017eena na jatk\u00e1ch v bl\u00edzkosti m\u00edsta, kde jsou chov\u00e1na, aby byl<br \/>\nzachov\u00e1n jejich komfort a aby se zv\u00ed\u0159e vyhnulo stresu spojen\u00e9mu s p\u0159epravou a por\u00e1\u017ekou (m\u00e9n\u011b ne\u017e 40 km od m\u00edsta por\u00e1\u017eky). Na\u0161e hov\u011bz\u00ed maso je schv\u00e1leno \u201eGourmandie\u201c.<br \/>\n\u010cerstv\u00e1 zelenina v\u00fdhradn\u011b z Normandie (Manche a Calvados) b\u011bhem produk\u010dn\u00ed sez\u00f3ny, \u0159ekn\u011bme od 1. z\u00e1\u0159\u00ed do 31. kv\u011btna: v obdob\u00ed pauzy poch\u00e1zej\u00ed z regionu \u201eVal de Loire a Breta\u0148 &#8222;, Francie a Evropa.<br \/>\nCider &#8222;Le Br\u00e9c\u00e9en&#8220; vyroben\u00fd v Br\u00e9cey (50).<\/p>\n<p>Alergeny<br \/>\nOxid si\u0159i\u010dit\u00fd a si\u0159i\u010ditany.<\/p>\n<p>OGM<br \/>\nNe<\/p>\n<p>\u010cist\u00e1 hmotnost<br \/>\n0,75 kg<\/p>\n<p>DMT<br \/>\n3 roky<\/p>\n<p>Skladov\u00e1n\u00ed<br \/>\nUchov\u00e1vejte p\u0159i teplot\u011b 15 &#8211; 25 \u00b0 C<\/p>\n<p>Nutri\u010dn\u00ed hodnoty<\/p>\n<table width=\"257\">\n<tbody>\n<tr>\n<td width=\"154\">Energie na 100g (kJ)<\/td>\n<td width=\"103\">410<\/td>\n<\/tr>\n<tr>\n<td>Energie na 100g (kcal)<\/td>\n<td>99<\/td>\n<\/tr>\n<tr>\n<td>Tuky<\/td>\n<td>3,3g<\/td>\n<\/tr>\n<tr>\n<td>z toho nasycen\u00e9 mastn\u00e9 kyseliny<\/td>\n<td>1g<\/td>\n<\/tr>\n<tr>\n<td>Sacharidy<\/td>\n<td>0,3g<\/td>\n<\/tr>\n<tr>\n<td>z toho cukry<\/td>\n<td>0,1g<\/td>\n<\/tr>\n<tr>\n<td>B\u00edlkoviny<\/td>\n<td>17g<\/td>\n<\/tr>\n<tr>\n<td>S\u016fl<\/td>\n<td>1,6g<\/td>\n<\/tr>\n<\/tbody>\n<\/table>\n","protected":false},"excerpt":{"rendered":"<h5>LA CHAISERONNE<\/h5>\n<p>Od sv\u00e9ho zalo\u017een\u00ed se La Chaiseronne zav\u00e1zala k p\u0159\u00edstupu udr\u017eiteln\u00e9ho rozvoje zalo\u017een\u00e9ho na 4 rozhodnut\u00edch:<br \/>\n1. Podporovat kvalitu a bl\u00edzk\u00e9 okol\u00ed<br \/>\n2. Respektovat dobr\u00e9 \u017eivotn\u00ed podm\u00ednky zv\u00ed\u0159at a lidsk\u00e9 zdrav\u00ed<br \/>\n3. Rozv\u00edjet povol\u00e1n\u00ed a dovednosti<br \/>\n4. Sn\u00ed\u017eit n\u00e1\u0161 dopad na \u017eivotn\u00ed prost\u0159ed\u00ed<\/p>\n","protected":false},"featured_media":26008,"comment_status":"open","ping_status":"closed","template":"","meta":[],"product_brand":[],"product_cat":[382],"product_tag":[],"class_list":{"0":"post-4920","1":"product","2":"type-product","3":"status-publish","4":"has-post-thumbnail","6":"product_cat-hotova-jidla","8":"first","9":"outofstock","10":"taxable","11":"shipping-taxable","12":"purchasable","13":"product-type-simple"},"jetpack_sharing_enabled":true,"_links":{"self":[{"href":"https:\/\/france-gastronomie.shop\/cs\/wp-json\/wp\/v2\/product\/4920","targetHints":{"allow":["GET"]}}],"collection":[{"href":"https:\/\/france-gastronomie.shop\/cs\/wp-json\/wp\/v2\/product"}],"about":[{"href":"https:\/\/france-gastronomie.shop\/cs\/wp-json\/wp\/v2\/types\/product"}],"replies":[{"embeddable":true,"href":"https:\/\/france-gastronomie.shop\/cs\/wp-json\/wp\/v2\/comments?post=4920"}],"wp:featuredmedia":[{"embeddable":true,"href":"https:\/\/france-gastronomie.shop\/cs\/wp-json\/wp\/v2\/media\/26008"}],"wp:attachment":[{"href":"https:\/\/france-gastronomie.shop\/cs\/wp-json\/wp\/v2\/media?parent=4920"}],"wp:term":[{"taxonomy":"product_brand","embeddable":true,"href":"https:\/\/france-gastronomie.shop\/cs\/wp-json\/wp\/v2\/product_brand?post=4920"},{"taxonomy":"product_cat","embeddable":true,"href":"https:\/\/france-gastronomie.shop\/cs\/wp-json\/wp\/v2\/product_cat?post=4920"},{"taxonomy":"product_tag","embeddable":true,"href":"https:\/\/france-gastronomie.shop\/cs\/wp-json\/wp\/v2\/product_tag?post=4920"}],"curies":[{"name":"wp","href":"https:\/\/api.w.org\/{rel}","templated":true}]}}