{"id":4895,"date":"2020-12-08T07:56:31","date_gmt":"2020-12-08T07:56:31","guid":{"rendered":"https:\/\/france-gastronomie.shop\/produit\/teleci-ragu-s-kremem-isigny-chop\/"},"modified":"2024-01-16T13:28:01","modified_gmt":"2024-01-16T13:28:01","slug":"teleci-ragu-s-kremem-isigny-chop","status":"publish","type":"product","link":"https:\/\/france-gastronomie.shop\/cs\/produit\/teleci-ragu-s-kremem-isigny-chop\/","title":{"rendered":"Telec\u00ed rag\u016f <br\/> se smetanou Isigny CHOP"},"content":{"rendered":"<h5>Telec\u00ed rag\u016f se smetanou Isigny CHOP<\/h5>\n<h5>LA CHAISERONNE<\/h5>\n<p>Bez barviv, bez konzervant\u016f, bez lepku.<\/p>\n<p>Slo\u017een\u00ed<br \/>\nTelec\u00ed maso z Normandie (Francie) 49%, v\u00fdvar (voda, telec\u00ed kosti, cibule, mrkev, p\u00f3r, zelen\u00e9 zel\u00ed, tu\u0159\u00edn, tymi\u00e1n, bobkov\u00fd list), mrkev, houby, brambory, smetana Isigny CHOP 6% (ml\u00e9ko), modifikovan\u00fd \u0161krob, s\u016fl, pep\u0159, mu\u0161k\u00e1tov\u00fd o\u0159\u00ed\u0161ek.<\/p>\n<p>Suroviny<br \/>\nTelata: narozena, vychov\u00e1v\u00e1na a pora\u017eena ve Francii. \u010cerstv\u00e1 smetana d&#8217;Isigny: kontrolovan\u00e9 ozna\u010den\u00ed p\u016fvodu.<br \/>\nSmetanu vyr\u00e1b\u00ed ml\u00e9k\u00e1rna Isigny sur Mer v Normandii s normandsk\u00fdm ml\u00e9kem.<br \/>\n\u010cerstv\u00e1 zelenina v\u00fdhradn\u011b z Normandie (Manche a Calvados) b\u011bhem produk\u010dn\u00ed sez\u00f3ny, \u0159ekn\u011bme od 1. z\u00e1\u0159\u00ed do 31. kv\u011btna: v obdob\u00ed pauzy poch\u00e1zej\u00ed z regionu \u201eVal de Loire a Breta\u0148 &#8222;, Francie a Evropa.<\/p>\n<p>Alergeny<br \/>\nMl\u00e9ko a ml\u00e9\u010dn\u00e9 v\u00fdrobky.<\/p>\n<p>OGM<br \/>\nNe<\/p>\n<p>\u010cist\u00e1 hmotnost<br \/>\n0,75 kg<\/p>\n<p>DMT<br \/>\n3 roky<\/p>\n<p>Skladov\u00e1n\u00ed<br \/>\nUchov\u00e1vejte p\u0159i teplot\u011b 15 &#8211; 25 \u00b0 C<\/p>\n<p>Nutri\u010dn\u00ed hodnoty<\/p>\n<table width=\"257\">\n<tbody>\n<tr>\n<td width=\"154\">Energie na 100g (kJ)<\/td>\n<td width=\"103\">502<\/td>\n<\/tr>\n<tr>\n<td>Energie na 100g (kcal)<\/td>\n<td>120<\/td>\n<\/tr>\n<tr>\n<td>Tuky<\/td>\n<td>6,6g<\/td>\n<\/tr>\n<tr>\n<td>z toho nasycen\u00e9 mastn\u00e9 kyseliny<\/td>\n<td>3,4g<\/td>\n<\/tr>\n<tr>\n<td>Sacharidy<\/td>\n<td>4,4g<\/td>\n<\/tr>\n<tr>\n<td>z toho cukry<\/td>\n<td>1,5g<\/td>\n<\/tr>\n<tr>\n<td>B\u00edlkoviny<\/td>\n<td>10,6g<\/td>\n<\/tr>\n<tr>\n<td>S\u016fl<\/td>\n<td>1g<\/td>\n<\/tr>\n<\/tbody>\n<\/table>\n","protected":false},"excerpt":{"rendered":"<h5>LA CHAISERONNE<\/h5>\n<p>Od sv\u00e9ho zalo\u017een\u00ed se La Chaiseronne zav\u00e1zala k p\u0159\u00edstupu udr\u017eiteln\u00e9ho rozvoje zalo\u017een\u00e9ho na 4 rozhodnut\u00edch:<br \/>\n1. Podporovat kvalitu a bl\u00edzk\u00e9 okol\u00ed<br \/>\n2. Respektovat dobr\u00e9 \u017eivotn\u00ed podm\u00ednky zv\u00ed\u0159at a lidsk\u00e9 zdrav\u00ed<br \/>\n3. Rozv\u00edjet povol\u00e1n\u00ed a dovednosti<br \/>\n4. Sn\u00ed\u017eit n\u00e1\u0161 dopad na \u017eivotn\u00ed prost\u0159ed\u00ed<\/p>\n","protected":false},"featured_media":21343,"comment_status":"open","ping_status":"closed","template":"","meta":[],"product_brand":[],"product_cat":[382],"product_tag":[],"class_list":{"0":"post-4895","1":"product","2":"type-product","3":"status-publish","4":"has-post-thumbnail","6":"product_cat-hotova-jidla","8":"first","9":"instock","10":"sale","11":"taxable","12":"shipping-taxable","13":"purchasable","14":"product-type-simple"},"jetpack_sharing_enabled":true,"_links":{"self":[{"href":"https:\/\/france-gastronomie.shop\/cs\/wp-json\/wp\/v2\/product\/4895","targetHints":{"allow":["GET"]}}],"collection":[{"href":"https:\/\/france-gastronomie.shop\/cs\/wp-json\/wp\/v2\/product"}],"about":[{"href":"https:\/\/france-gastronomie.shop\/cs\/wp-json\/wp\/v2\/types\/product"}],"replies":[{"embeddable":true,"href":"https:\/\/france-gastronomie.shop\/cs\/wp-json\/wp\/v2\/comments?post=4895"}],"wp:featuredmedia":[{"embeddable":true,"href":"https:\/\/france-gastronomie.shop\/cs\/wp-json\/wp\/v2\/media\/21343"}],"wp:attachment":[{"href":"https:\/\/france-gastronomie.shop\/cs\/wp-json\/wp\/v2\/media?parent=4895"}],"wp:term":[{"taxonomy":"product_brand","embeddable":true,"href":"https:\/\/france-gastronomie.shop\/cs\/wp-json\/wp\/v2\/product_brand?post=4895"},{"taxonomy":"product_cat","embeddable":true,"href":"https:\/\/france-gastronomie.shop\/cs\/wp-json\/wp\/v2\/product_cat?post=4895"},{"taxonomy":"product_tag","embeddable":true,"href":"https:\/\/france-gastronomie.shop\/cs\/wp-json\/wp\/v2\/product_tag?post=4895"}],"curies":[{"name":"wp","href":"https:\/\/api.w.org\/{rel}","templated":true}]}}