{"id":4486,"date":"2020-12-02T09:55:00","date_gmt":"2020-12-02T09:55:00","guid":{"rendered":"https:\/\/france-gastronomie.shop\/produit\/omacka-foie-gras\/"},"modified":"2026-02-04T11:43:30","modified_gmt":"2026-02-04T10:43:30","slug":"omacka-foie-gras","status":"publish","type":"product","link":"https:\/\/france-gastronomie.shop\/cs\/produit\/omacka-foie-gras\/","title":{"rendered":"Om\u00e1\u010dka <br\/> Foie Gras 29%"},"content":{"rendered":"<h5>Om\u00e1\u010dka Foie Gras<\/h5>\n<h5>Castaing Foie Gras<\/h5>\n<p>Perfektn\u00ed k b\u00edl\u00e9mu nebo \u010derven\u00e9mu masu i ke zv\u011b\u0159in\u011b. Na\u0161e om\u00e1\u010dky a z\u00e1klady sta\u010d\u00ed oh\u0159\u00e1t ve vodn\u00ed l\u00e1zni nebo v mikrovlnn\u00e9 troub\u011b.<\/p>\n<p>Slo\u017een\u00ed<br \/>\nVoda, kachn\u00ed ztu\u010dn\u011bl\u00e1 j\u00e1tra (29%), dr\u016fbe\u017e\u00ed skelety, smetana, b\u00edl\u00e9 v\u00edno (si\u0159i\u010ditany), mrkev, kachn\u00ed tuk, cibule, p\u0161eni\u010dn\u00e1 mouka, Portsk\u00e9 (si\u0159i\u010ditany), zpracovan\u00fd kuku\u0159i\u010dn\u00fd \u0161krob, p\u00f3r, \u0161alotka, s\u016fl, ochucen\u00fd Armagnac (Armagnac, s\u016fl, p\u0159\u00edrodn\u00ed pep\u0159ov\u00e9 aroma), \u010desnek, raj\u010datov\u00fd protlak, celer, pep\u0159, aromatick\u00e9 bylinky, plody jalovce, ko\u0159en\u00ed.<\/p>\n<p>Alergeny<br \/>\nObiloviny obsahuj\u00edc\u00ed lepek a v\u00fdrobky z t\u011bchto obilovin, celer a v\u00fdrobky z celeru, ml\u00e9ko a v\u00fdrobky z ml\u00e9ka, si\u0159i\u010ditany.<\/p>\n<p>GMO<br \/>\nNe<\/p>\n<p>Balen\u00ed<br \/>\nSklenice<\/p>\n<p>Hmotnost<br \/>\n180 g<\/p>\n<p>Skladov\u00e1n\u00ed<br \/>\nSkladovat na chladn\u00e9m a such\u00e9m m\u00edst\u011b.<\/p>\n<p>Nutri\u010dn\u00ed hodnoty<\/p>\n<table width=\"294\">\n<tbody>\n<tr>\n<td width=\"214\">Energie\/100g kJ<\/td>\n<td width=\"80\">260<\/td>\n<\/tr>\n<tr>\n<td>Energie\/100g kcal<\/td>\n<td>62<\/td>\n<\/tr>\n<tr>\n<td>Tuky<\/td>\n<td>3,5g<\/td>\n<\/tr>\n<tr>\n<td>z toho nasycen\u00e9 mastn\u00e9 kyseliny<\/td>\n<td>2,3g<\/td>\n<\/tr>\n<tr>\n<td>Sacharidy<\/td>\n<td>6,7g<\/td>\n<\/tr>\n<tr>\n<td>z toho cukry<\/td>\n<td>0,9g<\/td>\n<\/tr>\n<tr>\n<td>B\u00edlkoviny<\/td>\n<td>0,7g<\/td>\n<\/tr>\n<tr>\n<td>S\u016fl<\/td>\n<td>1,3g<\/td>\n<\/tr>\n<\/tbody>\n<\/table>\n","protected":false},"excerpt":{"rendered":"<h5>Castaing Foie Gras<\/h5>\n<p>CASTAING FOIE-GRAS pou\u017e\u00edv\u00e1 nejlep\u0161\u00ed kachnu na foie gras, kachnu<br \/>\nMULARD, vyzna\u010duje se velk\u00fdm t\u011blesn\u00fdm r\u00e1mcem, a mohutn\u00fdmi j\u00e1try.<br \/>\nKachny jsou chovan\u00e9 tradi\u010dn\u00edm zp\u016fsobem pod \u0161ir\u00fdm nebem<br \/>\na krmen\u00e9 100% p\u0159\u00edrodn\u011b na mal\u00fdch venkovsk\u00fdch farm\u00e1ch.<br \/>\nNa\u0161i chovatel\u00e9 striktn\u011b dodr\u017euj\u00ed specifikace pro farm\u00e1\u0159skou kachnu<br \/>\n&#8222;Label Rouge &#8211; LANDES&#8220;.<br \/>\nV ka\u017ed\u00e9m na\u0161em v\u00fdrobku p\u0159ed\u00e1v\u00e1me know-how na\u0161ich p\u0159edk\u016f,<br \/>\nobohacen\u00e9 v\u00fdvojem technologie a chut\u00ed.<\/p>\n","protected":false},"featured_media":6106,"comment_status":"open","ping_status":"closed","template":"","meta":[],"product_brand":[],"product_cat":[708,591,441],"product_tag":[],"class_list":{"0":"post-4486","1":"product","2":"type-product","3":"status-publish","4":"has-post-thumbnail","6":"product_cat-foie-gras-2","7":"product_cat-omacky","8":"product_cat-potraviny","10":"first","11":"instock","12":"taxable","13":"shipping-taxable","14":"purchasable","15":"product-type-simple"},"jetpack_sharing_enabled":true,"_links":{"self":[{"href":"https:\/\/france-gastronomie.shop\/cs\/wp-json\/wp\/v2\/product\/4486","targetHints":{"allow":["GET"]}}],"collection":[{"href":"https:\/\/france-gastronomie.shop\/cs\/wp-json\/wp\/v2\/product"}],"about":[{"href":"https:\/\/france-gastronomie.shop\/cs\/wp-json\/wp\/v2\/types\/product"}],"replies":[{"embeddable":true,"href":"https:\/\/france-gastronomie.shop\/cs\/wp-json\/wp\/v2\/comments?post=4486"}],"wp:featuredmedia":[{"embeddable":true,"href":"https:\/\/france-gastronomie.shop\/cs\/wp-json\/wp\/v2\/media\/6106"}],"wp:attachment":[{"href":"https:\/\/france-gastronomie.shop\/cs\/wp-json\/wp\/v2\/media?parent=4486"}],"wp:term":[{"taxonomy":"product_brand","embeddable":true,"href":"https:\/\/france-gastronomie.shop\/cs\/wp-json\/wp\/v2\/product_brand?post=4486"},{"taxonomy":"product_cat","embeddable":true,"href":"https:\/\/france-gastronomie.shop\/cs\/wp-json\/wp\/v2\/product_cat?post=4486"},{"taxonomy":"product_tag","embeddable":true,"href":"https:\/\/france-gastronomie.shop\/cs\/wp-json\/wp\/v2\/product_tag?post=4486"}],"curies":[{"name":"wp","href":"https:\/\/api.w.org\/{rel}","templated":true}]}}