{"id":4374,"date":"2020-11-30T10:09:59","date_gmt":"2020-11-30T10:09:59","guid":{"rendered":"https:\/\/france-gastronomie.shop\/produit\/landeska-jatrova-pastika\/"},"modified":"2026-02-04T11:45:01","modified_gmt":"2026-02-04T10:45:01","slug":"pastika-z-veprovych-jater","status":"publish","type":"product","link":"https:\/\/france-gastronomie.shop\/cs\/produit\/pastika-z-veprovych-jater\/","title":{"rendered":"Pa\u0161tika <br\/> Vesnick\u00e1"},"content":{"rendered":"<h5>Pa\u0161tika Vesnick\u00e1<\/h5>\n<h5>Castaing Foie Gras<\/h5>\n<p>Vyrobeno v souladu s recepty na\u0161ich babi\u010dek, tradi\u010dn\u00edmi metodami s pou\u017eit\u00edm nejlep\u0161\u00edch m\u00edstn\u00edch surovin.<br \/>\nTyto speciality jsou ide\u00e1ln\u00ed pro p\u0159\u00edpravu dokonal\u00fdch p\u0159edkrm\u016f, labu\u017enick\u00fdch nebo venkovsk\u00fdch sal\u00e1t\u016f a uzeninov\u00fdch tal\u00ed\u0159\u016f.<\/p>\n<p>Slo\u017een\u00ed<br \/>\nVep\u0159ov\u00fd tuk, vep\u0159ov\u00e1 j\u00e1tra 39%, vejce, s\u016fl, \u0161krob, \u010desnek, \u0161alotka, cukr, ko\u0159en\u00ed.<\/p>\n<p>Alergeny<br \/>\nVejce a vaje\u010dn\u00e9 v\u00fdrobky.<\/p>\n<p>GMO<br \/>\nNe<\/p>\n<p>Balen\u00ed<br \/>\nSklenice<\/p>\n<p>Hmotnost<br \/>\n180 g<\/p>\n<p>Skladov\u00e1n\u00ed<br \/>\nSkladovat na chladn\u00e9m a such\u00e9m m\u00edst\u011b.<\/p>\n<p>Nutri\u010dn\u00ed hodnoty<\/p>\n<table width=\"294\">\n<tbody>\n<tr>\n<td width=\"214\">Energie\/100g kJ<\/td>\n<td width=\"80\">1703<\/td>\n<\/tr>\n<tr>\n<td>Energie\/100g kcal<\/td>\n<td>407<\/td>\n<\/tr>\n<tr>\n<td>Tuky<\/td>\n<td>38g<\/td>\n<\/tr>\n<tr>\n<td>z toho nasycen\u00e9 mastn\u00e9 kyseliny<\/td>\n<td>13g<\/td>\n<\/tr>\n<tr>\n<td>Sacharidy<\/td>\n<td>2,5g<\/td>\n<\/tr>\n<tr>\n<td>z toho cukry<\/td>\n<td>&lt;0,5g<\/td>\n<\/tr>\n<tr>\n<td>B\u00edlkoviny<\/td>\n<td>14g<\/td>\n<\/tr>\n<tr>\n<td>S\u016fl<\/td>\n<td>1,8g<\/td>\n<\/tr>\n<\/tbody>\n<\/table>\n<p>&nbsp;<\/p>\n","protected":false},"excerpt":{"rendered":"<h5>Castaing Foie Gras<\/h5>\n<p>CASTAING FOIE-GRAS pou\u017e\u00edv\u00e1 nejlep\u0161\u00ed kachnu na foie gras, kachnu<br \/>\nMULARD, vyzna\u010duje se velk\u00fdm t\u011blesn\u00fdm r\u00e1mcem, a mohutn\u00fdmi j\u00e1try.<br \/>\nKachny jsou chovan\u00e9 tradi\u010dn\u00edm zp\u016fsobem pod \u0161ir\u00fdm nebem<br \/>\na krmen\u00e9 100% p\u0159\u00edrodn\u011b na mal\u00fdch venkovsk\u00fdch farm\u00e1ch.<br \/>\nNa\u0161i chovatel\u00e9 striktn\u011b dodr\u017euj\u00ed specifikace pro farm\u00e1\u0159skou kachnu<br \/>\n&#8222;Label Rouge &#8211; LANDES&#8220;.<br \/>\nV ka\u017ed\u00e9m na\u0161em v\u00fdrobku p\u0159ed\u00e1v\u00e1me know-how na\u0161ich p\u0159edk\u016f,<br \/>\nobohacen\u00e9 v\u00fdvojem technologie a chut\u00ed.<\/p>\n","protected":false},"featured_media":26359,"comment_status":"open","ping_status":"closed","template":"","meta":[],"product_brand":[],"product_cat":[708,594,441],"product_tag":[],"class_list":{"0":"post-4374","1":"product","2":"type-product","3":"status-publish","4":"has-post-thumbnail","6":"product_cat-foie-gras-2","7":"product_cat-teriny","8":"product_cat-potraviny","10":"first","11":"instock","12":"sale","13":"taxable","14":"shipping-taxable","15":"purchasable","16":"product-type-simple"},"jetpack_sharing_enabled":true,"_links":{"self":[{"href":"https:\/\/france-gastronomie.shop\/cs\/wp-json\/wp\/v2\/product\/4374","targetHints":{"allow":["GET"]}}],"collection":[{"href":"https:\/\/france-gastronomie.shop\/cs\/wp-json\/wp\/v2\/product"}],"about":[{"href":"https:\/\/france-gastronomie.shop\/cs\/wp-json\/wp\/v2\/types\/product"}],"replies":[{"embeddable":true,"href":"https:\/\/france-gastronomie.shop\/cs\/wp-json\/wp\/v2\/comments?post=4374"}],"wp:featuredmedia":[{"embeddable":true,"href":"https:\/\/france-gastronomie.shop\/cs\/wp-json\/wp\/v2\/media\/26359"}],"wp:attachment":[{"href":"https:\/\/france-gastronomie.shop\/cs\/wp-json\/wp\/v2\/media?parent=4374"}],"wp:term":[{"taxonomy":"product_brand","embeddable":true,"href":"https:\/\/france-gastronomie.shop\/cs\/wp-json\/wp\/v2\/product_brand?post=4374"},{"taxonomy":"product_cat","embeddable":true,"href":"https:\/\/france-gastronomie.shop\/cs\/wp-json\/wp\/v2\/product_cat?post=4374"},{"taxonomy":"product_tag","embeddable":true,"href":"https:\/\/france-gastronomie.shop\/cs\/wp-json\/wp\/v2\/product_tag?post=4374"}],"curies":[{"name":"wp","href":"https:\/\/api.w.org\/{rel}","templated":true}]}}