{"id":4237,"date":"2020-11-24T18:32:10","date_gmt":"2020-11-24T18:32:10","guid":{"rendered":"https:\/\/france-gastronomie.shop\/produit\/kachni-rillettes-s-foie-gras\/"},"modified":"2026-02-04T11:52:39","modified_gmt":"2026-02-04T10:52:39","slug":"kachni-rillettes-s-foie-gras","status":"publish","type":"product","link":"https:\/\/france-gastronomie.shop\/cs\/produit\/kachni-rillettes-s-foie-gras\/","title":{"rendered":"Kachn\u00ed rillettes <br\/> s foie gras 20%"},"content":{"rendered":"<h5>Kachn\u00ed rillettes s kachn\u00edm foie gras<\/h5>\n<h5>Castaing Foie Gras<\/h5>\n<p>Vyrobeno v souladu s recepty na\u0161ich babi\u010dek, tradi\u010dn\u00edmi metodami s pou\u017eit\u00edm nejlep\u0161\u00edch m\u00edstn\u00edch surovin.<br \/>\nTyto speciality jsou ide\u00e1ln\u00ed pro p\u0159\u00edpravu dokonal\u00fdch p\u0159edkrm\u016f, labu\u017enick\u00fdch nebo venkovsk\u00fdch sal\u00e1t\u016f a uzeninov\u00fdch tal\u00ed\u0159\u016f.<\/p>\n<p>Slo\u017een\u00ed<br \/>\nKachn\u00ed maso a tuk, kachn\u00ed ztu\u010dn\u011bl\u00e1 j\u00e1tra (20%), voda, s\u016fl, Portsk\u00e9, \u010desnek, ko\u0159en\u00ed, \u0161alotka, cukr.<\/p>\n<p>V\u00fdrobn\u00ed proces<br \/>\nKachn\u00ed maso a ostatn\u00ed p\u0159\u00edsady jsou konfitovan\u00e9 v tuku, pot\u00e9 ru\u010dn\u011b odd\u011blen\u00e9. P\u0159id\u00e1 se foie gras, ko\u0159en\u00ed, uprav\u00ed se, uzav\u0159e do sklenic a sterilizuje.<\/p>\n<p>Alergeny<br \/>\nNe<\/p>\n<p>GMO<br \/>\nNe<\/p>\n<p>Balen\u00ed<br \/>\nSklenice<\/p>\n<p>Hmotnost<br \/>\n180g<\/p>\n<p>Skladov\u00e1n\u00ed<br \/>\nSkladovat na chladn\u00e9m a such\u00e9m m\u00edst\u011b.<\/p>\n<p>Nutri\u010dn\u00ed hodnoty<\/p>\n<table width=\"294\">\n<tbody>\n<tr>\n<td width=\"214\">Energie\/100g kJ<\/td>\n<td width=\"80\">2219 kJ<\/td>\n<\/tr>\n<tr>\n<td>Energie\/100g kcal<\/td>\n<td>530 kcal<\/td>\n<\/tr>\n<tr>\n<td>Tuky<\/td>\n<td>56 g<\/td>\n<\/tr>\n<tr>\n<td>z toho nasycen\u00e9 mastn\u00e9 kyseliny<\/td>\n<td>20g<\/td>\n<\/tr>\n<tr>\n<td>Sacharidy<\/td>\n<td>0,6 g<\/td>\n<\/tr>\n<tr>\n<td>z toho cukry<\/td>\n<td>&lt; 0,5 g<\/td>\n<\/tr>\n<tr>\n<td>B\u00edlkoviny<\/td>\n<td>7,6 g<\/td>\n<\/tr>\n<tr>\n<td>S\u016fl<\/td>\n<td>1,3 g<\/td>\n<\/tr>\n<\/tbody>\n<\/table>\n","protected":false},"excerpt":{"rendered":"<h5>Castaing Foie Gras<\/h5>\n<p>CASTAING FOIE-GRAS pou\u017e\u00edv\u00e1 nejlep\u0161\u00ed kachnu na foie gras, kachnu<br \/>\nMULARD, vyzna\u010duje se velk\u00fdm t\u011blesn\u00fdm r\u00e1mcem, a mohutn\u00fdmi j\u00e1try.<br \/>\nKachny jsou chovan\u00e9 tradi\u010dn\u00edm zp\u016fsobem pod \u0161ir\u00fdm nebem<br \/>\na krmen\u00e9 100% p\u0159\u00edrodn\u011b na mal\u00fdch venkovsk\u00fdch farm\u00e1ch.<br \/>\nNa\u0161i chovatel\u00e9 striktn\u011b dodr\u017euj\u00ed specifikace pro farm\u00e1\u0159skou kachnu<br \/>\n&#8222;Label Rouge &#8211; LANDES&#8220;.<br \/>\nV ka\u017ed\u00e9m na\u0161em v\u00fdrobku p\u0159ed\u00e1v\u00e1me know-how na\u0161ich p\u0159edk\u016f,<br \/>\nobohacen\u00e9 v\u00fdvojem technologie a chut\u00ed.<\/p>\n","protected":false},"featured_media":4234,"comment_status":"open","ping_status":"closed","template":"","meta":[],"product_brand":[],"product_cat":[708,441],"product_tag":[],"class_list":{"0":"post-4237","1":"product","2":"type-product","3":"status-publish","4":"has-post-thumbnail","6":"product_cat-foie-gras-2","7":"product_cat-potraviny","9":"first","10":"outofstock","11":"taxable","12":"shipping-taxable","13":"purchasable","14":"product-type-simple"},"jetpack_sharing_enabled":true,"_links":{"self":[{"href":"https:\/\/france-gastronomie.shop\/cs\/wp-json\/wp\/v2\/product\/4237","targetHints":{"allow":["GET"]}}],"collection":[{"href":"https:\/\/france-gastronomie.shop\/cs\/wp-json\/wp\/v2\/product"}],"about":[{"href":"https:\/\/france-gastronomie.shop\/cs\/wp-json\/wp\/v2\/types\/product"}],"replies":[{"embeddable":true,"href":"https:\/\/france-gastronomie.shop\/cs\/wp-json\/wp\/v2\/comments?post=4237"}],"wp:featuredmedia":[{"embeddable":true,"href":"https:\/\/france-gastronomie.shop\/cs\/wp-json\/wp\/v2\/media\/4234"}],"wp:attachment":[{"href":"https:\/\/france-gastronomie.shop\/cs\/wp-json\/wp\/v2\/media?parent=4237"}],"wp:term":[{"taxonomy":"product_brand","embeddable":true,"href":"https:\/\/france-gastronomie.shop\/cs\/wp-json\/wp\/v2\/product_brand?post=4237"},{"taxonomy":"product_cat","embeddable":true,"href":"https:\/\/france-gastronomie.shop\/cs\/wp-json\/wp\/v2\/product_cat?post=4237"},{"taxonomy":"product_tag","embeddable":true,"href":"https:\/\/france-gastronomie.shop\/cs\/wp-json\/wp\/v2\/product_tag?post=4237"}],"curies":[{"name":"wp","href":"https:\/\/api.w.org\/{rel}","templated":true}]}}