{"id":4157,"date":"2020-11-24T08:03:23","date_gmt":"2020-11-24T08:03:23","guid":{"rendered":"https:\/\/france-gastronomie.shop\/produit\/konfitovane-kachni-zaludky\/"},"modified":"2025-12-13T08:38:43","modified_gmt":"2025-12-13T08:38:43","slug":"konfitovane-kachni-zaludky","status":"publish","type":"product","link":"https:\/\/france-gastronomie.shop\/cs\/produit\/konfitovane-kachni-zaludky\/","title":{"rendered":"Konfitovan\u00e9 \u017ealudky <br\/> Kachn\u00ed"},"content":{"rendered":"<h5>Konfitovan\u00e9 kachn\u00ed \u017ealudky<\/h5>\n<h5>Castaing Foie Gras<\/h5>\n<p>Na\u0161e konfity, p\u0159ipravovan\u00e9 podle tradice s pou\u017eit\u00edm tuku a soli, v\u00e1s p\u0159ekvap\u00ed svou k\u0159ehkost\u00ed a jemnou chut\u00ed.<br \/>\nKvalita surovin zaji\u0161\u0165uje vynikaj\u00edc\u00ed vlastnosti p\u0159i va\u0159en\u00ed.<\/p>\n<p>Slo\u017een\u00ed<br \/>\nKachn\u00ed \u017ealudky, kachn\u00ed tuk, s\u016fl, pep\u0159.<\/p>\n<p>Alergeny<br \/>\n\u017d\u00e1dn\u00e9<\/p>\n<p>GMO<br \/>\n\u017d\u00e1dn\u00e9<\/p>\n<p>Popis<br \/>\nSklenice p\u0159ibli\u017en\u011b 5 kus\u016f<\/p>\n<p>Skladovac\u00ed podm\u00ednky<br \/>\nSkladujte na chladn\u00e9m a such\u00e9m m\u00edst\u011b.<\/p>\n<p>Nutri\u010dn\u00ed hodnoty<\/p>\n<table width=\"296\">\n<tbody>\n<tr>\n<td width=\"166\">Energie\/100g kJ<\/td>\n<td width=\"130\">2118<\/td>\n<\/tr>\n<tr>\n<td>Energie\/100g kcal<\/td>\n<td>506<\/td>\n<\/tr>\n<tr>\n<td><\/td>\n<td>Tuky<br \/>\n50g<\/td>\n<\/tr>\n<tr>\n<td>z toho nasycen\u00e9 mastn\u00e9 kyseliny\n<\/td>\n<td>17g<\/td>\n<\/tr>\n<tr>\n<td>&lt;<\/td>\n<td>Scharidy<br \/>0,5g<\/td>\n<\/tr>\n<tr>\n<td>z toho cukry\n<\/td>\n<td>&lt;0,5g<\/td>\n<\/tr>\n<tr>\n<td>Proteiny<\/td>\n<td>15g<\/td>\n<\/tr>\n<tr>\n<td>S\u016fl<\/td>\n<td>2,2g<\/td>\n<\/tr>\n<\/tbody>\n<\/table>\n","protected":false},"excerpt":{"rendered":"<div class=\"woocommerce-product-details__short-description\">\n<h5>Castaing Foie Gras<\/h5>\n<p>CASTAING FOIE-GRAS pou\u017e\u00edv\u00e1 nejlep\u0161\u00ed kachny na foie gras, kachny MULARD, kter\u00e9 pat\u0159\u00ed k t\u011b\u017ek\u00e9mu a pomalu rostouc\u00edmu plemeni, chovan\u00e9 tradi\u010dn\u00edm zp\u016fsobem na voln\u00e9m prostranstv\u00ed s 100% p\u0159\u00edrodn\u00ed stravou v mal\u00fdch zem\u011bd\u011blsk\u00fdch podnic\u00edch lidsk\u00e9 velikosti.<br \/>\nNa\u0161i chovatel\u00e9 p\u0159\u00edsn\u011b dodr\u017euj\u00ed specifikace pro farm\u00e1\u0159sk\u00e9 kachny \u201eLabel Rouge \u2013 LANDES\u201c.<br \/>\nV ka\u017ed\u00e9m produktu p\u0159ed\u00e1v\u00e1me know-how na\u0161ich p\u0159edk\u016f, obohacen\u00e9 o v\u00fdvoj technologie a chut\u00ed.<\/p>\n<\/div>\n","protected":false},"featured_media":8924,"comment_status":"open","ping_status":"closed","template":"","meta":[],"product_brand":[],"product_cat":[441],"product_tag":[],"class_list":{"0":"post-4157","1":"product","2":"type-product","3":"status-publish","4":"has-post-thumbnail","6":"product_cat-potraviny","8":"first","9":"instock","10":"taxable","11":"shipping-taxable","12":"purchasable","13":"product-type-simple"},"jetpack_sharing_enabled":true,"_links":{"self":[{"href":"https:\/\/france-gastronomie.shop\/cs\/wp-json\/wp\/v2\/product\/4157","targetHints":{"allow":["GET"]}}],"collection":[{"href":"https:\/\/france-gastronomie.shop\/cs\/wp-json\/wp\/v2\/product"}],"about":[{"href":"https:\/\/france-gastronomie.shop\/cs\/wp-json\/wp\/v2\/types\/product"}],"replies":[{"embeddable":true,"href":"https:\/\/france-gastronomie.shop\/cs\/wp-json\/wp\/v2\/comments?post=4157"}],"wp:featuredmedia":[{"embeddable":true,"href":"https:\/\/france-gastronomie.shop\/cs\/wp-json\/wp\/v2\/media\/8924"}],"wp:attachment":[{"href":"https:\/\/france-gastronomie.shop\/cs\/wp-json\/wp\/v2\/media?parent=4157"}],"wp:term":[{"taxonomy":"product_brand","embeddable":true,"href":"https:\/\/france-gastronomie.shop\/cs\/wp-json\/wp\/v2\/product_brand?post=4157"},{"taxonomy":"product_cat","embeddable":true,"href":"https:\/\/france-gastronomie.shop\/cs\/wp-json\/wp\/v2\/product_cat?post=4157"},{"taxonomy":"product_tag","embeddable":true,"href":"https:\/\/france-gastronomie.shop\/cs\/wp-json\/wp\/v2\/product_tag?post=4157"}],"curies":[{"name":"wp","href":"https:\/\/api.w.org\/{rel}","templated":true}]}}