{"id":4058,"date":"2020-11-20T08:06:27","date_gmt":"2020-11-20T08:06:27","guid":{"rendered":"https:\/\/france-gastronomie.shop\/produit\/kachni-terina\/"},"modified":"2026-02-04T13:46:00","modified_gmt":"2026-02-04T12:46:00","slug":"kachni-terina","status":"publish","type":"product","link":"https:\/\/france-gastronomie.shop\/cs\/produit\/kachni-terina\/","title":{"rendered":"Terina <br\/> Kachn\u00ed"},"content":{"rendered":"<h5>Kachn\u00ed terina BIO<\/h5>\n<h5>ROGER VIDAL<\/h5>\n<p>\u010cist\u00e1 hmotnost<br \/>\n130 g<\/p>\n<p>Slo\u017een\u00ed<br \/>\nKachn\u00ed maso 25%*, vep\u0159ov\u00fd krk*, vep\u0159ov\u00e1 j\u00e1tra*, vep\u0159ov\u00fd tuk*, dr\u016fbe\u017e\u00ed j\u00e1tra*, vejce*, s\u016fl, su\u0161en\u00e9 plnotu\u010dn\u00e9 ml\u00e9ko, pep\u0159*.<br \/>\n* Produkty poch\u00e1zej\u00ed z ekologick\u00e9ho zem\u011bd\u011blstv\u00ed.<\/p>\n<p>Skladov\u00e1n\u00ed<br \/>\nSkladujte p\u0159i pokojov\u00e9 teplot\u011b. Po otev\u0159en\u00ed m\u016f\u017eete uchov\u00e1vat v lednici po dobu 2 dn\u016f.<\/p>\n<p>GMO<br \/>\nNe<\/p>\n<p>Alergeny<br \/>\nVejce, ml\u00e9ko<\/p>\n<p>Nutri\u010dn\u00ed hodnoty<\/p>\n<table width=\"349\">\n<tbody>\n<tr>\n<td width=\"173\">Energeticka (kcal)<\/td>\n<td width=\"176\">385<\/td>\n<\/tr>\n<tr>\n<td>Energeticka (kJ)<\/td>\n<td>1590<\/td>\n<\/tr>\n<tr>\n<td>Tuky<\/td>\n<td>37 g<\/td>\n<\/tr>\n<tr>\n<td>Nasycen\u00e9 mastn\u00e9 kyseliny<\/td>\n<td>12 g<\/td>\n<\/tr>\n<tr>\n<td>Sacharidy<\/td>\n<td>&lt; 0,5 g<\/td>\n<\/tr>\n<tr>\n<td>Cukry<\/td>\n<td>&lt; 0,5 g<\/td>\n<\/tr>\n<tr>\n<td>Proteiny<\/td>\n<td>13 g<\/td>\n<\/tr>\n<tr>\n<td>S\u016fl<\/td>\n<td>1,8 g<\/td>\n<\/tr>\n<\/tbody>\n<\/table>\n","protected":false},"excerpt":{"rendered":"<h5>ROGER VIDAL<\/h5>\n<p>Roger Vidal je rodinn\u00fd podnik se s\u00eddlem na jihu Aveyronu.<br \/>\nRespektuje tradi\u010dn\u00ed v\u00fdrobu &#8222;postaru&#8220; a vkl\u00e1d\u00e1 ve\u0161ker\u00e9 sv\u00e9 zku\u0161enosti do p\u0159\u00edpravy sv\u00fdch pa\u0161tik a terin.<br \/>\nRoger Vidal vyr\u00e1b\u00ed labu\u017enick\u00e9 v\u00fdrobky ji\u017e v\u00edce ne\u017e \u010dty\u0159icet let!<\/p>\n","protected":false},"featured_media":14136,"comment_status":"open","ping_status":"closed","template":"","meta":[],"product_brand":[],"product_cat":[594,441,384],"product_tag":[],"class_list":{"0":"post-4058","1":"product","2":"type-product","3":"status-publish","4":"has-post-thumbnail","6":"product_cat-teriny","7":"product_cat-potraviny","8":"product_cat-bio-cs","10":"first","11":"instock","12":"taxable","13":"shipping-taxable","14":"purchasable","15":"product-type-simple"},"jetpack_sharing_enabled":true,"_links":{"self":[{"href":"https:\/\/france-gastronomie.shop\/cs\/wp-json\/wp\/v2\/product\/4058","targetHints":{"allow":["GET"]}}],"collection":[{"href":"https:\/\/france-gastronomie.shop\/cs\/wp-json\/wp\/v2\/product"}],"about":[{"href":"https:\/\/france-gastronomie.shop\/cs\/wp-json\/wp\/v2\/types\/product"}],"replies":[{"embeddable":true,"href":"https:\/\/france-gastronomie.shop\/cs\/wp-json\/wp\/v2\/comments?post=4058"}],"wp:featuredmedia":[{"embeddable":true,"href":"https:\/\/france-gastronomie.shop\/cs\/wp-json\/wp\/v2\/media\/14136"}],"wp:attachment":[{"href":"https:\/\/france-gastronomie.shop\/cs\/wp-json\/wp\/v2\/media?parent=4058"}],"wp:term":[{"taxonomy":"product_brand","embeddable":true,"href":"https:\/\/france-gastronomie.shop\/cs\/wp-json\/wp\/v2\/product_brand?post=4058"},{"taxonomy":"product_cat","embeddable":true,"href":"https:\/\/france-gastronomie.shop\/cs\/wp-json\/wp\/v2\/product_cat?post=4058"},{"taxonomy":"product_tag","embeddable":true,"href":"https:\/\/france-gastronomie.shop\/cs\/wp-json\/wp\/v2\/product_tag?post=4058"}],"curies":[{"name":"wp","href":"https:\/\/api.w.org\/{rel}","templated":true}]}}