{"id":3983,"date":"2020-11-18T10:37:55","date_gmt":"2020-11-18T10:37:55","guid":{"rendered":"https:\/\/france-gastronomie.shop\/produit\/broskvovy-kompot\/"},"modified":"2024-04-18T12:09:14","modified_gmt":"2024-04-18T12:09:14","slug":"broskvovy-kompot","status":"publish","type":"product","link":"https:\/\/france-gastronomie.shop\/cs\/produit\/broskvovy-kompot\/","title":{"rendered":"Broskvov\u00fd <br\/> kompot"},"content":{"rendered":"<h5>Broskvov\u00fd kompot BIO<\/h5>\n<h5>BIOLOKLOCK<\/h5>\n<p>Broskve do na\u0161eho kompotu jsou ru\u010dn\u011b kr\u00e1jeny a d\u00e1v\u00e1ny do lehk\u00e9ho n\u00e1levu, kter\u00fd jim umo\u017e\u0148uje zachovat si svou v\u00fdbornou chu\u0165 a strukturu. Jsou ide\u00e1ln\u00ed do buchet nebo ovocn\u00e9ho sal\u00e1tu.<\/p>\n<p>Broskve, 100% francouzsk\u00e9, do na\u0161eho kompotu jsou nakr\u00e1jen\u00e9 na \u010dtvrtiny a balen\u00e9 do recyklovateln\u00e9 sklenice o hmotnosti 370 g.<br \/>\nTento produkt je ide\u00e1ln\u00ed pro vylep\u0161en\u00ed va\u0161ich kulin\u00e1\u0159sk\u00fdch pokrm\u016f mimo ovocnou sez\u00f3nu. Ovocn\u00e9 sal\u00e1ty, buchty, smoothies, slan\u00e9 pokrmy budou s kompotem pest\u0159ej\u0161\u00ed a chutn\u011bj\u0161\u00ed.<br \/>\nVe\u0161ker\u00e9 na\u0161e kompoty jsou p\u0159ipravov\u00e1ny postaru (zal\u00e9v\u00e1n\u00ed se prov\u00e1d\u00ed ru\u010dn\u011b), v mal\u00e9m mno\u017estv\u00ed, nad\u0161enci ekologick\u00e9ho zem\u011bd\u011blstv\u00ed, s ohledem na \u017eivotn\u00ed prost\u0159ed\u00ed a zdrav\u00ed; rodinn\u00e9 d\u011bdictv\u00ed je p\u0159ed\u00e1van\u00e9 z generace na generaci.<\/p>\n<p>V\u00fdhody<br \/>\nN\u00e1\u0161 100% francouzsk\u00fd BIO broskvov\u00fd kompot v\u00e1m velkoryse nab\u00edz\u00ed sladkou chu\u0165 slunce. Broskev je pln\u00e1 vitam\u00edn\u016f, vl\u00e1kniny, antioxidant\u016f, miner\u00e1l\u016f&#8230;<br \/>\n(Tyto ctnosti, kter\u00e9 se p\u0159ipisuj\u00ed ka\u017ed\u00e9mu z t\u011bchto druh\u016f ovoce, jsou uzn\u00e1v\u00e1ny po cel\u00e9 generace, ale nemohou nahradit l\u00e9\u010dbu p\u0159edepsanou zdravotn\u00edkem).<br \/>\nZd\u00e1 se, \u017ee broskev byla jedn\u00edm z nejobl\u00edben\u011bj\u0161\u00edch plod\u016f kr\u00e1le Ludv\u00edka XIV. Jeho ovocn\u00e9 zahrady ve Versailles ukr\u00fdvali 33 r\u016fzn\u00fdch druh\u016f broskv\u00ed.<\/p>\n<p>Slo\u017een\u00ed<br \/>\nBroskve *, sv\u011btl\u00fd t\u0159tinov\u00fd cukr *, voda.<br \/>\n* Ingredience z ekologick\u00e9ho zem\u011bd\u011blstv\u00ed.<br \/>\nBez p\u0159\u00edsad.<\/p>\n<p>Skladov\u00e1n\u00ed<br \/>\nPo otev\u0159en\u00ed uchov\u00e1vejte v chladu.<\/p>\n<p>Nutri\u010dn\u00ed hodnoty<\/p>\n<table width=\"231\">\n<tbody>\n<tr>\n<td width=\"151\">Energie (kcal)<\/td>\n<td width=\"80\">70,4<\/td>\n<\/tr>\n<tr>\n<td>Energie (kJ)<\/td>\n<td>299<\/td>\n<\/tr>\n<tr>\n<td>Tuky<\/td>\n<td>0g<\/td>\n<\/tr>\n<tr>\n<td>z toho nasycen\u00e9 mastn\u00e9 kyseliny<\/td>\n<td>0g<\/td>\n<\/tr>\n<tr>\n<td>Sacharidy<\/td>\n<td>17g<\/td>\n<\/tr>\n<tr>\n<td>z toho cukry<\/td>\n<td>16,9g<\/td>\n<\/tr>\n<tr>\n<td>Vl\u00e1knina<\/td>\n<td>0,2g<\/td>\n<\/tr>\n<tr>\n<td>B\u00edlkoviny<\/td>\n<td>0,2g<\/td>\n<\/tr>\n<tr>\n<td>S\u016fl<\/td>\n<td>0g<\/td>\n<\/tr>\n<\/tbody>\n<\/table>\n","protected":false},"excerpt":{"rendered":"<h5>BIOLOKLOCK<\/h5>\n<p>Bioloklock je rodinn\u00e1 \u0159emesln\u00e1 firma, jej\u00ed\u017e kvalitn\u00ed produkty jsou v\u00fdsledkem dlouhodob\u00e9ho zapojen\u00ed rodiny do ekologick\u00e9ho zem\u011bd\u011blstv\u00ed, a to ji\u017e od po\u010d\u00e1tku 60. let.<\/p>\n","protected":false},"featured_media":3980,"comment_status":"open","ping_status":"closed","template":"","meta":[],"product_brand":[],"product_cat":[585,441,384],"product_tag":[],"class_list":{"0":"post-3983","1":"product","2":"type-product","3":"status-publish","4":"has-post-thumbnail","6":"product_cat-dzemy","7":"product_cat-potraviny","8":"product_cat-bio-cs","10":"first","11":"outofstock","12":"taxable","13":"shipping-taxable","14":"purchasable","15":"product-type-simple"},"jetpack_sharing_enabled":true,"_links":{"self":[{"href":"https:\/\/france-gastronomie.shop\/cs\/wp-json\/wp\/v2\/product\/3983","targetHints":{"allow":["GET"]}}],"collection":[{"href":"https:\/\/france-gastronomie.shop\/cs\/wp-json\/wp\/v2\/product"}],"about":[{"href":"https:\/\/france-gastronomie.shop\/cs\/wp-json\/wp\/v2\/types\/product"}],"replies":[{"embeddable":true,"href":"https:\/\/france-gastronomie.shop\/cs\/wp-json\/wp\/v2\/comments?post=3983"}],"wp:featuredmedia":[{"embeddable":true,"href":"https:\/\/france-gastronomie.shop\/cs\/wp-json\/wp\/v2\/media\/3980"}],"wp:attachment":[{"href":"https:\/\/france-gastronomie.shop\/cs\/wp-json\/wp\/v2\/media?parent=3983"}],"wp:term":[{"taxonomy":"product_brand","embeddable":true,"href":"https:\/\/france-gastronomie.shop\/cs\/wp-json\/wp\/v2\/product_brand?post=3983"},{"taxonomy":"product_cat","embeddable":true,"href":"https:\/\/france-gastronomie.shop\/cs\/wp-json\/wp\/v2\/product_cat?post=3983"},{"taxonomy":"product_tag","embeddable":true,"href":"https:\/\/france-gastronomie.shop\/cs\/wp-json\/wp\/v2\/product_tag?post=3983"}],"curies":[{"name":"wp","href":"https:\/\/api.w.org\/{rel}","templated":true}]}}