{"id":3781,"date":"2020-11-12T08:30:30","date_gmt":"2020-11-12T08:30:30","guid":{"rendered":"https:\/\/france-gastronomie.shop\/produit\/marsannayclos-du-roy\/"},"modified":"2024-01-18T13:04:53","modified_gmt":"2024-01-18T13:04:53","slug":"marsannayclos-du-roy","status":"publish","type":"product","link":"https:\/\/france-gastronomie.shop\/cs\/produit\/marsannayclos-du-roy\/","title":{"rendered":"Marsannay <br\/> Clos du Roy"},"content":{"rendered":"<h5>AOC Marsannay &#8211; Clos du Roy<\/h5>\n<h5>2018<br \/>\nSklize\u0148 z Domaine Ch\u00e2teau de\u00a0Marsannay<\/h5>\n<p>CLIMAT<br \/>\nClos du Roy byl identifikov\u00e1n jako vina\u0159sk\u00e9 CLIMAT od burgundsk\u00fdch v\u00e9vod\u016f ve 13. stolet\u00ed. V\u00edna Clos du Roy byla pod\u00e1v\u00e1na u stol\u016f Ludv\u00edka XIV. a Ludv\u00edka XVI. Tato v\u00edna m\u011bla v\u017edy v\u00fdjime\u010dnou pov\u011bst.<br \/>\nN\u00e1zev CLIMATu: Clos du Roy<br \/>\nPlocha vyu\u017e\u00edvan\u00e1 vina\u0159stv\u00edm: 24 ar\u016f<br \/>\nOdr\u016fda: 100% Pinot Noir<br \/>\nP\u016fda: \u0161t\u011brk vznikl\u00fd fragmentac\u00ed Comblanchiensk\u00e9ho v\u00e1pence<br \/>\nExpozice: jihov\u00fdchod\/v\u00fdchod<br \/>\nUm\u00edst\u011bn\u00ed: dole a uprost\u0159ed svahu<\/p>\n<p>VINIFIKACE A ZR\u00c1N\u00cd<br \/>\nSklize\u0148: ru\u010dn\u00ed, po kter\u00e9 n\u00e1sleduje t\u0159\u00edd\u011bn\u00ed na t\u0159\u00eddic\u00edm stole<br \/>\nVinifikace: po \u00fapln\u00e9m odstran\u011bn\u00ed stopek se bobule vlo\u017e\u00ed do sud\u016f z nerezov\u00e9 oceli s regulovanou teplotou, kter\u00e9 umo\u017e\u0148uj\u00ed dokonalou maceraci Pinot Noir za studena. B\u011bhem fermentace lze prov\u00e9st n\u011bkolik stla\u010dov\u00e1n\u00ed a p\u0159e\u010derp\u00e1v\u00e1n\u00ed.<br \/>\nZr\u00e1n\u00ed: v nov\u00fdch sudech (50%) a v sudech jednou nebo dvakr\u00e1t pou\u017eit\u00fdch, p\u0159edch\u00e1z\u00ed velmi jemn\u00e9 lisov\u00e1n\u00ed<br \/>\nDoba zr\u00e1n\u00ed: 12 m\u011bs\u00edc\u016f v sudech, pot\u00e9 4 m\u011bs\u00edce hromadn\u011b<\/p>\n<p>St\u00e1\u010deno do lahv\u00ed v Ch\u00e2teau Meursault<\/p>\n<p>DEGUSTACE<br \/>\nV\u016fn\u011b s jemn\u00fdmi, lehce ope\u010den\u00fdmi ko\u0159en\u011bn\u00fdmi t\u00f3ny, po nich\u017e n\u00e1sleduj\u00ed \u010derven\u00e9 plody. Na pat\u0159e je u\u0161lechtil\u00e9, pln\u00e9 a poddajn\u00e9, dr\u017een\u00e9 pohromad\u011b elegantn\u00ed strukturou. P\u011bkn\u00e1 d\u00e9lka.<br \/>\nTeplota pod\u00e1v\u00e1n\u00ed: 15\u00b0 &#8211; 17\u00b0 C<br \/>\nM\u016f\u017ee se vyp\u00edt hned nebo uchov\u00e1vat a\u017e 7 let<\/p>\n<p>P\u00e1rov\u00e1n\u00ed j\u00eddla a v\u00edna: s\u00fdr, \u010derven\u00e9 maso, dr\u016fbe\u017e<\/p>\n","protected":false},"excerpt":{"rendered":"<h5>AOC Marsannay &#8211; Clos du Roy<\/h5>\n<h5>2018<br \/>\nSklize\u0148 z Domaine Ch\u00e2teau de\u00a0Marsannay<\/h5>\n<p>Ch\u00e2teau de Marsannay nese jm\u00e9no obce, v n\u00ed\u017e se nach\u00e1z\u00ed. Vlastn\u00ed 28 hektar\u016f v nejlep\u0161\u00edch klimatick\u00fdch oblastech apelace Marsannay.<br \/>\nPanstv\u00ed Ch\u00e2teau de Marsannay m\u00e1 bohat\u00e9 terroiry s pozemky v oblastech Chambertin, Ruchottes-Chambertin, Clos de Vougeot, Echezeaux, Gevrey-Chambertin 1er Cru Bel-Air a Champeaux, Vosne-Roman\u00e9e en Orveaux&#8230;<\/p>\n<p>Odr\u016fda: 100% Pinot Noir<\/p>\n","protected":false},"featured_media":12309,"comment_status":"open","ping_status":"closed","template":"","meta":[],"product_brand":[],"product_cat":[674,383,389,394,420,385,388],"product_tag":[],"class_list":{"0":"post-3781","1":"product","2":"type-product","3":"status-publish","4":"has-post-thumbnail","6":"product_cat-marsannay-2","7":"product_cat-vina","8":"product_cat-spickova-vina","9":"product_cat-regiony","10":"product_cat-bourgogne-cs","11":"product_cat-barva","12":"product_cat-cervena-vina","14":"first","15":"outofstock","16":"taxable","17":"shipping-taxable","18":"purchasable","19":"product-type-simple"},"jetpack_sharing_enabled":true,"_links":{"self":[{"href":"https:\/\/france-gastronomie.shop\/cs\/wp-json\/wp\/v2\/product\/3781","targetHints":{"allow":["GET"]}}],"collection":[{"href":"https:\/\/france-gastronomie.shop\/cs\/wp-json\/wp\/v2\/product"}],"about":[{"href":"https:\/\/france-gastronomie.shop\/cs\/wp-json\/wp\/v2\/types\/product"}],"replies":[{"embeddable":true,"href":"https:\/\/france-gastronomie.shop\/cs\/wp-json\/wp\/v2\/comments?post=3781"}],"wp:featuredmedia":[{"embeddable":true,"href":"https:\/\/france-gastronomie.shop\/cs\/wp-json\/wp\/v2\/media\/12309"}],"wp:attachment":[{"href":"https:\/\/france-gastronomie.shop\/cs\/wp-json\/wp\/v2\/media?parent=3781"}],"wp:term":[{"taxonomy":"product_brand","embeddable":true,"href":"https:\/\/france-gastronomie.shop\/cs\/wp-json\/wp\/v2\/product_brand?post=3781"},{"taxonomy":"product_cat","embeddable":true,"href":"https:\/\/france-gastronomie.shop\/cs\/wp-json\/wp\/v2\/product_cat?post=3781"},{"taxonomy":"product_tag","embeddable":true,"href":"https:\/\/france-gastronomie.shop\/cs\/wp-json\/wp\/v2\/product_tag?post=3781"}],"curies":[{"name":"wp","href":"https:\/\/api.w.org\/{rel}","templated":true}]}}