{"id":3767,"date":"2020-11-12T08:02:01","date_gmt":"2020-11-12T08:02:01","guid":{"rendered":"https:\/\/france-gastronomie.shop\/produit\/marsannayle-boivin\/"},"modified":"2024-05-22T08:47:37","modified_gmt":"2024-05-22T08:47:37","slug":"marsannayle-boivin","status":"publish","type":"product","link":"https:\/\/france-gastronomie.shop\/cs\/produit\/marsannayle-boivin\/","title":{"rendered":"Marsannay <br\/> Le Boivin"},"content":{"rendered":"<h5>AOC Marsannay &#8211; Le Boivin<\/h5>\n<h5>Sklize\u0148 z Domaine Ch\u00e2teau de Marsannay<\/h5>\n<p>CLIMAT<br \/>\nToto CLIMAT nab\u00edz\u00ed velkou geologickou rozmanitost s p\u00e1smy r\u016fzn\u00e9ho ter\u00e9nu, kter\u00e9 se navz\u00e1jem st\u0159\u00eddaj\u00ed odshora dol\u016f.<br \/>\nN\u00e1zev CLIMATu: Le Boivin<br \/>\nPlocha vyu\u017e\u00edvan\u00e1 vina\u0159stv\u00edm: 0,7 ha<br \/>\nOdr\u016fda: 100% Pinot Noir<br \/>\nP\u016fda: j\u00edlovo-v\u00e1penat\u00e1 slo\u017een\u00e1 z v\u00e1pence krinoidov\u00e9ho a Burgundsk\u00e9ho.<br \/>\nExpozice: v\u00fdchod<br \/>\nPoloha: uprost\u0159ed svahu<br \/>\nV Burgundsku slovo CLIMAT znamen\u00e1 \u010d\u00e1st vinice vymezen\u00e9 \u010dlov\u011bkem.<\/p>\n<p>VINIFIKACE A ZR\u00c1N\u00cd<br \/>\nSklize\u0148: ru\u010dn\u00ed, po kter\u00e9 n\u00e1sleduje t\u0159\u00edd\u011bn\u00ed na t\u0159\u00eddic\u00edm stole<br \/>\nVinifikace: cel\u00e9 hrozny jsou um\u00edst\u011bny do sud\u016f z nerezov\u00e9 oceli s regulovanou teplotou, kter\u00e9 umo\u017e\u0148uj\u00ed<br \/>\ndokonalou studenou maceraci Pinot Noir. B\u011bhem kva\u0161en\u00ed lze prov\u00e9st n\u011bkolik stla\u010dov\u00e1n\u00ed a p\u0159e\u010derp\u00e1v\u00e1n\u00ed.<br \/>\nZr\u00e1n\u00ed: v nov\u00fdch sudech (20%) a v sudech jednou nebo dvakr\u00e1t pou\u017eit\u00fdch, p\u0159edch\u00e1z\u00ed velmi jemn\u00e9 lisov\u00e1n\u00ed.<br \/>\nDoba zr\u00e1n\u00ed: 15 m\u011bs\u00edc\u016f v sudech, pot\u00e9 1 m\u011bs\u00edc hromadn\u011b.<\/p>\n<p>St\u00e1\u010deno do lahv\u00ed v Ch\u00e2teau Meursault<\/p>\n<p>DEGUSTACE<br \/>\nJemn\u00e1 a komplexn\u00ed v\u016fn\u011b odhaluj\u00edc\u00ed \u0161k\u00e1lu \u010derven\u00fdch plod\u016f, jako jsou maliny nebo jahody.<br \/>\nNa pat\u0159e se hustota a jemnost spojily a dos\u00e1hly dokonal\u00e9 rovnov\u00e1hy. Je to u\u0161lechtil\u00e9 v\u00edno se sametovou strukturou, podtr\u017eenou vl\u00e1\u010dn\u00fdmi taniny. V\u00edno se d\u00e1 velice dob\u0159e uchov\u00e1vat.<br \/>\nTeplota pod\u00e1v\u00e1n\u00ed: 15\u00b0 &#8211; 17\u00b0 C<br \/>\nM\u016f\u017ee se vyp\u00edt hned, nebo uchov\u00e1vat a\u017e 10 let.<\/p>\n<p>P\u00e1rov\u00e1n\u00ed j\u00eddla a v\u00edna: \u010derven\u00e9 maso, dr\u016fbe\u017e, s\u00fdry<\/p>\n","protected":false},"excerpt":{"rendered":"<h5>AOC Marsannay &#8211; Le Boivin<\/h5>\n<h5>Sklize\u0148 z Domaine Ch\u00e2teau de Marsannay<\/h5>\n<p>Ch\u00e2teau de Marsannay nese jm\u00e9no obce, v n\u00ed\u017e se nach\u00e1z\u00ed. Vlastn\u00ed 28 hektar\u016f v nejlep\u0161\u00edch klimatick\u00fdch oblastech apelace Marsannay.<br \/>\nPanstv\u00ed Ch\u00e2teau de Marsannay m\u00e1 bohat\u00e9 terroiry s pozemky v oblastech Chambertin, Ruchottes-Chambertin, Clos de Vougeot, Echezeaux, Gevrey-Chambertin 1er Cru Bel-Air a Champeaux, Vosne-Roman\u00e9e en Orveaux&#8230;<\/p>\n<p>Odr\u016fda: 100% Pinot Noir<\/p>\n","protected":false},"featured_media":12321,"comment_status":"open","ping_status":"closed","template":"","meta":[],"product_brand":[],"product_cat":[674,383,389,394,420,385,388],"product_tag":[],"class_list":{"0":"post-3767","1":"product","2":"type-product","3":"status-publish","4":"has-post-thumbnail","6":"product_cat-marsannay-2","7":"product_cat-vina","8":"product_cat-spickova-vina","9":"product_cat-regiony","10":"product_cat-bourgogne-cs","11":"product_cat-barva","12":"product_cat-cervena-vina","14":"first","15":"instock","16":"taxable","17":"shipping-taxable","18":"purchasable","19":"product-type-simple"},"jetpack_sharing_enabled":true,"_links":{"self":[{"href":"https:\/\/france-gastronomie.shop\/cs\/wp-json\/wp\/v2\/product\/3767","targetHints":{"allow":["GET"]}}],"collection":[{"href":"https:\/\/france-gastronomie.shop\/cs\/wp-json\/wp\/v2\/product"}],"about":[{"href":"https:\/\/france-gastronomie.shop\/cs\/wp-json\/wp\/v2\/types\/product"}],"replies":[{"embeddable":true,"href":"https:\/\/france-gastronomie.shop\/cs\/wp-json\/wp\/v2\/comments?post=3767"}],"wp:featuredmedia":[{"embeddable":true,"href":"https:\/\/france-gastronomie.shop\/cs\/wp-json\/wp\/v2\/media\/12321"}],"wp:attachment":[{"href":"https:\/\/france-gastronomie.shop\/cs\/wp-json\/wp\/v2\/media?parent=3767"}],"wp:term":[{"taxonomy":"product_brand","embeddable":true,"href":"https:\/\/france-gastronomie.shop\/cs\/wp-json\/wp\/v2\/product_brand?post=3767"},{"taxonomy":"product_cat","embeddable":true,"href":"https:\/\/france-gastronomie.shop\/cs\/wp-json\/wp\/v2\/product_cat?post=3767"},{"taxonomy":"product_tag","embeddable":true,"href":"https:\/\/france-gastronomie.shop\/cs\/wp-json\/wp\/v2\/product_tag?post=3767"}],"curies":[{"name":"wp","href":"https:\/\/api.w.org\/{rel}","templated":true}]}}