{"id":3760,"date":"2020-11-12T07:38:50","date_gmt":"2020-11-12T07:38:50","guid":{"rendered":"https:\/\/france-gastronomie.shop\/produit\/savignyles-beaune\/"},"modified":"2024-05-22T09:25:30","modified_gmt":"2024-05-22T09:25:30","slug":"savignyles-beaune","status":"publish","type":"product","link":"https:\/\/france-gastronomie.shop\/cs\/produit\/savignyles-beaune\/","title":{"rendered":"Savigny-L\u00e9s-Beaune <br\/> Ch. de Meursault"},"content":{"rendered":"<h5>AOC Savigny-L\u00e9s-Beaune<\/h5>\n<h5>Sklize\u0148 z Domaine Ch\u00e2teau de Meursault<\/h5>\n<p>CLIMAT<br \/>\nN\u00e1zev CLIMATu: Les Gollardes, Les Goudelettes<br \/>\nPlocha vyu\u017e\u00edvan\u00e1 vina\u0159stv\u00edm: 3,57 ha<br \/>\nOdr\u016fda: 100% Pinot Noir<br \/>\nP\u016fda: j\u00edlov-v\u00e1pencov\u00e1, kamenit\u00e1<br \/>\nExpozice: jih<br \/>\nPoloha: spodek svahu<br \/>\nV Burgundsku slovo CLIMAT znamen\u00e1 \u010d\u00e1st vinice vymezen\u00e9 \u010dlov\u011bkem.<\/p>\n<p>VINIFIKACE A ZR\u00c1N\u00cd<br \/>\nSklize\u0148: ru\u010dn\u00ed, po kter\u00e9 n\u00e1sleduje ru\u010dn\u00ed t\u0159\u00edd\u011bn\u00ed a optick\u00e9 t\u0159\u00edd\u011bn\u00ed hrozn\u016f<br \/>\nVinifikace: po odstran\u011bn\u00ed stopek se nejzralej\u0161\u00ed a nejzdrav\u011bj\u0161\u00ed bobule um\u00edst\u00ed do k\u00e1d\u00ed na 15 a\u017e 18 dn\u00ed pro studenou maceraci p\u0159ed kva\u0161en\u00edm, pot\u00e9 na 5 a\u017e 6 dn\u00ed pro alkoholov\u00e9 kva\u0161en\u00ed.<br \/>\nTyto f\u00e1ze mohou b\u00fdt p\u0159eru\u0161ov\u00e1ny n\u011bkoliker\u00fdm stla\u010dov\u00e1n\u00edm a p\u0159e\u010derp\u00e1v\u00e1n\u00edm.<br \/>\nZr\u00e1n\u00ed: v nov\u00fdch sudech (30%), v sudech jednou a\u017e dvakr\u00e1t pou\u017eit\u00fdch, zr\u00e1n\u00ed p\u0159edch\u00e1z\u00ed pneumatick\u00e9 lisov\u00e1n\u00ed s odd\u011blov\u00e1n\u00edm \u0161\u0165\u00e1v<br \/>\nDoba zr\u00e1n\u00ed: 15 m\u011bs\u00edc\u016f<\/p>\n<p>St\u00e1\u010deno do lahv\u00ed v Ch\u00e2teau Meursault<\/p>\n<p>DEGUSTACE<br \/>\nV\u016fn\u011b \u010derven\u00e9ho ovoce doprov\u00e1zen\u00e1 n\u00e1znaky l\u00e9ko\u0159ice. S v\u011bkem se \u010dasto objevuj\u00ed \u017eivo\u010di\u0161n\u00e9 t\u00f3ny a t\u00f3ny lesn\u00edho porostu.<br \/>\nRoztaven\u00e9 taniny dopln\u011bn\u00e9 nenucenou ovocnou chut\u00ed tvo\u0159\u00ed elegantn\u00ed a dob\u0159e strukturovan\u00e9 v\u00edno.<br \/>\nTeplota pod\u00e1v\u00e1n\u00ed: 15\u00b0 &#8211; 17\u00b0 C<br \/>\nM\u016f\u017ee se vyp\u00edt hned, nebo uchov\u00e1vat a\u017e 5 let<\/p>\n<p>P\u00e1rov\u00e1n\u00ed j\u00eddla a v\u00edna: dr\u016fbe\u017e, \u010derven\u00e9 maso<\/p>\n","protected":false},"excerpt":{"rendered":"<h5>AOC Savigny-L\u00e9s-Beaune<\/h5>\n<h5>Sklize\u0148 z Domaine Ch\u00e2teau de Meursault<\/h5>\n<p>Ch\u00e2teau de Meursault se nach\u00e1z\u00ed v srdci Burgundska, v C\u00f4te de Beaune, v presti\u017en\u00ed apelaci Meursault, kter\u00e1 je sv\u011btovou referenc\u00ed pro skv\u011bl\u00e1 b\u00edl\u00e1 v\u00edna. Vstoupit do Ch\u00e2teau de Meursault znamen\u00e1 vstoupit do b\u00e1jn\u00e9ho vina\u0159sk\u00e9ho s\u00eddla v Burgundsku, do m\u00edsta op\u0159eden\u00e9ho histori\u00ed, kde m\u016f\u017eete ochutnat v\u00edna &#8222;cru&#8220; z C\u00f4te de Beaune v m\u00edst\u011b s jedine\u010dnou architekturou.<\/p>\n<p>Odr\u016fda: 100% Pinot Noir<\/p>\n","protected":false},"featured_media":12315,"comment_status":"open","ping_status":"closed","template":"","meta":[],"product_brand":[],"product_cat":[671,383,389,394,420,385,388],"product_tag":[],"class_list":{"0":"post-3760","1":"product","2":"type-product","3":"status-publish","4":"has-post-thumbnail","6":"product_cat-savignylesbeaune-2","7":"product_cat-vina","8":"product_cat-spickova-vina","9":"product_cat-regiony","10":"product_cat-bourgogne-cs","11":"product_cat-barva","12":"product_cat-cervena-vina","14":"first","15":"instock","16":"taxable","17":"shipping-taxable","18":"purchasable","19":"product-type-simple"},"jetpack_sharing_enabled":true,"_links":{"self":[{"href":"https:\/\/france-gastronomie.shop\/cs\/wp-json\/wp\/v2\/product\/3760","targetHints":{"allow":["GET"]}}],"collection":[{"href":"https:\/\/france-gastronomie.shop\/cs\/wp-json\/wp\/v2\/product"}],"about":[{"href":"https:\/\/france-gastronomie.shop\/cs\/wp-json\/wp\/v2\/types\/product"}],"replies":[{"embeddable":true,"href":"https:\/\/france-gastronomie.shop\/cs\/wp-json\/wp\/v2\/comments?post=3760"}],"wp:featuredmedia":[{"embeddable":true,"href":"https:\/\/france-gastronomie.shop\/cs\/wp-json\/wp\/v2\/media\/12315"}],"wp:attachment":[{"href":"https:\/\/france-gastronomie.shop\/cs\/wp-json\/wp\/v2\/media?parent=3760"}],"wp:term":[{"taxonomy":"product_brand","embeddable":true,"href":"https:\/\/france-gastronomie.shop\/cs\/wp-json\/wp\/v2\/product_brand?post=3760"},{"taxonomy":"product_cat","embeddable":true,"href":"https:\/\/france-gastronomie.shop\/cs\/wp-json\/wp\/v2\/product_cat?post=3760"},{"taxonomy":"product_tag","embeddable":true,"href":"https:\/\/france-gastronomie.shop\/cs\/wp-json\/wp\/v2\/product_tag?post=3760"}],"curies":[{"name":"wp","href":"https:\/\/api.w.org\/{rel}","templated":true}]}}