{"id":3753,"date":"2020-11-12T07:25:33","date_gmt":"2020-11-12T07:25:33","guid":{"rendered":"https:\/\/france-gastronomie.shop\/produit\/pommard-1er-cruclos-des-epenots\/"},"modified":"2024-05-22T09:23:21","modified_gmt":"2024-05-22T09:23:21","slug":"pommard-1er-cruclos-des-epenots","status":"publish","type":"product","link":"https:\/\/france-gastronomie.shop\/cs\/produit\/pommard-1er-cruclos-des-epenots\/","title":{"rendered":"Pommard 1er Cru <br\/> Clos des Epenots"},"content":{"rendered":"<h5>AOC Pommard 1er Cru &#8211; Clos des Epenots<\/h5>\n<h5>Sklize\u0148 z Domaine Ch\u00e2teau de Meursault<\/h5>\n<p>CLIMAT<br \/>\nD\u00edky sv\u00e9 vysoce \u017eelezit\u00e9 p\u016fd\u011b poskytuje toto \u00fazem\u00ed vysoce kvalitn\u00ed hrozny s jemn\u00fdm aromatem a chut\u00ed t\u011bch nejlep\u0161\u00edch v\u00edn.<br \/>\nN\u00e1zev CLIMATu: Clos des Epenots (Les Petits Epenots)<br \/>\nPlocha vyu\u017e\u00edvan\u00e1 vina\u0159stv\u00edm: 3,6 ha<br \/>\nOdr\u016fda: 100% Pinot Noir<br \/>\nP\u016fda: \u010derven\u00e1 \u017eelezit\u00e1 a \u0161t\u011brkovit\u00e1 p\u016fda nach\u00e1zej\u00edc\u00ed se na star\u00fdch naplavenin\u00e1ch<br \/>\nExpozice: jihov\u00fdchod\/v\u00fdchod<br \/>\nPoloha: \u00fapat\u00ed svahu s m\u00edrn\u00fdm stoup\u00e1n\u00edm<br \/>\nV Burgundsku slovo CLIMAT znamen\u00e1 \u010d\u00e1st vinice vymezen\u00e9 \u010dlov\u011bkem.<\/p>\n<p>VINIFIKACE A ZR\u00c1N\u00cd<br \/>\nSklize\u0148: ru\u010dn\u00ed, n\u00e1sledovan\u00e1 manu\u00e1ln\u00edm t\u0159\u00edd\u011bn\u00edm a optick\u00fdm t\u0159\u00edd\u011bn\u00edm hrozn\u016f<br \/>\nVinifikace: po odstran\u011bn\u00ed stopek se nejzralej\u0161\u00ed a nejzdrav\u011bj\u0161\u00ed bobule d\u00e1vaj\u00ed do k\u00e1d\u00ed na 15 a\u017e 18 dn\u00ed na studenou maceraci p\u0159ed kva\u0161en\u00edm, pot\u00e9 na 5 a\u017e 6 dn\u00ed pro alkoholovou fermentaci.Tyto f\u00e1ze mohou b\u00fdt p\u0159eru\u0161ov\u00e1ny n\u011bkoliker\u00fdm stla\u010dov\u00e1n\u00edm a p\u0159e\u010derp\u00e1v\u00e1n\u00edm.<br \/>\nZr\u00e1n\u00ed: v nov\u00fdch sudech (30%) a v sudech jednou a\u017e dvakr\u00e1t pou\u017eit\u00fdch, zr\u00e1n\u00ed p\u0159edch\u00e1z\u00ed pneumatick\u00e9 lisov\u00e1n\u00ed s odd\u011blov\u00e1n\u00edm \u0161\u0165\u00e1v.<br \/>\nDoba zr\u00e1n\u00ed: 15 a\u017e 18 m\u011bs\u00edc\u016f<\/p>\n<p>St\u00e1\u010deno do lahv\u00ed v Ch\u00e2teau Meursault<\/p>\n<p>DEGUSTACE<br \/>\nNab\u00edz\u00ed kr\u00e1snou aromatickou v\u016fni podtr\u017eenou v\u016fn\u00ed \u010dern\u00fdch bobul\u00ed a ko\u0159en\u00ed. Chu\u0165 je hutn\u00e1, komplexn\u00ed a strukturovan\u00e1, m\u00edch\u00e1 t\u00f3ny \u010dern\u00e9ho ovoce a hedv\u00e1bn\u00fdch tanin\u016f.<br \/>\nTeplota pod\u00e1v\u00e1n\u00ed 15\u00b0 &#8211; 17\u00b0 C<br \/>\nM\u016f\u017ee se vyp\u00edt hned, nebo uchov\u00e1vat a\u017e 15 let<\/p>\n<p>P\u00e1rov\u00e1n\u00ed j\u00eddla a v\u00edna: \u010derven\u00e9 maso, s\u00fdry<\/p>\n","protected":false},"excerpt":{"rendered":"<h5>AOC Pommard 1er Cru &#8211; Clos des Epenots<\/h5>\n<h5>Sklize\u0148 z Domaine Ch\u00e2teau de Meursault<\/h5>\n<p>Ch\u00e2teau de Meursault se nach\u00e1z\u00ed v srdci Burgundska, v C\u00f4te de Beaune, v presti\u017en\u00ed apelaci Meursault, kter\u00e1 je sv\u011btovou referenc\u00ed pro skv\u011bl\u00e1 b\u00edl\u00e1 v\u00edna. Vstoupit do Ch\u00e2teau de Meursault znamen\u00e1 vstoupit do b\u00e1jn\u00e9ho vina\u0159sk\u00e9ho s\u00eddla v Burgundsku, do m\u00edsta op\u0159eden\u00e9ho histori\u00ed, kde m\u016f\u017eete ochutnat v\u00edna &#8222;cru&#8220; z C\u00f4te de Beaune v m\u00edst\u011b s jedine\u010dnou architekturou.<\/p>\n<p>Odr\u016fda: 100% Pinot Noir<\/p>\n","protected":false},"featured_media":12318,"comment_status":"open","ping_status":"closed","template":"","meta":[],"product_brand":[],"product_cat":[383,389,394,420,431,385,388],"product_tag":[],"class_list":{"0":"post-3753","1":"product","2":"type-product","3":"status-publish","4":"has-post-thumbnail","6":"product_cat-vina","7":"product_cat-spickova-vina","8":"product_cat-regiony","9":"product_cat-bourgogne-cs","10":"product_cat-pommard-cs","11":"product_cat-barva","12":"product_cat-cervena-vina","14":"first","15":"outofstock","16":"taxable","17":"shipping-taxable","18":"purchasable","19":"product-type-simple"},"jetpack_sharing_enabled":true,"_links":{"self":[{"href":"https:\/\/france-gastronomie.shop\/cs\/wp-json\/wp\/v2\/product\/3753","targetHints":{"allow":["GET"]}}],"collection":[{"href":"https:\/\/france-gastronomie.shop\/cs\/wp-json\/wp\/v2\/product"}],"about":[{"href":"https:\/\/france-gastronomie.shop\/cs\/wp-json\/wp\/v2\/types\/product"}],"replies":[{"embeddable":true,"href":"https:\/\/france-gastronomie.shop\/cs\/wp-json\/wp\/v2\/comments?post=3753"}],"wp:featuredmedia":[{"embeddable":true,"href":"https:\/\/france-gastronomie.shop\/cs\/wp-json\/wp\/v2\/media\/12318"}],"wp:attachment":[{"href":"https:\/\/france-gastronomie.shop\/cs\/wp-json\/wp\/v2\/media?parent=3753"}],"wp:term":[{"taxonomy":"product_brand","embeddable":true,"href":"https:\/\/france-gastronomie.shop\/cs\/wp-json\/wp\/v2\/product_brand?post=3753"},{"taxonomy":"product_cat","embeddable":true,"href":"https:\/\/france-gastronomie.shop\/cs\/wp-json\/wp\/v2\/product_cat?post=3753"},{"taxonomy":"product_tag","embeddable":true,"href":"https:\/\/france-gastronomie.shop\/cs\/wp-json\/wp\/v2\/product_tag?post=3753"}],"curies":[{"name":"wp","href":"https:\/\/api.w.org\/{rel}","templated":true}]}}