{"id":3725,"date":"2020-11-11T19:16:30","date_gmt":"2020-11-11T19:16:30","guid":{"rendered":"https:\/\/france-gastronomie.shop\/produit\/bourgogneterroire-dexception\/"},"modified":"2024-01-18T13:04:55","modified_gmt":"2024-01-18T13:04:55","slug":"bourgogneterroire-dexception","status":"publish","type":"product","link":"https:\/\/france-gastronomie.shop\/cs\/produit\/bourgogneterroire-dexception\/","title":{"rendered":"Bourgogne <br\/> Terroir d&#8217;exception"},"content":{"rendered":"<h5>AOC Bourgogne &#8211; Terroir d&#8217;exception<\/h5>\n<h5>2018<br \/>\nSklize\u0148 z Domaine Ch\u00e2teau de Meursault<\/h5>\n<p>CLIMAT<br \/>\nTento mal\u00fd pozemek se nach\u00e1z\u00ed v lokalit\u011b Perri\u00e8res a je vinifikov\u00e1n samostatn\u011b.<br \/>\nApelace: Bourgogne<br \/>\nPlocha vyu\u017e\u00edvan\u00e1 vina\u0159stv\u00edm: 0,87 ha<br \/>\nCelkov\u00e1 plocha apelace: 988,68 ha<br \/>\nOdr\u016fda: 100% Chardonnay<br \/>\nP\u016fda: tvrd\u00fd jursk\u00fd v\u00e1penec tvo\u0159en\u00fd v\u00e1pencovou a sl\u00ednovou sut\u00ed<br \/>\nExpozice: na v\u00fdchod<br \/>\nPoloha: uprost\u0159ed svahu na rovin\u011b<br \/>\nV Burgundsku slovo CLIMAT znamen\u00e1 \u010d\u00e1st vinice vymezen\u00e9 \u010dlov\u011bkem.<\/p>\n<p>VINIFIKACE A ZR\u00c1N\u00cd<br \/>\nN\u00e1\u0161 sklepmistr pe\u010dliv\u011b sleduje, aby bylo dosa\u017eeno bohatosti, komplexnosti a vyv\u00e1\u017eenosti dle charakteristik ka\u017ed\u00e9ho ro\u010dn\u00edku<br \/>\nSklize\u0148: ru\u010dn\u00ed, n\u00e1sledovan\u00e1 t\u0159\u00edd\u011bn\u00edm hrozn\u016f<br \/>\nVinifikace: po statick\u00e9m usazen\u00ed se mo\u0161ty nalij\u00ed do dubov\u00fdch sud\u016f, aby se zah\u00e1jilo jejich alkoholov\u00e9 kva\u0161en\u00ed.<br \/>\nZr\u00e1n\u00ed: na jemn\u00fdch kalech v nov\u00fdch dubov\u00fdch sudech (30%) a v dubov\u00fdch sudech jednou a\u017e dvakr\u00e1t pou\u017eit\u00fdch<br \/>\nDoba zr\u00e1n\u00ed: 12 a\u017e 15 m\u011bs\u00edc\u016f<\/p>\n<p>St\u00e1\u010deno do lahv\u00ed v Ch\u00e2teau Meursault<\/p>\n<p>DEGUSTACE<br \/>\nToto burgundsk\u00e9 v\u00edno m\u00e1 matn\u011b zlatou barvu. Nechte se zl\u00e1kat jeho v\u016fn\u00ed s citronov\u00fdmi a vanilkov\u00fdmi t\u00f3ny a jeho sv\u011b\u017e\u00ed a vyv\u00e1\u017eenou chut\u00ed.<br \/>\nTeplota pod\u00e1v\u00e1n\u00ed: 12\u00b0 &#8211; 14\u00b0 C<br \/>\nM\u016f\u017ee se vyp\u00edt hned, nebo uchov\u00e1vat a\u017e 7 let<\/p>\n<p>P\u00e1rov\u00e1n\u00ed j\u00eddla a v\u00edna: ryby, kor\u00fd\u0161i, dr\u016fbe\u017e<\/p>\n","protected":false},"excerpt":{"rendered":"<h5>AOC Bourgogne &#8211; Terroir d&#8217;exception<\/h5>\n<h5>2018<br \/>\nSklize\u0148 z Domaine Ch\u00e2teau de Meursault<\/h5>\n<p>Ch\u00e2teau de Meursault se nach\u00e1z\u00ed v srdci Burgundska, v C\u00f4te de Beaune, v presti\u017en\u00ed apelaci Meursault, kter\u00e1 je sv\u011btovou referenc\u00ed pro skv\u011bl\u00e1 b\u00edl\u00e1 v\u00edna. Vstoupit do Ch\u00e2teau de Meursault znamen\u00e1 vstoupit do b\u00e1jn\u00e9ho vina\u0159sk\u00e9ho s\u00eddla v Burgundsku, do m\u00edsta op\u0159eden\u00e9ho histori\u00ed, kde m\u016f\u017eete ochutnat v\u00edna &#8222;cru&#8220; z C\u00f4te de Beaune v m\u00edst\u011b s jedine\u010dnou architekturou.<\/p>\n<p>Odr\u016fda: 100% Chardonnay<\/p>\n","protected":false},"featured_media":12294,"comment_status":"open","ping_status":"closed","template":"","meta":[],"product_brand":[],"product_cat":[383,394,420,429,385,386],"product_tag":[],"class_list":{"0":"post-3725","1":"product","2":"type-product","3":"status-publish","4":"has-post-thumbnail","6":"product_cat-vina","7":"product_cat-regiony","8":"product_cat-bourgogne-cs","9":"product_cat-meursault-cs","10":"product_cat-barva","11":"product_cat-bila-vina","13":"first","14":"instock","15":"taxable","16":"shipping-taxable","17":"purchasable","18":"product-type-simple"},"jetpack_sharing_enabled":true,"_links":{"self":[{"href":"https:\/\/france-gastronomie.shop\/cs\/wp-json\/wp\/v2\/product\/3725","targetHints":{"allow":["GET"]}}],"collection":[{"href":"https:\/\/france-gastronomie.shop\/cs\/wp-json\/wp\/v2\/product"}],"about":[{"href":"https:\/\/france-gastronomie.shop\/cs\/wp-json\/wp\/v2\/types\/product"}],"replies":[{"embeddable":true,"href":"https:\/\/france-gastronomie.shop\/cs\/wp-json\/wp\/v2\/comments?post=3725"}],"wp:featuredmedia":[{"embeddable":true,"href":"https:\/\/france-gastronomie.shop\/cs\/wp-json\/wp\/v2\/media\/12294"}],"wp:attachment":[{"href":"https:\/\/france-gastronomie.shop\/cs\/wp-json\/wp\/v2\/media?parent=3725"}],"wp:term":[{"taxonomy":"product_brand","embeddable":true,"href":"https:\/\/france-gastronomie.shop\/cs\/wp-json\/wp\/v2\/product_brand?post=3725"},{"taxonomy":"product_cat","embeddable":true,"href":"https:\/\/france-gastronomie.shop\/cs\/wp-json\/wp\/v2\/product_cat?post=3725"},{"taxonomy":"product_tag","embeddable":true,"href":"https:\/\/france-gastronomie.shop\/cs\/wp-json\/wp\/v2\/product_tag?post=3725"}],"curies":[{"name":"wp","href":"https:\/\/api.w.org\/{rel}","templated":true}]}}