{"id":3718,"date":"2020-11-11T19:01:30","date_gmt":"2020-11-11T19:01:30","guid":{"rendered":"https:\/\/france-gastronomie.shop\/produit\/bourgogneclos-du-chateau\/"},"modified":"2024-05-13T10:19:34","modified_gmt":"2024-05-13T10:19:34","slug":"bourgogneclos-du-chateau","status":"publish","type":"product","link":"https:\/\/france-gastronomie.shop\/cs\/produit\/bourgogneclos-du-chateau\/","title":{"rendered":"Bourgogne <br\/> Clos du Ch\u00e2teau"},"content":{"rendered":"<h5>AOC Bourgogne &#8211; Clos du Ch\u00e2teau<\/h5>\n<h5>Sklize\u0148 z Domaine Ch\u00e2teau de Meursault<\/h5>\n<p>CLIMAT<br \/>\nP\u0159ednost\u00ed Clos je, \u017ee poch\u00e1z\u00ed ze \u010dty\u0159 pozemk\u016f, kter\u00e9 se nach\u00e1zej\u00ed v are\u00e1lu z\u00e1mku. Je skute\u010dn\u00fdm velvyslancem panstv\u00ed, toto v\u00edno se vinifikuje a zraje jako na\u0161e nejlep\u0161\u00ed Premier Cru.<br \/>\nApelace: Bourgogne<br \/>\nPlocha vyu\u017e\u00edvan\u00e1 vina\u0159stv\u00edm: 7,5 ha obd\u011bl\u00e1van\u00e9ho ekologickou strategi\u00ed od roku 2017<br \/>\nCelkov\u00e1 plocha apelace: 988 ha a 68 ar\u016f<br \/>\nOdr\u016fda: 100% Chardonnay<br \/>\nP\u016fda: j\u00edlovo-v\u00e1pencov\u00e1, \u0161t\u011brkovit\u00e1<br \/>\nExpozice: na v\u00fdchod<br \/>\nPoloha: na rovin\u011b, v parku Ch\u00e2teau de Meursault<br \/>\nV Burgundsku slovo CLIMAT znamen\u00e1 \u010d\u00e1st vinice vymezen\u00e9 \u010dlov\u011bkem.<\/p>\n<p>VINIFIKACE A ZR\u00c1N\u00cd<br \/>\nPo sklizni n\u00e1sleduje pomal\u00e9 a postupn\u00e9 lisov\u00e1n\u00ed, kter\u00e9 umo\u017e\u0148uje v\u00fdb\u011br pouze t\u00e9 nejlep\u0161\u00ed \u0161\u0165\u00e1vy.<br \/>\nVinifikace: po statick\u00e9m usazen\u00ed se mo\u0161ty vlo\u017e\u00ed do dubov\u00fdch sud\u016f, aby se zah\u00e1jilo jejich alkoholov\u00e9 kva\u0161en\u00ed.<br \/>\nZr\u00e1n\u00ed: na jemn\u00fdch kalech v nov\u00fdch dubov\u00fdch sudech (20%), v dubov\u00fdch sudech jednou a\u017e dvakr\u00e1t pou\u017eit\u00fdch<br \/>\na v nerezov\u00fdch k\u00e1d\u00edch.<br \/>\nDoba zr\u00e1n\u00ed: 15 m\u011bs\u00edc\u016f<\/p>\n<p>St\u00e1\u010deno do lahv\u00ed v Ch\u00e2teau Meursault<\/p>\n<p>DEGUSTACE<br \/>\nGurm\u00e1nsk\u00e1 v\u016fn\u011b \u017elut\u00e9ho ovoce s ko\u0159en\u011bn\u00fdmi a ope\u010den\u00fdmi t\u00f3ny.<br \/>\nTeplota pod\u00e1v\u00e1n\u00ed 12\u00b0 &#8211; 14\u00b0 C.<br \/>\nM\u016f\u017ee se vyp\u00edt hned, nebo uchov\u00e1vat a\u017e 7 let<\/p>\n<p>P\u00e1rov\u00e1n\u00ed j\u00eddla a v\u00edna: ryby, kor\u00fd\u0161i, dr\u016fbe\u017e<\/p>\n","protected":false},"excerpt":{"rendered":"<h5>AOC Bourgogne &#8211; Clos du Ch\u00e2teau<\/h5>\n<h5>Sklize\u0148 z Domaine Ch\u00e2teau de Meursault<\/h5>\n<p>Ch\u00e2teau de Meursault se nach\u00e1z\u00ed v srdci Burgundska, v C\u00f4te de Beaune, v presti\u017en\u00ed apelaci Meursault, kter\u00e1 je sv\u011btovou referenc\u00ed pro skv\u011bl\u00e1 b\u00edl\u00e1 v\u00edna. Vstoupit do Ch\u00e2teau de Meursault znamen\u00e1 vstoupit do b\u00e1jn\u00e9ho vina\u0159sk\u00e9ho s\u00eddla v Burgundsku, do m\u00edsta op\u0159eden\u00e9ho histori\u00ed, kde m\u016f\u017eete ochutnat v\u00edna &#8222;cru&#8220; z C\u00f4te de Beaune v m\u00edst\u011b s jedine\u010dnou architekturou.<\/p>\n<p>Odr\u016fda: 100% Chardonnay<\/p>\n","protected":false},"featured_media":12291,"comment_status":"open","ping_status":"closed","template":"","meta":[],"product_brand":[],"product_cat":[383,389,394,420,423,385,386],"product_tag":[],"class_list":{"0":"post-3718","1":"product","2":"type-product","3":"status-publish","4":"has-post-thumbnail","6":"product_cat-vina","7":"product_cat-spickova-vina","8":"product_cat-regiony","9":"product_cat-bourgogne-cs","10":"product_cat-bourgogne-cs-2","11":"product_cat-barva","12":"product_cat-bila-vina","14":"first","15":"instock","16":"taxable","17":"shipping-taxable","18":"purchasable","19":"product-type-simple"},"jetpack_sharing_enabled":true,"_links":{"self":[{"href":"https:\/\/france-gastronomie.shop\/cs\/wp-json\/wp\/v2\/product\/3718","targetHints":{"allow":["GET"]}}],"collection":[{"href":"https:\/\/france-gastronomie.shop\/cs\/wp-json\/wp\/v2\/product"}],"about":[{"href":"https:\/\/france-gastronomie.shop\/cs\/wp-json\/wp\/v2\/types\/product"}],"replies":[{"embeddable":true,"href":"https:\/\/france-gastronomie.shop\/cs\/wp-json\/wp\/v2\/comments?post=3718"}],"wp:featuredmedia":[{"embeddable":true,"href":"https:\/\/france-gastronomie.shop\/cs\/wp-json\/wp\/v2\/media\/12291"}],"wp:attachment":[{"href":"https:\/\/france-gastronomie.shop\/cs\/wp-json\/wp\/v2\/media?parent=3718"}],"wp:term":[{"taxonomy":"product_brand","embeddable":true,"href":"https:\/\/france-gastronomie.shop\/cs\/wp-json\/wp\/v2\/product_brand?post=3718"},{"taxonomy":"product_cat","embeddable":true,"href":"https:\/\/france-gastronomie.shop\/cs\/wp-json\/wp\/v2\/product_cat?post=3718"},{"taxonomy":"product_tag","embeddable":true,"href":"https:\/\/france-gastronomie.shop\/cs\/wp-json\/wp\/v2\/product_tag?post=3718"}],"curies":[{"name":"wp","href":"https:\/\/api.w.org\/{rel}","templated":true}]}}