{"id":3662,"date":"2020-11-09T11:31:56","date_gmt":"2020-11-09T11:31:56","guid":{"rendered":"https:\/\/france-gastronomie.shop\/produit\/broskvovy-dzem\/"},"modified":"2025-12-22T06:54:32","modified_gmt":"2025-12-22T05:54:32","slug":"broskvovy-dzem","status":"publish","type":"product","link":"https:\/\/france-gastronomie.shop\/cs\/produit\/broskvovy-dzem\/","title":{"rendered":"Broskve <br\/> d\u017eem"},"content":{"rendered":"<h5>Broskvov\u00fd d\u017eem BIO<\/h5>\n<h5>BIOLOKLOCK<\/h5>\n<p>N\u00e1\u0161 d\u017eem, vyroben\u00fd z lahodn\u00fdch francouzsk\u00fdch broskv\u00ed pol\u00edben\u00fdch sluncem v\u00e1s p\u0159ekvap\u00ed sv\u00fdmi rozmanit\u00fdmi chut\u011bmi.<\/p>\n<p>Sladk\u00fd a vo\u0148av\u00fd, tento d\u017eem je k dispozici ve 230 g recyklovateln\u00fdch sklenic\u00edch.<br \/>\nIde\u00e1ln\u00ed kdykoli b\u011bhem dne, bude va\u0161\u00edm spole\u010dn\u00edkem p\u0159i sn\u00eddani na chlebu s m\u00e1slem, p\u0159i sva\u010din\u011b ve va\u0161em jogurtu, a u ve\u010de\u0159e v pala\u010dince.<br \/>\nV\u0161echny na\u0161e d\u017eemy jsou p\u0159ipravov\u00e1ny postaru, v mal\u00e9m mno\u017estv\u00ed, nad\u0161enci ekologick\u00e9ho zem\u011bd\u011blstv\u00ed, respektu k \u017eivotn\u00edmu prost\u0159ed\u00ed a zdrav\u00ed; rodinn\u00e9 d\u011bdictv\u00ed je p\u0159ed\u00e1van\u00e9 z generace na generaci.<\/p>\n<p>V\u00fdhody<br \/>\nB\u00edl\u00e1, \u017elut\u00e1, \u010derven\u00e1, broskev m\u00e1 obzvl\u00e1\u0161t\u011b aromatickou chu\u0165. Jej\u00ed ctnosti jsou nespo\u010detn\u00e9: osv\u011b\u017euj\u00edc\u00ed, za\u017e\u00edvac\u00ed, energick\u00e9, remineralizuj\u00edc\u00ed &#8230;<br \/>\n(Tyto ctnosti, kter\u00e9 se p\u0159ipisuj\u00ed ka\u017ed\u00e9mu z t\u011bchto druh\u016f ovoce, jsou uzn\u00e1v\u00e1ny po cel\u00e9 generace, ale nemohou nahradit l\u00e9\u010dbu p\u0159edepsanou zdravotn\u00edkem).<br \/>\nZd\u00e1 se, \u017ee broskev byla jedn\u00edm z nejobl\u00edben\u011bj\u0161\u00edch plod\u016f kr\u00e1le Ludv\u00edka XIV. Jeho ovocn\u00e9 zahrady ve Versailles obsahovaly 33 r\u016fzn\u00fdch druh\u016f broskv\u00ed. V taoistick\u00e9 tradici je broskev symbolem nesmrtelnosti.<\/p>\n<p>Slo\u017een\u00ed<br \/>\nBroskve * 64,1%, sv\u011btl\u00fd t\u0159tinov\u00fd cukr (fair-trade)* 35,9%. * Ingredience z ekologick\u00e9ho zem\u011bd\u011blstv\u00ed.<br \/>\nP\u0159id\u00e1v\u00e1me pouze nezbytn\u00fd BIO cukr po\u017eadovan\u00fd francouzsk\u00fdmi pr\u00e1vn\u00edmi p\u0159edpisy, tj. alespo\u0148 55% celkov\u00e9ho cukru (v\u010detn\u011b ovocn\u00e9ho cukru).<br \/>\nV jin\u00e9m p\u0159\u00edpad\u011b se nejedn\u00e1 o d\u017eem.<br \/>\nV\u011bt\u0161inu d\u017eem\u016f p\u0159ipravujeme s maximem ovoce: 55 &#8211; 65%. \u017d\u00e1dn\u00fd pektin. \u017d\u00e1dn\u00e1 \u017eelatina\u010dn\u00ed p\u0159\u00edsada. \u017d\u00e1dn\u00e9 jin\u00e9 p\u0159\u00edsady.<br \/>\nN\u00e1\u0161 broskvov\u00fd d\u017eem je p\u0159ipraven z 64,1 g ovoce na 100 g hotov\u00e9ho produktu. Celkov\u00fd obsah cukru cca. 56 g &#8211; 100 g.<br \/>\nI p\u0159es na\u0161i maxim\u00e1ln\u00ed snahu m\u016f\u017ee tento v\u00fdrobek obsahovat pecky nebo jejich kousky.<\/p>\n<p>Skladov\u00e1n\u00ed<br \/>\nPo otev\u0159en\u00ed uchov\u00e1vejte v chladu.<\/p>\n<p>Nutri\u010dn\u00ed hodnoty<\/p>\n<table width=\"322\">\n<tbody>\n<tr>\n<td width=\"180\">Energie (kcal)<\/td>\n<td width=\"142\">238<\/td>\n<\/tr>\n<tr>\n<td width=\"180\">Energie (kJ)<\/td>\n<td>1010,2<\/td>\n<\/tr>\n<tr>\n<td width=\"180\">Tuky<\/td>\n<td>0,2g<\/td>\n<\/tr>\n<tr>\n<td width=\"180\">nasycen\u00e9 mastn\u00e9 kyseliny<\/td>\n<td>0g<\/td>\n<\/tr>\n<tr>\n<td width=\"180\">Sacharidy<\/td>\n<td>56g<\/td>\n<\/tr>\n<tr>\n<td width=\"180\">z toho cukry<\/td>\n<td>55,3g<\/td>\n<\/tr>\n<tr>\n<td width=\"180\">Vl\u00e1knina<\/td>\n<td>1,4g<\/td>\n<\/tr>\n<tr>\n<td width=\"180\">Proteiny<\/td>\n<td>0,9g<\/td>\n<\/tr>\n<tr>\n<td width=\"180\">S\u016fl<\/td>\n<td>0g<\/td>\n<\/tr>\n<\/tbody>\n<\/table>\n","protected":false},"excerpt":{"rendered":"<h5>BIOLOKLOCK<\/h5>\n<p>Bioloklock je rodinn\u00e1 \u0159emesln\u00e1 firma, jej\u00ed\u017e kvalitn\u00ed produkty jsou v\u00fdsledkem dlouhodob\u00e9ho zapojen\u00ed rodiny do ekologick\u00e9ho zem\u011bd\u011blstv\u00ed, a to ji\u017e od po\u010d\u00e1tku 60. let.<\/p>\n","protected":false},"featured_media":3659,"comment_status":"open","ping_status":"closed","template":"","meta":[],"product_brand":[],"product_cat":[585,441,384],"product_tag":[],"class_list":{"0":"post-3662","1":"product","2":"type-product","3":"status-publish","4":"has-post-thumbnail","6":"product_cat-dzemy","7":"product_cat-potraviny","8":"product_cat-bio-cs","10":"first","11":"instock","12":"taxable","13":"shipping-taxable","14":"purchasable","15":"product-type-simple"},"jetpack_sharing_enabled":true,"_links":{"self":[{"href":"https:\/\/france-gastronomie.shop\/cs\/wp-json\/wp\/v2\/product\/3662","targetHints":{"allow":["GET"]}}],"collection":[{"href":"https:\/\/france-gastronomie.shop\/cs\/wp-json\/wp\/v2\/product"}],"about":[{"href":"https:\/\/france-gastronomie.shop\/cs\/wp-json\/wp\/v2\/types\/product"}],"replies":[{"embeddable":true,"href":"https:\/\/france-gastronomie.shop\/cs\/wp-json\/wp\/v2\/comments?post=3662"}],"wp:featuredmedia":[{"embeddable":true,"href":"https:\/\/france-gastronomie.shop\/cs\/wp-json\/wp\/v2\/media\/3659"}],"wp:attachment":[{"href":"https:\/\/france-gastronomie.shop\/cs\/wp-json\/wp\/v2\/media?parent=3662"}],"wp:term":[{"taxonomy":"product_brand","embeddable":true,"href":"https:\/\/france-gastronomie.shop\/cs\/wp-json\/wp\/v2\/product_brand?post=3662"},{"taxonomy":"product_cat","embeddable":true,"href":"https:\/\/france-gastronomie.shop\/cs\/wp-json\/wp\/v2\/product_cat?post=3662"},{"taxonomy":"product_tag","embeddable":true,"href":"https:\/\/france-gastronomie.shop\/cs\/wp-json\/wp\/v2\/product_tag?post=3662"}],"curies":[{"name":"wp","href":"https:\/\/api.w.org\/{rel}","templated":true}]}}