{"id":3638,"date":"2020-11-09T10:22:21","date_gmt":"2020-11-09T10:22:21","guid":{"rendered":"https:\/\/france-gastronomie.shop\/produit\/dzem-z-kdouli\/"},"modified":"2025-02-06T12:19:21","modified_gmt":"2025-02-06T12:19:21","slug":"dzem-z-kdouli","status":"publish","type":"product","link":"https:\/\/france-gastronomie.shop\/cs\/produit\/dzem-z-kdouli\/","title":{"rendered":"Kdoule <br\/> d\u017eem"},"content":{"rendered":"<h5>D\u017eem z kdoul\u00ed BIO<\/h5>\n<h5>BIOLOKLOCK<\/h5>\n<p>N\u00e1\u0161 d\u017eem s lahodn\u00fdmi francouzsk\u00fdmi kdoulemi v\u00e1s p\u0159ekvap\u00ed svou origin\u00e1ln\u00ed chut\u00ed.<\/p>\n<p>Tento kr\u00e9mov\u00fd d\u017eem z BIO kdoule je k dispozici ve 230 g recyklovateln\u00e9 sklenici.<br \/>\nKrom\u011b toho, \u017ee v\u00e1s pot\u011b\u0161\u00ed p\u0159i sn\u00eddani nebo b\u011bhem va\u0161ich labu\u017enick\u00fdch p\u0159est\u00e1vek, dod\u00e1 origin\u00e1ln\u00ed n\u00e1dech n\u011bkter\u00fdm va\u0161im slan\u00fdm pokrm\u016fm.<br \/>\nHod\u00ed se velmi dob\u0159e nap\u0159\u00edklad k foie gras, Roquefortu a Bleu d&#8217;Auvergne.<br \/>\nV\u0161echny na\u0161e d\u017eemy jsou p\u0159ipravov\u00e1ny postaru, v mal\u00e9m mno\u017estv\u00ed, nad\u0161enci ekologick\u00e9ho zem\u011bd\u011blstv\u00ed, respektu k \u017eivotn\u00edmu prost\u0159ed\u00ed a zdrav\u00ed; rodinn\u00e9 d\u011bdictv\u00ed je p\u0159ed\u00e1van\u00e9 z generace na generaci.<\/p>\n<p>V\u00fdhody<br \/>\nV na\u0161em BIO kdoulov\u00e9m d\u017eemu objev\u00edte jedine\u010dnou chu\u0165 tohoto ovoce. Kdoule maj\u00ed p\u0159\u00edzniv\u00fd a ochrann\u00fd \u00fa\u010dinek na tlust\u00e9 st\u0159evo a kone\u010dn\u00edk.<br \/>\nJsou zn\u00e1m\u00e9 jejich protipr\u016fjmov\u00e9 vlastnosti a jejich t\u0159\u00edsloviny chr\u00e1n\u00ed st\u0159evn\u00ed sliznici. (Tyto ctnosti, kter\u00e9 se p\u0159ipisuj\u00ed ka\u017ed\u00e9mu z t\u011bchto druh\u016f ovoce, jsou uzn\u00e1v\u00e1ny po cel\u00e9 generace, ale nemohou nahradit l\u00e9\u010dbu p\u0159edepsanou zdravotn\u00edkem).<br \/>\nKdoulov\u00fd d\u017eem je jedn\u00edm ze t\u0159in\u00e1cti dezert\u016f velk\u00e9 provens\u00e1lsk\u00e9 v\u00e1no\u010dn\u00ed ve\u010de\u0159e.<\/p>\n<p>Slo\u017een\u00ed<br \/>\nKdoule * 54,1%, sv\u011btl\u00fd t\u0159tinov\u00fd cukr (fair-trade)*\u00a045,9%. * Ingredience z ekologick\u00e9ho zem\u011bd\u011blstv\u00ed.<br \/>\nP\u0159id\u00e1v\u00e1me pouze nezbytn\u00fd BIO cukr po\u017eadovan\u00fd francouzsk\u00fdmi pr\u00e1vn\u00edmi p\u0159edpisy, tj. alespo\u0148 55% celkov\u00e9ho cukru (v\u010detn\u011b ovocn\u00e9ho cukru).<br \/>\nV jin\u00e9m p\u0159\u00edpad\u011b se nejedn\u00e1 o d\u017eem. V\u011bt\u0161inu d\u017eem\u016f p\u0159ipravujeme s maximem ovoce: 55 &#8211; 65%. \u017d\u00e1dn\u00fd pektin. \u017d\u00e1dn\u00e1 \u017eelatina\u010dn\u00ed p\u0159\u00edsada. \u017d\u00e1dn\u00e9 jin\u00e9 p\u0159\u00edsady.<br \/>\nN\u00e1\u0161 kdoulov\u00ed d\u017eem je p\u0159ipraven z 54,1 g ovoce na 100 g hotov\u00e9ho produktu. Celkov\u00fd obsah cukru cca. 57 g &#8211; 100 g.<\/p>\n<p>Skladov\u00e1n\u00ed<br \/>\nPo otev\u0159en\u00ed uchov\u00e1vejte v chladu.<\/p>\n<p>Nutri\u010dn\u00ed hodnoty<\/p>\n<table width=\"322\">\n<tbody>\n<tr>\n<td width=\"180\">Energie (kcal)<\/td>\n<td width=\"142\">229,4<\/td>\n<\/tr>\n<tr>\n<td width=\"180\">Energie (kJ)<\/td>\n<td>973,9<\/td>\n<\/tr>\n<tr>\n<td width=\"180\">Tuky<\/td>\n<td>0,1g<\/td>\n<\/tr>\n<tr>\n<td width=\"180\">nasycen\u00e9 mastn\u00e9 kyseliny<\/td>\n<td>0,0g<\/td>\n<\/tr>\n<tr>\n<td width=\"180\">Sacharidy<\/td>\n<td>57g<\/td>\n<\/tr>\n<tr>\n<td width=\"180\">z toho cukry<\/td>\n<td>52,9g<\/td>\n<\/tr>\n<tr>\n<td width=\"180\">Vl\u00e1knina<\/td>\n<td>1,1g<\/td>\n<\/tr>\n<tr>\n<td width=\"180\">Proteiny<\/td>\n<td>0,3g<\/td>\n<\/tr>\n<tr>\n<td width=\"180\">S\u016fl<\/td>\n<td>0g<\/td>\n<\/tr>\n<\/tbody>\n<\/table>\n","protected":false},"excerpt":{"rendered":"<h5>BIOLOKLOCK<\/h5>\n<p>Bioloklock je rodinn\u00e1 \u0159emesln\u00e1 firma, jej\u00ed\u017e kvalitn\u00ed produkty jsou v\u00fdsledkem dlouhodob\u00e9ho zapojen\u00ed rodiny do ekologick\u00e9ho zem\u011bd\u011blstv\u00ed, a to ji\u017e od po\u010d\u00e1tku 60. let.<\/p>\n","protected":false},"featured_media":3635,"comment_status":"open","ping_status":"closed","template":"","meta":[],"product_brand":[],"product_cat":[585,441,384],"product_tag":[],"class_list":{"0":"post-3638","1":"product","2":"type-product","3":"status-publish","4":"has-post-thumbnail","6":"product_cat-dzemy","7":"product_cat-potraviny","8":"product_cat-bio-cs","10":"first","11":"outofstock","12":"taxable","13":"shipping-taxable","14":"purchasable","15":"product-type-simple"},"jetpack_sharing_enabled":true,"_links":{"self":[{"href":"https:\/\/france-gastronomie.shop\/cs\/wp-json\/wp\/v2\/product\/3638","targetHints":{"allow":["GET"]}}],"collection":[{"href":"https:\/\/france-gastronomie.shop\/cs\/wp-json\/wp\/v2\/product"}],"about":[{"href":"https:\/\/france-gastronomie.shop\/cs\/wp-json\/wp\/v2\/types\/product"}],"replies":[{"embeddable":true,"href":"https:\/\/france-gastronomie.shop\/cs\/wp-json\/wp\/v2\/comments?post=3638"}],"wp:featuredmedia":[{"embeddable":true,"href":"https:\/\/france-gastronomie.shop\/cs\/wp-json\/wp\/v2\/media\/3635"}],"wp:attachment":[{"href":"https:\/\/france-gastronomie.shop\/cs\/wp-json\/wp\/v2\/media?parent=3638"}],"wp:term":[{"taxonomy":"product_brand","embeddable":true,"href":"https:\/\/france-gastronomie.shop\/cs\/wp-json\/wp\/v2\/product_brand?post=3638"},{"taxonomy":"product_cat","embeddable":true,"href":"https:\/\/france-gastronomie.shop\/cs\/wp-json\/wp\/v2\/product_cat?post=3638"},{"taxonomy":"product_tag","embeddable":true,"href":"https:\/\/france-gastronomie.shop\/cs\/wp-json\/wp\/v2\/product_tag?post=3638"}],"curies":[{"name":"wp","href":"https:\/\/api.w.org\/{rel}","templated":true}]}}