{"id":3525,"date":"2020-11-04T08:38:24","date_gmt":"2020-11-04T08:38:24","guid":{"rendered":"https:\/\/france-gastronomie.shop\/produit\/hruskovy-dzem\/"},"modified":"2025-06-16T08:04:23","modified_gmt":"2025-06-16T08:04:23","slug":"hruskovy-dzem","status":"publish","type":"product","link":"https:\/\/france-gastronomie.shop\/cs\/produit\/hruskovy-dzem\/","title":{"rendered":"Hru\u0161ky <br\/> d\u017eem"},"content":{"rendered":"<h5>Hru\u0161kov\u00fd d\u017eem BIO<\/h5>\n<h5>BIOLOKLOCK<\/h5>\n<p>P\u0159ipraven\u00fd s francouzsk\u00fdmi hru\u0161kami Williams, n\u00e1\u0161 d\u017eem v\u00e1s pot\u011b\u0161\u00ed sv\u00fdmi chutn\u00fdmi kousky a jemnou texturou.<\/p>\n<p>N\u00e1\u0161 BIO hru\u0161kov\u00fd d\u017eem je k dispozici v recyklovateln\u00e9 sklenici o 230 g.<br \/>\nJeho lahodnost ocen\u00edte kdykoli b\u011bhem dne: bude va\u0161\u00edm spole\u010dn\u00edkem p\u0159i sn\u00eddani na chlebu s m\u00e1slem, na sva\u010dinku v jogurtech, na ve\u010de\u0159i v pala\u010dince&#8230;<br \/>\nV\u0161echny na\u0161e d\u017eemy jsou p\u0159ipravov\u00e1ny postaru, v mal\u00e9m mno\u017estv\u00ed, nad\u0161enci ekologick\u00e9ho zem\u011bd\u011blstv\u00ed, respektu k \u017eivotn\u00edmu prost\u0159ed\u00ed a zdrav\u00ed; rodinn\u00e9 d\u011bdictv\u00ed je p\u0159ed\u00e1van\u00e9 z generace na generaci.<\/p>\n<p>V\u00fdhody<br \/>\nHru\u0161ka Williams je zvl\u00e1\u0161t\u011b vo\u0148av\u00e1 hru\u0161ka. Jej\u00ed kousky si m\u016f\u017eete vychutnat v na\u0161em kr\u00e9mov\u00e9m d\u017eemu.<br \/>\nHru\u0161ka je vynikaj\u00edc\u00edm zdrojem vl\u00e1kniny, antioxidant\u016f, vitam\u00edn\u016f. (Tyto ctnosti, kter\u00e9 se p\u0159ipisuj\u00ed ka\u017ed\u00e9mu z t\u011bchto druh\u016f ovoce, jsou uzn\u00e1v\u00e1ny po cel\u00e9 generace, ale nemohou nahradit l\u00e9\u010dbu p\u0159edepsanou\u00a0 zdravotn\u00edkem).<br \/>\nTradice \u0159\u00edk\u00e1, \u017ee panovn\u00edci, kte\u0159\u00ed p\u0159ich\u00e1zeli, aby byli vysv\u011bceni v Reme\u0161sk\u00e9 katedr\u00e1le, dostali jako dar hru\u0161ku a sklenku \u0161ampa\u0148sk\u00e9ho.<\/p>\n<p>Slo\u017een\u00ed<br \/>\nHru\u0161ky Williams * 62,5%, sv\u011btl\u00fd t\u0159tinov\u00fd cukr (fair-trade)* 37,5%. * Ingredience z ekologick\u00e9ho zem\u011bd\u011blstv\u00ed.<br \/>\nP\u0159id\u00e1v\u00e1me pouze nezbytn\u00fd BIO cukr po\u017eadovan\u00fd francouzsk\u00fdmi pr\u00e1vn\u00edmi p\u0159edpisy, tj. alespo\u0148 55% celkov\u00e9ho cukru (v\u010detn\u011b ovocn\u00e9ho cukru).<br \/>\nV jin\u00e9m p\u0159\u00edpad\u011b se nejedn\u00e1 o d\u017eem.<br \/>\nV\u011bt\u0161inu d\u017eem\u016f p\u0159ipravujeme s maximem ovoce: 55 &#8211; 65%. \u017d\u00e1dn\u00fd pektin. \u017d\u00e1dn\u00fd \u017eelatina\u010dn\u00ed p\u0159\u00edsada. \u017d\u00e1dn\u00e9 jin\u00e9 p\u0159\u00edsady.<br \/>\nN\u00e1\u0161 hru\u0161kov\u00fd d\u017eem je p\u0159ipraven z 62,5 g ovoce na 100 g hotov\u00e9ho produktu. Celkov\u00fd obsah cukru cca. 56 g &#8211; 100 g.<br \/>\nI p\u0159es na\u0161i maxim\u00e1ln\u00ed snahu m\u016f\u017ee tento v\u00fdrobek obsahovat jad\u00e9rka nebo jejich kousky.<\/p>\n<p>Skladov\u00e1n\u00ed<br \/>\nPo otev\u0159en\u00ed uchov\u00e1vejte v chladu.<\/p>\n<p>Nutri\u010dn\u00ed hodnoty<\/p>\n<table width=\"541\">\n<tbody>\n<tr>\n<td width=\"235\">Energie (kcal)<\/td>\n<td width=\"306\">231<\/td>\n<\/tr>\n<tr>\n<td>Energie (kJ)<\/td>\n<td>981<\/td>\n<\/tr>\n<tr>\n<td>Tuky<\/td>\n<td>0,1 g<\/td>\n<\/tr>\n<tr>\n<td>nasycen\u00e9 mastn\u00e9 kyseliny<\/td>\n<td>0 g<\/td>\n<\/tr>\n<tr>\n<td>Sacharidy<\/td>\n<td>56 g<\/td>\n<\/tr>\n<tr>\n<td>z toho cukry<\/td>\n<td>56 g<\/td>\n<\/tr>\n<tr>\n<td>Vl\u00e1knina<\/td>\n<td>2,1 g<\/td>\n<\/tr>\n<tr>\n<td>Proteiny<\/td>\n<td>0,2 g<\/td>\n<\/tr>\n<tr>\n<td>S\u016fl<\/td>\n<td>0 g<\/td>\n<\/tr>\n<\/tbody>\n<\/table>\n<p>&nbsp;<\/p>\n","protected":false},"excerpt":{"rendered":"<h5>BIOLOKLOCK<\/h5>\n<p>Bioloklock je rodinn\u00e1 \u0159emesln\u00e1 firma, jej\u00ed\u017e kvalitn\u00ed produkty jsou v\u00fdsledkem dlouhodob\u00e9ho zapojen\u00ed rodiny do ekologick\u00e9ho zem\u011bd\u011blstv\u00ed, a to ji\u017e od po\u010d\u00e1tku 60. let.<\/p>\n","protected":false},"featured_media":3523,"comment_status":"open","ping_status":"closed","template":"","meta":[],"product_brand":[],"product_cat":[585,441,384],"product_tag":[],"class_list":{"0":"post-3525","1":"product","2":"type-product","3":"status-publish","4":"has-post-thumbnail","6":"product_cat-dzemy","7":"product_cat-potraviny","8":"product_cat-bio-cs","10":"first","11":"outofstock","12":"taxable","13":"shipping-taxable","14":"purchasable","15":"product-type-simple"},"jetpack_sharing_enabled":true,"_links":{"self":[{"href":"https:\/\/france-gastronomie.shop\/cs\/wp-json\/wp\/v2\/product\/3525","targetHints":{"allow":["GET"]}}],"collection":[{"href":"https:\/\/france-gastronomie.shop\/cs\/wp-json\/wp\/v2\/product"}],"about":[{"href":"https:\/\/france-gastronomie.shop\/cs\/wp-json\/wp\/v2\/types\/product"}],"replies":[{"embeddable":true,"href":"https:\/\/france-gastronomie.shop\/cs\/wp-json\/wp\/v2\/comments?post=3525"}],"wp:featuredmedia":[{"embeddable":true,"href":"https:\/\/france-gastronomie.shop\/cs\/wp-json\/wp\/v2\/media\/3523"}],"wp:attachment":[{"href":"https:\/\/france-gastronomie.shop\/cs\/wp-json\/wp\/v2\/media?parent=3525"}],"wp:term":[{"taxonomy":"product_brand","embeddable":true,"href":"https:\/\/france-gastronomie.shop\/cs\/wp-json\/wp\/v2\/product_brand?post=3525"},{"taxonomy":"product_cat","embeddable":true,"href":"https:\/\/france-gastronomie.shop\/cs\/wp-json\/wp\/v2\/product_cat?post=3525"},{"taxonomy":"product_tag","embeddable":true,"href":"https:\/\/france-gastronomie.shop\/cs\/wp-json\/wp\/v2\/product_tag?post=3525"}],"curies":[{"name":"wp","href":"https:\/\/api.w.org\/{rel}","templated":true}]}}