{"id":3502,"date":"2020-11-04T07:21:17","date_gmt":"2020-11-04T07:21:17","guid":{"rendered":"https:\/\/france-gastronomie.shop\/produit\/jahodovy-dzem\/"},"modified":"2025-12-18T11:22:41","modified_gmt":"2025-12-18T10:22:41","slug":"jahodovy-dzem","status":"publish","type":"product","link":"https:\/\/france-gastronomie.shop\/cs\/produit\/jahodovy-dzem\/","title":{"rendered":"Jahody <br\/> d\u017eem"},"content":{"rendered":"<h5>Jahodov\u00fd d\u017eem BIO<\/h5>\n<h5>BIOLOKLOCK<\/h5>\n<p>N\u00e1\u0161 kr\u00e9mov\u00fd a labu\u017enick\u00fd d\u017eem p\u0159ipraven\u00fd z kr\u00e1sn\u00fdch francouzsk\u00fdch jahod ohrom\u00ed va\u0161e chu\u0165ov\u00e9 bu\u0148ky.<\/p>\n<p>Tato skv\u011bl\u00e1 klasika s nepopirateln\u00fdm \u00fasp\u011bchem, BIO jahodov\u00fd d\u017eem, je k dispozici v 230g recyklovateln\u00e9 sklenici.<br \/>\nV\u0161echny na\u0161e d\u017eemy jsou p\u0159ipravov\u00e1ny postaru, v mal\u00e9m mno\u017estv\u00ed, nad\u0161enci ekologick\u00e9ho zem\u011bd\u011blstv\u00ed, respektu k \u017eivotn\u00edmu prost\u0159ed\u00ed a zdrav\u00ed; rodinn\u00e9 d\u011bdictv\u00ed je p\u0159ed\u00e1van\u00e9 z generace na generaci.<\/p>\n<p>V\u00fdhody<br \/>\nV na\u0161em kr\u00e9mov\u00e9m jahodov\u00e9m d\u017eemu najdete kousky t\u011bchto zvl\u00e1\u0161t\u011b aromatick\u00fdch plod\u016f. Jahody jsou nabit\u00e9 vitam\u00ednem C (antioxidanty), vitaminem A, vitaminem B9 (kyselina listov\u00e1), kter\u00e9 jsou d\u016fle\u017eit\u00e9 pro t\u011bhotn\u00e9 \u017eeny. Je tak\u00e9 bohat\u00fd na stopov\u00e9 prvky (drasl\u00edk pro nervov\u00fd syst\u00e9m, v\u00e1pn\u00edk pro kosti, ho\u0159\u010d\u00edk proti stresu). (Tyto ctnosti, kter\u00e9 se p\u0159ipisuj\u00ed ka\u017ed\u00e9mu z t\u011bchto druh\u016f ovoce, jsou uzn\u00e1v\u00e1ny po cel\u00e9 generace, ale nemohou nahradit l\u00e9\u010dbu p\u0159edepsanou\u00a0 zdravotn\u00edkem).<br \/>\nKr\u00e1l Ludv\u00edk XIV pr\u00fd konzumoval hodn\u011b jahod navzdory z\u00e1kazu sv\u00e9ho l\u00e9ka\u0159e Fagona.<\/p>\n<p>Slo\u017een\u00ed<br \/>\nJahody * 60,2%, sv\u011btl\u00fd t\u0159tinov\u00fd cukr (fair-trade)* 39,8%. * Ingredience z ekologick\u00e9ho zem\u011bd\u011blstv\u00ed.<br \/>\nP\u0159id\u00e1v\u00e1me pouze nezbytn\u00fd BIO cukr po\u017eadovan\u00fd francouzsk\u00fdmi pr\u00e1vn\u00edmi p\u0159edpisy, tj. alespo\u0148 55% celkov\u00e9ho cukru (v\u010detn\u011b ovocn\u00e9ho cukru).<br \/>\nV jin\u00e9m p\u0159\u00edpad\u011b se nejedn\u00e1 o d\u017eem.<br \/>\nV\u011bt\u0161inu d\u017eem\u016f p\u0159ipravujeme s maximem ovoce: 55 &#8211; 65%. \u017d\u00e1dn\u00fd pektin. \u017d\u00e1dn\u00fd \u017eelatina\u010dn\u00ed p\u0159\u00edsada. \u017d\u00e1dn\u00e9 jin\u00e9 p\u0159\u00edsady.<br \/>\nN\u00e1\u0161 jahodov\u00fd d\u017eem je p\u0159ipraven z 60,2 g ovoce na 100 g hotov\u00e9ho produktu. Celkov\u00fd obsah cukru cca. 56 g &#8211; 100 g.<\/p>\n<p>Skladov\u00e1n\u00ed<br \/>\nPo otev\u0159en\u00ed uchov\u00e1vejte v chladu.<\/p>\n<p>Nutri\u010dn\u00ed hodnoty<\/p>\n<table width=\"541\">\n<tbody>\n<tr>\n<td width=\"235\">Energie (kcal)<\/td>\n<td width=\"306\">233,3<\/td>\n<\/tr>\n<tr>\n<td>Energie (kJ)<\/td>\n<td>991,5<\/td>\n<\/tr>\n<tr>\n<td>Tuky<\/td>\n<td>0,2 g<\/td>\n<\/tr>\n<tr>\n<td>nasycen\u00e9 mastn\u00e9 kyseliny<\/td>\n<td>0,0 g<\/td>\n<\/tr>\n<tr>\n<td>Sacharidy<\/td>\n<td>56 g<\/td>\n<\/tr>\n<tr>\n<td>z toho cukry<\/td>\n<td>54,6 g<\/td>\n<\/tr>\n<tr>\n<td>Vl\u00e1knina<\/td>\n<td>1,9 g<\/td>\n<\/tr>\n<tr>\n<td>Proteiny<\/td>\n<td>0,6 g<\/td>\n<\/tr>\n<tr>\n<td>S\u016fl<\/td>\n<td>0,0 g<\/td>\n<\/tr>\n<\/tbody>\n<\/table>\n","protected":false},"excerpt":{"rendered":"<h5>BIOLOKLOCK<\/h5>\n<p>Bioloklock je rodinn\u00e1 \u0159emesln\u00e1 firma, jej\u00ed\u017e kvalitn\u00ed produkty jsou v\u00fdsledkem dlouhodob\u00e9ho zapojen\u00ed rodiny do ekologick\u00e9ho zem\u011bd\u011blstv\u00ed, a to ji\u017e od po\u010d\u00e1tku 60. let.<\/p>\n","protected":false},"featured_media":3500,"comment_status":"open","ping_status":"closed","template":"","meta":[],"product_brand":[],"product_cat":[585,441,384],"product_tag":[],"class_list":{"0":"post-3502","1":"product","2":"type-product","3":"status-publish","4":"has-post-thumbnail","6":"product_cat-dzemy","7":"product_cat-potraviny","8":"product_cat-bio-cs","10":"first","11":"outofstock","12":"taxable","13":"shipping-taxable","14":"purchasable","15":"product-type-simple"},"jetpack_sharing_enabled":true,"_links":{"self":[{"href":"https:\/\/france-gastronomie.shop\/cs\/wp-json\/wp\/v2\/product\/3502","targetHints":{"allow":["GET"]}}],"collection":[{"href":"https:\/\/france-gastronomie.shop\/cs\/wp-json\/wp\/v2\/product"}],"about":[{"href":"https:\/\/france-gastronomie.shop\/cs\/wp-json\/wp\/v2\/types\/product"}],"replies":[{"embeddable":true,"href":"https:\/\/france-gastronomie.shop\/cs\/wp-json\/wp\/v2\/comments?post=3502"}],"wp:featuredmedia":[{"embeddable":true,"href":"https:\/\/france-gastronomie.shop\/cs\/wp-json\/wp\/v2\/media\/3500"}],"wp:attachment":[{"href":"https:\/\/france-gastronomie.shop\/cs\/wp-json\/wp\/v2\/media?parent=3502"}],"wp:term":[{"taxonomy":"product_brand","embeddable":true,"href":"https:\/\/france-gastronomie.shop\/cs\/wp-json\/wp\/v2\/product_brand?post=3502"},{"taxonomy":"product_cat","embeddable":true,"href":"https:\/\/france-gastronomie.shop\/cs\/wp-json\/wp\/v2\/product_cat?post=3502"},{"taxonomy":"product_tag","embeddable":true,"href":"https:\/\/france-gastronomie.shop\/cs\/wp-json\/wp\/v2\/product_tag?post=3502"}],"curies":[{"name":"wp","href":"https:\/\/api.w.org\/{rel}","templated":true}]}}