{"id":3497,"date":"2020-11-03T10:27:08","date_gmt":"2020-11-03T10:27:08","guid":{"rendered":"https:\/\/france-gastronomie.shop\/produit\/tresnovy-dzem\/"},"modified":"2025-10-20T09:36:59","modified_gmt":"2025-10-20T09:36:59","slug":"tresnovy-dzem","status":"publish","type":"product","link":"https:\/\/france-gastronomie.shop\/cs\/produit\/tresnovy-dzem\/","title":{"rendered":"T\u0159e\u0161\u0148\u011b <br\/> d\u017eem"},"content":{"rendered":"<h5>T\u0159e\u0161\u0148ov\u00fd d\u017eem BIO<\/h5>\n<h5>BIOLOKLOCK<\/h5>\n<p>P\u0159ipraven\u00fd z kr\u00e1sn\u011b \u010derven\u00fdch francouzsk\u00fdch t\u0159e\u0161n\u00ed sb\u00edran\u00fdch v jejich pln\u00e9 zralosti, n\u00e1\u0161 d\u017eem v\u00e1s p\u0159ekvap\u00ed svou nefal\u0161ovanou chut\u00ed a texturou sv\u00fdch k\u0159upav\u00fdch plod\u016f.<\/p>\n<p>Tento BIO t\u0159e\u0161\u0148ov\u00fd d\u017eem s hlubokou a podmanivou chut\u00ed je k dispozici v recyklovateln\u00e9 sklenici o hmotnosti 230 g.<br \/>\nN\u00e1\u0161 d\u017eem v\u00e1s nikdy nezklame. Je vynikaj\u00edc\u00ed na chlebu s m\u00e1slem, ope\u010den\u00e9m toustu, v pala\u010dince, vafle, jogurtu, tvarohu.. nebo jako p\u0159\u00edloha k va\u0161im slan\u00fdm pokrm\u016fm.<br \/>\nV\u0161echny na\u0161e d\u017eemy jsou p\u0159ipravov\u00e1ny postaru, v mal\u00e9m mno\u017estv\u00ed, nad\u0161enci ekologick\u00e9ho zem\u011bd\u011blstv\u00ed, respektu k \u017eivotn\u00edmu prost\u0159ed\u00ed a zdrav\u00ed; rodinn\u00e9 d\u011bdictv\u00ed je p\u0159ed\u00e1van\u00e9 z generace na generaci.<\/p>\n<p>V\u00fdhody<br \/>\nV na\u0161em BIO t\u0159e\u0161\u0148ov\u00e9m d\u017eemu najdete kousky tohoto ovoce s jemnou a \u0161\u0165avnatou du\u017einou. T\u0159e\u0161e\u0148 m\u00e1 velmi \u0161irokou \u0161k\u00e1lu vitam\u00edn\u016f.<br \/>\nJe tak\u00e9 bohat\u00e1 na miner\u00e1ly. (Tyto ctnosti, kter\u00e9 se p\u0159ipisuj\u00ed ka\u017ed\u00e9mu z t\u011bchto druh\u016f ovoce, jsou uzn\u00e1v\u00e1ny po cel\u00e9 generace, ale nemohou nahradit l\u00e9\u010dbu p\u0159edepsanou zdravotn\u00edkem).<\/p>\n<p>Slo\u017een\u00ed<br \/>\nT\u0159e\u0161n\u011b * 70%, sv\u011btl\u00fd t\u0159tinov\u00fd cukr (fair-trade) * 30%.<br \/>\n* Ingredience z ekologick\u00e9ho zem\u011bd\u011blstv\u00ed.<br \/>\nP\u0159id\u00e1v\u00e1me pouze nezbytn\u00fd BIO cukr po\u017eadovan\u00fd francouzsk\u00fdmi pr\u00e1vn\u00edmi p\u0159edpisy, tj. alespo\u0148 55% celkov\u00e9ho cukru (v\u010detn\u011b ovocn\u00e9ho cukru).<br \/>\nV jin\u00e9m p\u0159\u00edpad\u011b se nejedn\u00e1 o d\u017eem.<br \/>\nV\u011bt\u0161inu d\u017eem\u016f p\u0159ipravujeme s maximem ovoce: 55 &#8211; 65%. \u017d\u00e1dn\u00fd pektin. \u017d\u00e1dn\u00fd \u017eelatina\u010dn\u00ed p\u0159\u00edsada. \u017d\u00e1dn\u00e9 jin\u00e9 p\u0159\u00edsady.<br \/>\nN\u00e1\u0161 t\u0159e\u0161\u0148ov\u00fd d\u017eem je p\u0159ipraven ze 70 g ovoce na 100 g hotov\u00e9ho produktu. Celkov\u00fd obsah cukru cca. 56 g &#8211; 100 g.<br \/>\nI p\u0159es na\u0161i maxim\u00e1ln\u00ed snahu m\u016f\u017ee tento v\u00fdrobek obsahovat pecky, nebo jejich kousky.<\/p>\n<p>Skladov\u00e1n\u00ed<br \/>\nPo otev\u0159en\u00ed uchov\u00e1vejte v chladu.<\/p>\n<p>Nutri\u010dn\u00ed hodnoty<\/p>\n<table width=\"541\">\n<tbody>\n<tr>\n<td width=\"235\">Energie (kcal)<\/td>\n<td width=\"306\">236,4<\/td>\n<\/tr>\n<tr>\n<td>Energie (kJ)<\/td>\n<td>1004<\/td>\n<\/tr>\n<tr>\n<td>Tuky<\/td>\n<td>0,3 g<\/td>\n<\/tr>\n<tr>\n<td>nasycen\u00e9 mastn\u00e9 kyseliny<\/td>\n<td>0,0 g<\/td>\n<\/tr>\n<tr>\n<td>Sacharidy<\/td>\n<td>56 g<\/td>\n<\/tr>\n<tr>\n<td>z toho cukry<\/td>\n<td>54,3 g<\/td>\n<\/tr>\n<tr>\n<td>Vl\u00e1knina<\/td>\n<td>1,5 g<\/td>\n<\/tr>\n<tr>\n<td>Proteiny<\/td>\n<td>1,2 g<\/td>\n<\/tr>\n<tr>\n<td>S\u016fl<\/td>\n<td>0,0 g<\/td>\n<\/tr>\n<\/tbody>\n<\/table>\n","protected":false},"excerpt":{"rendered":"<h5>BIOLOKLOCK<\/h5>\n<p>Bioloklock je rodinn\u00e1 \u0159emesln\u00e1 firma, jej\u00ed\u017e kvalitn\u00ed produkty jsou v\u00fdsledkem dlouhodob\u00e9ho zapojen\u00ed rodiny do ekologick\u00e9ho zem\u011bd\u011blstv\u00ed, a to ji\u017e od po\u010d\u00e1tku 60. let.<\/p>\n","protected":false},"featured_media":3494,"comment_status":"open","ping_status":"closed","template":"","meta":[],"product_brand":[],"product_cat":[585,441,384],"product_tag":[],"class_list":{"0":"post-3497","1":"product","2":"type-product","3":"status-publish","4":"has-post-thumbnail","6":"product_cat-dzemy","7":"product_cat-potraviny","8":"product_cat-bio-cs","10":"first","11":"instock","12":"taxable","13":"shipping-taxable","14":"purchasable","15":"product-type-simple"},"jetpack_sharing_enabled":true,"_links":{"self":[{"href":"https:\/\/france-gastronomie.shop\/cs\/wp-json\/wp\/v2\/product\/3497","targetHints":{"allow":["GET"]}}],"collection":[{"href":"https:\/\/france-gastronomie.shop\/cs\/wp-json\/wp\/v2\/product"}],"about":[{"href":"https:\/\/france-gastronomie.shop\/cs\/wp-json\/wp\/v2\/types\/product"}],"replies":[{"embeddable":true,"href":"https:\/\/france-gastronomie.shop\/cs\/wp-json\/wp\/v2\/comments?post=3497"}],"wp:featuredmedia":[{"embeddable":true,"href":"https:\/\/france-gastronomie.shop\/cs\/wp-json\/wp\/v2\/media\/3494"}],"wp:attachment":[{"href":"https:\/\/france-gastronomie.shop\/cs\/wp-json\/wp\/v2\/media?parent=3497"}],"wp:term":[{"taxonomy":"product_brand","embeddable":true,"href":"https:\/\/france-gastronomie.shop\/cs\/wp-json\/wp\/v2\/product_brand?post=3497"},{"taxonomy":"product_cat","embeddable":true,"href":"https:\/\/france-gastronomie.shop\/cs\/wp-json\/wp\/v2\/product_cat?post=3497"},{"taxonomy":"product_tag","embeddable":true,"href":"https:\/\/france-gastronomie.shop\/cs\/wp-json\/wp\/v2\/product_tag?post=3497"}],"curies":[{"name":"wp","href":"https:\/\/api.w.org\/{rel}","templated":true}]}}