{"id":3389,"date":"2020-10-20T09:05:15","date_gmt":"2020-10-20T09:05:15","guid":{"rendered":"https:\/\/france-gastronomie.shop\/produit\/anchois-a-lhuile-dolive-vierge-extra-bio\/"},"modified":"2024-12-02T11:01:42","modified_gmt":"2024-12-02T11:01:42","slug":"anchois-a-lhuile-dolive-vierge-extra-bio","status":"publish","type":"product","link":"https:\/\/france-gastronomie.shop\/cs\/produit\/anchois-a-lhuile-dolive-vierge-extra-bio\/","title":{"rendered":"An\u010dovi\u010dky v oleji <br\/> olivov\u00e9m extra"},"content":{"rendered":"<h5>An\u010dovi\u010dky v extra panensk\u00e9m olivov\u00e9m oleji &#8211; BIO<\/h5>\n<h5>La Bonne Mer<\/h5>\n<p>Jako za star\u00fdch \u010das\u016f, na\u0161e an\u010dovi\u010dky jsou p\u0159ipravovan\u00e9 ru\u010dn\u011b, pokl\u00e1dan\u00e9 na m\u0159\u00ed\u017eku a va\u0159en\u00e9 v p\u00e1\u0159e v na\u0161ich v\u00fdrobn\u00e1ch situovan\u00fdch v Port Saint Louis du Rh\u00f4ne v Provens\u00e1lsku. Jsou doprov\u00e1zen\u00e9 p\u0159\u00edsadami z ekologick\u00e9ho zem\u011bd\u011blstv\u00ed.<\/p>\n<p>Rady k pou\u017eit\u00ed<br \/>\nIde\u00e1ln\u00ed jako aperitiv a na p\u0159\u00edpravu sal\u00e1t\u016f.<\/p>\n<p>Tipy pro skladov\u00e1n\u00ed<br \/>\nP\u0159ed otev\u0159en\u00edm skladovat p\u0159i pokojov\u00e9 teplot\u011b. Spot\u0159ebujte do: uvedeno na v\u00ed\u010dku.<br \/>\nPo otev\u0159en\u00ed skladujte v chladu a rychle spot\u0159ebujte.<\/p>\n<p>Senzorick\u00e9 vlastnosti<br \/>\nAn\u010dovi\u010dky jednotn\u00e9ho rozm\u011bru, pravideln\u011b uspo\u0159\u00e1dan\u00e9. Bez hlavy, bez ocasu. Bez v\u00e1\u017en\u00e9ho po\u0161kozen\u00ed, dobr\u00e1 barva a konzistence.<br \/>\nBez jin\u00fdch vnit\u0159nost\u00ed ne\u017e jsou vaj\u00ed\u010dka, ml\u00ed\u010d\u00ed, nebo ledviny. Bez abnorm\u00e1ln\u00ed chuti a aroma (ho\u0159kost, oxidace, \u017eluklost).<br \/>\nOlej norm\u00e1ln\u00ed barvy, \u010dir\u00fd, bez ciz\u00edch l\u00e1tek.<\/p>\n<p>Slo\u017een\u00ed<br \/>\nDivok\u00e9 an\u010dovi\u010dky (Engraulis encrasicolus) 70%, extra panensk\u00fd olivov\u00fd olej*, s\u016fl. *29,2% p\u0159\u00edsad poch\u00e1z\u00ed z ekologick\u00e9ho zem\u011bd\u011blstv\u00ed.<br \/>\nCertifikov\u00e1no v Bureau Veritas Certification France \u2013 FR-BIO-10.<\/p>\n<p>Alergeny<br \/>\nRyby<\/p>\n<p>GMO<br \/>\nNe<\/p>\n<p>Ionizace<br \/>\nNe<\/p>\n<p>P\u0159idan\u00e9 barviva a konzervanty<br \/>\nNe<\/p>\n<p>Hmotnost<br \/>\n69 g<\/p>\n<p>DP<br \/>\n60 m\u011bs\u00edc\u016f<\/p>\n<p>Nutri\u010dn\u00ed hodnoty<\/p>\n<table width=\"299\">\n<tbody>\n<tr>\n<td width=\"179\">Energetick\u00e1 hodnota (100g)<\/td>\n<td width=\"120\">761 kJ \/ 182 kcal<\/td>\n<\/tr>\n<tr>\n<td>Tuky<\/td>\n<td>8,4 g<\/td>\n<\/tr>\n<tr>\n<td>nasycen\u00e9 mastn\u00e9 kyseliny<\/td>\n<td>3,1 g<\/td>\n<\/tr>\n<tr>\n<td>Sacharidy<\/td>\n<td>&lt; 0,5 g<\/td>\n<\/tr>\n<tr>\n<td>z toho cukry<\/td>\n<td>&lt; 0,5 g<\/td>\n<\/tr>\n<tr>\n<td>Proteiny<\/td>\n<td>26 g<\/td>\n<\/tr>\n<tr>\n<td>S\u016fl<\/td>\n<td>1,2 g<\/td>\n<\/tr>\n<\/tbody>\n<\/table>\n","protected":false},"excerpt":{"rendered":"<h5>La Bonne Mer<\/h5>\n<p>Bylo to v roce 1920, kdy za\u010dala \u201erodinn\u00e1 s\u00e1ga\u201c Ferrigno.<\/p>\n<p>Ryb\u00e1\u0159 ve St\u0159edomo\u0159\u00ed ji\u017e po t\u0159i generace, rybolov je pro n\u00e1s v\u00edce ne\u017e pr\u00e1ce, je to v\u00e1\u0161e\u0148.<br \/>\nAutentick\u00e1 chu\u0165 pro n\u00e1s nen\u00ed jen slogan, je pro n\u00e1s kl\u00ed\u010dov\u00e1&#8230;<\/p>\n","protected":false},"featured_media":14197,"comment_status":"closed","ping_status":"closed","template":"","meta":[],"product_brand":[],"product_cat":[610,441,384],"product_tag":[],"class_list":{"0":"post-3389","1":"product","2":"type-product","3":"status-publish","4":"has-post-thumbnail","6":"product_cat-konzervy","7":"product_cat-potraviny","8":"product_cat-bio-cs","10":"first","11":"outofstock","12":"taxable","13":"shipping-taxable","14":"purchasable","15":"product-type-simple"},"jetpack_sharing_enabled":true,"_links":{"self":[{"href":"https:\/\/france-gastronomie.shop\/cs\/wp-json\/wp\/v2\/product\/3389","targetHints":{"allow":["GET"]}}],"collection":[{"href":"https:\/\/france-gastronomie.shop\/cs\/wp-json\/wp\/v2\/product"}],"about":[{"href":"https:\/\/france-gastronomie.shop\/cs\/wp-json\/wp\/v2\/types\/product"}],"replies":[{"embeddable":true,"href":"https:\/\/france-gastronomie.shop\/cs\/wp-json\/wp\/v2\/comments?post=3389"}],"wp:featuredmedia":[{"embeddable":true,"href":"https:\/\/france-gastronomie.shop\/cs\/wp-json\/wp\/v2\/media\/14197"}],"wp:attachment":[{"href":"https:\/\/france-gastronomie.shop\/cs\/wp-json\/wp\/v2\/media?parent=3389"}],"wp:term":[{"taxonomy":"product_brand","embeddable":true,"href":"https:\/\/france-gastronomie.shop\/cs\/wp-json\/wp\/v2\/product_brand?post=3389"},{"taxonomy":"product_cat","embeddable":true,"href":"https:\/\/france-gastronomie.shop\/cs\/wp-json\/wp\/v2\/product_cat?post=3389"},{"taxonomy":"product_tag","embeddable":true,"href":"https:\/\/france-gastronomie.shop\/cs\/wp-json\/wp\/v2\/product_tag?post=3389"}],"curies":[{"name":"wp","href":"https:\/\/api.w.org\/{rel}","templated":true}]}}