{"id":3315,"date":"2020-10-16T08:21:08","date_gmt":"2020-10-16T08:21:08","guid":{"rendered":"https:\/\/france-gastronomie.shop\/produit\/cassoulet-gastronomique-au-confit-doie\/"},"modified":"2025-12-12T18:38:20","modified_gmt":"2025-12-12T18:38:20","slug":"cassoulet-gastronomique-au-confit-doie","status":"publish","type":"product","link":"https:\/\/france-gastronomie.shop\/cs\/produit\/cassoulet-gastronomique-au-confit-doie\/","title":{"rendered":"Gurm\u00e1nsk\u00e9 cassoulet  <br\/> s hus\u00edm konfitem"},"content":{"rendered":"<h5><strong>Gurm\u00e1nsk\u00e9 cassoulet s hus\u00edm konfitem<\/strong><\/h5>\n<h5><strong>Castaing Foie Gras<\/strong><\/h5>\n<p>Na\u0161i kucha\u0159i vlo\u017eili sv\u00e9 know-how do vytv\u00e1\u0159en\u00ed t\u011bchto recept\u016f, aby s v\u00e1mi mohli sd\u00edlet to nejlep\u0161\u00ed z kuchyn\u011b Jihoz\u00e1padu, jako by byla p\u0159ipravov\u00e1na po dom\u00e1cku.<\/p>\n<p>Slo\u017een\u00ed<br \/>\nFazole, om\u00e1\u010dka (voda, mrkev, cibule, kachn\u00ed s\u00e1dlo, raj\u010datov\u00e1 \u0161\u0165\u00e1va, \u0161krob, p\u00f3rek, raj\u010datov\u00fd protlak, aroma (lepek), s\u016fl, dr\u016fbe\u017e\u00ed v\u00fdvar (s\u016fl, aroma, bramborov\u00fd \u0161krob, ku\u0159ec\u00ed tuk, aromatick\u00e9 bylinky, bramborov\u00fd maltodextrin, gluk\u00f3zov\u00fd sirup, ko\u0159en\u00ed,<br \/>\ndehydratovan\u00e9 ku\u0159ec\u00ed maso, antioxydanty: extrakt z rozmar\u00fdnu), \u010desnek, celer, ko\u0159en\u00ed, aromatick\u00e9 bylinky), klob\u00e1sa Toulouse 16% (vep\u0159ov\u00e9 maso a tuk, s\u016fl, ko\u0159en\u00ed, \u010desnek, cukr), hus\u00ed konfit (11,9%).<\/p>\n<p>V\u00fdrobn\u00ed proces<\/p>\n<p>Alergeny<br \/>\nObiloviny obsahuj\u00edc\u00ed lepek a v\u00fdrobky z t\u011bchto obilovin, celer a v\u00fdrobky z n\u011bj.<\/p>\n<p>GMO<br \/>\nNe<\/p>\n<p>Balen\u00ed<br \/>\nSklenice<\/p>\n<p>Skladov\u00e1n\u00ed<br \/>\nSkladovat na chladn\u00e9m a such\u00e9m m\u00edst\u011b.<\/p>\n<p>Nutri\u010dn\u00ed hodnoty<\/p>\n<table width=\"294\">\n<tbody>\n<tr>\n<td width=\"214\">Energie\/100g kJ<\/td>\n<td width=\"80\">663 kJ<\/td>\n<\/tr>\n<tr>\n<td>Energie\/100g kcal<\/td>\n<td>158 kcal<\/td>\n<\/tr>\n<tr>\n<td>Tuky<\/td>\n<td>8,7 g<\/td>\n<\/tr>\n<tr>\n<td>z toho nasycen\u00e9 mastn\u00e9 kyseliny<\/td>\n<td>2,9 g<\/td>\n<\/tr>\n<tr>\n<td>Sacharidy<\/td>\n<td>11 g<\/td>\n<\/tr>\n<tr>\n<td>z toho cukry<\/td>\n<td>&lt; 0,5 g<\/td>\n<\/tr>\n<tr>\n<td>B\u00edlkoviny<\/td>\n<td>8,9 g<\/td>\n<\/tr>\n<tr>\n<td>S\u016fl<\/td>\n<td>0,34 g<\/td>\n<\/tr>\n<\/tbody>\n<\/table>\n<p>&nbsp;<\/p>\n","protected":false},"excerpt":{"rendered":"<h5>Castaing Foie Gras<\/h5>\n<p>CASTAING FOIE-GRAS pou\u017e\u00edv\u00e1 nejlep\u0161\u00ed kachnu na foie gras, kachnu<br \/>\nMULARD, vyzna\u010duje se velk\u00fdm t\u011blesn\u00fdm r\u00e1mcem, a mohutn\u00fdmi j\u00e1try.<br \/>\nKachny jsou chovan\u00e9 tradi\u010dn\u00edm zp\u016fsobem pod \u0161ir\u00fdm nebem<br \/>\na krmen\u00e9 100% p\u0159\u00edrodn\u011b na mal\u00fdch venkovsk\u00fdch farm\u00e1ch.<br \/>\nNa\u0161i chovatel\u00e9 striktn\u011b dodr\u017euj\u00ed specifikace pro farm\u00e1\u0159skou kachnu<br \/>\n&#8222;Label Rouge &#8211; LANDES&#8220;.<br \/>\nV ka\u017ed\u00e9m na\u0161em v\u00fdrobku p\u0159ed\u00e1v\u00e1me know-how na\u0161ich p\u0159edk\u016f,<br \/>\nobohacen\u00e9 v\u00fdvojem technologie a chut\u00ed.<\/p>\n","protected":false},"featured_media":26000,"comment_status":"closed","ping_status":"closed","template":"","meta":[],"product_brand":[],"product_cat":[382],"product_tag":[],"class_list":{"0":"post-3315","1":"product","2":"type-product","3":"status-publish","4":"has-post-thumbnail","6":"product_cat-hotova-jidla","8":"first","9":"instock","10":"taxable","11":"shipping-taxable","12":"purchasable","13":"product-type-simple"},"jetpack_sharing_enabled":true,"_links":{"self":[{"href":"https:\/\/france-gastronomie.shop\/cs\/wp-json\/wp\/v2\/product\/3315","targetHints":{"allow":["GET"]}}],"collection":[{"href":"https:\/\/france-gastronomie.shop\/cs\/wp-json\/wp\/v2\/product"}],"about":[{"href":"https:\/\/france-gastronomie.shop\/cs\/wp-json\/wp\/v2\/types\/product"}],"replies":[{"embeddable":true,"href":"https:\/\/france-gastronomie.shop\/cs\/wp-json\/wp\/v2\/comments?post=3315"}],"wp:featuredmedia":[{"embeddable":true,"href":"https:\/\/france-gastronomie.shop\/cs\/wp-json\/wp\/v2\/media\/26000"}],"wp:attachment":[{"href":"https:\/\/france-gastronomie.shop\/cs\/wp-json\/wp\/v2\/media?parent=3315"}],"wp:term":[{"taxonomy":"product_brand","embeddable":true,"href":"https:\/\/france-gastronomie.shop\/cs\/wp-json\/wp\/v2\/product_brand?post=3315"},{"taxonomy":"product_cat","embeddable":true,"href":"https:\/\/france-gastronomie.shop\/cs\/wp-json\/wp\/v2\/product_cat?post=3315"},{"taxonomy":"product_tag","embeddable":true,"href":"https:\/\/france-gastronomie.shop\/cs\/wp-json\/wp\/v2\/product_tag?post=3315"}],"curies":[{"name":"wp","href":"https:\/\/api.w.org\/{rel}","templated":true}]}}