{"id":3117,"date":"2020-10-15T08:38:30","date_gmt":"2020-10-15T08:38:30","guid":{"rendered":"https:\/\/france-gastronomie.shop\/produit\/medaillon-landais-terrine-au-foie-doie\/"},"modified":"2025-12-13T08:57:37","modified_gmt":"2025-12-13T08:57:37","slug":"medaillon-landais-terrine-au-foie-doie","status":"publish","type":"product","link":"https:\/\/france-gastronomie.shop\/cs\/produit\/medaillon-landais-terrine-au-foie-doie\/","title":{"rendered":"M\u00e9daillon landais <br\/> s hus\u00edm Foie gras"},"content":{"rendered":"<h5>M\u00e9daillon landais s hus\u00edm Foie gras 20%<\/h5>\n<h5>Castaing Foie Gras<\/h5>\n<p>Vyrobeno podle recept\u016f na\u0161ich p\u0159edk\u016f, z nejlep\u0161\u00edch m\u00edstn\u00edch surovin a tradi\u010dn\u00edmi postupy.<br \/>\nTyto speciality jsou ide\u00e1ln\u00ed pro p\u0159\u00edpravu elegantn\u00edch p\u0159edkrm\u016f, lahodn\u00fdch sal\u00e1t\u016f nebo rustik\u00e1ln\u00edch tal\u00ed\u0159\u016f s uzeninami.<\/p>\n<p>Slo\u017een\u00ed<br \/>\nVep\u0159ov\u00e9 s\u00e1dlo, hus\u00ed j\u00e1tra (20 %), dr\u016fbe\u017e\u00ed maso, voda, dr\u016fbe\u017e\u00ed j\u00e1tra, vejce, kachn\u00ed maso, \u017eelatina, s\u016fl, armagnac, portsk\u00e9 v\u00edno, \u0161krob, ko\u0159en\u00ed, cukr, \u010desnek, aromatick\u00e9 byliny.<\/p>\n<p>Zp\u016fsob v\u00fdroby<br \/>\nMaso se dochut\u00ed, p\u0159iprav\u00ed, sm\u00edch\u00e1 a zabal\u00ed. Pot\u00e9 se sklenice uzav\u0159ou a sterilizuj\u00ed. <\/p>\n<p>Alergeny<br \/>\nVejce a v\u00fdrobky z vajec.<\/p>\n<p>GMO<br \/>\n\u017d\u00e1dn\u00e9<\/p>\n<p>Balen\u00ed<br \/>\nSklen\u011bn\u00e1 n\u00e1doba<\/p>\n<p>Skladovac\u00ed podm\u00ednky<br \/>\nSkladujte na chladn\u00e9m a such\u00e9m m\u00edst\u011b.<\/p>\n<p>Nutri\u010dn\u00ed hodnoty<\/p>\n<table width=\"296\">\n<tbody>\n<tr>\n<td width=\"166\">Energie\/100g kJ<\/td>\n<td width=\"130\">1 475 kJ<\/td>\n<\/tr>\n<tr>\n<td>Energie\/100g kcal<\/td>\n<td>352 kcal<\/td>\n<\/tr>\n<tr>\n<td>Tuky\n<\/td>\n<td>32 g<\/td>\n<\/tr>\n<tr>\n<td>z toho nasycen\u00e9 mastn\u00e9 kyseliny\n<\/td>\n<td>11 g<\/td>\n<\/tr>\n<tr>\n<td>Glucides\n<\/td>\n<td>2,1 g<\/td>\n<\/tr>\n<tr>\n<td>z toho cukry\n<\/td>\n<td>&lt; 0,5 g<\/td>\n<\/tr>\n<tr>\n<td>B\u00edlkoviny<\/td>\n<td>12 g<\/td>\n<\/tr>\n<tr>\n<td>S\u016fl<\/td>\n<td>1,5 g<\/td>\n<\/tr>\n<\/tbody>\n<\/table>\n","protected":false},"excerpt":{"rendered":"<div class=\"woocommerce-product-details__short-description\">\n<h5>Castaing Foie Gras<\/h5>\n<p>CASTAING FOIE-GRAS pou\u017e\u00edv\u00e1 nejlep\u0161\u00ed kachny na foie gras, kachny MULARD, kter\u00e9 pat\u0159\u00ed k t\u011b\u017ek\u00e9mu a pomalu rostouc\u00edmu plemeni, chovan\u00e9 tradi\u010dn\u00edm zp\u016fsobem na voln\u00e9m prostranstv\u00ed a krmen\u00e9 100% p\u0159\u00edrodn\u00ed stravou<br \/>\nv mal\u00fdch zem\u011bd\u011blsk\u00fdch podnic\u00edch lidsk\u00e9 velikosti.<br \/>\nNa\u0161i chovatel\u00e9 p\u0159\u00edsn\u011b dodr\u017euj\u00ed specifikace pro farm\u00e1\u0159sk\u00e9 kachny \u201eLabel Rouge \u2013 LANDES\u201c.<br \/>\nV ka\u017ed\u00e9m produktu p\u0159ed\u00e1v\u00e1me know-how na\u0161ich p\u0159edk\u016f, obohacen\u00e9 o v\u00fdvoj technologie a chut\u00ed.<\/p>\n<\/div>\n","protected":false},"featured_media":8731,"comment_status":"closed","ping_status":"closed","template":"","meta":[],"product_brand":[],"product_cat":[708,594,441],"product_tag":[],"class_list":{"0":"post-3117","1":"product","2":"type-product","3":"status-publish","4":"has-post-thumbnail","6":"product_cat-foie-gras-2","7":"product_cat-teriny","8":"product_cat-potraviny","10":"first","11":"instock","12":"taxable","13":"shipping-taxable","14":"purchasable","15":"product-type-simple"},"jetpack_sharing_enabled":true,"_links":{"self":[{"href":"https:\/\/france-gastronomie.shop\/cs\/wp-json\/wp\/v2\/product\/3117","targetHints":{"allow":["GET"]}}],"collection":[{"href":"https:\/\/france-gastronomie.shop\/cs\/wp-json\/wp\/v2\/product"}],"about":[{"href":"https:\/\/france-gastronomie.shop\/cs\/wp-json\/wp\/v2\/types\/product"}],"replies":[{"embeddable":true,"href":"https:\/\/france-gastronomie.shop\/cs\/wp-json\/wp\/v2\/comments?post=3117"}],"wp:featuredmedia":[{"embeddable":true,"href":"https:\/\/france-gastronomie.shop\/cs\/wp-json\/wp\/v2\/media\/8731"}],"wp:attachment":[{"href":"https:\/\/france-gastronomie.shop\/cs\/wp-json\/wp\/v2\/media?parent=3117"}],"wp:term":[{"taxonomy":"product_brand","embeddable":true,"href":"https:\/\/france-gastronomie.shop\/cs\/wp-json\/wp\/v2\/product_brand?post=3117"},{"taxonomy":"product_cat","embeddable":true,"href":"https:\/\/france-gastronomie.shop\/cs\/wp-json\/wp\/v2\/product_cat?post=3117"},{"taxonomy":"product_tag","embeddable":true,"href":"https:\/\/france-gastronomie.shop\/cs\/wp-json\/wp\/v2\/product_tag?post=3117"}],"curies":[{"name":"wp","href":"https:\/\/api.w.org\/{rel}","templated":true}]}}