{"id":3001,"date":"2020-09-25T05:27:43","date_gmt":"2020-09-25T05:27:43","guid":{"rendered":"https:\/\/france-gastronomie.shop\/produit\/blanc-de-noirs-1er-cru\/"},"modified":"2024-07-04T09:43:32","modified_gmt":"2024-07-04T09:43:32","slug":"blanc-de-noirs-1er-cru","status":"publish","type":"product","link":"https:\/\/france-gastronomie.shop\/cs\/produit\/blanc-de-noirs-1er-cru\/","title":{"rendered":"Champagne <br\/> Blanc de Noirs 1er Cru"},"content":{"rendered":"<h5>Champagne Blanc de Noirs 1er Cru<\/h5>\n<h5>Champagne Julien Herbert<\/h5>\n<p>Popis oblasti<br \/>\nVina\u0159i v Rilly la montagne po 4 generace, Julien Herbert p\u011bstuje s v\u00e1\u0161n\u00ed nejzn\u00e1m\u011bj\u0161\u00ed hrozny z Reme\u0161sk\u00e9 hory. V\u00edna odpo\u010d\u00edvaj\u00ed nejm\u00e9n\u011b 72 m\u011bs\u00edc\u016f ve sklep\u011b, aby dos\u00e1hla zralosti \u0161ampa\u0148sk\u00e9ho. Oblast se rozkl\u00e1d\u00e1 na 4,65 ha vinice s klasifikac\u00ed 1er cru, sest\u00e1vaj\u00edc\u00ed z 40% Chardonnay, 35% Pinot noir a 25% Meunier.<\/p>\n<p>Oblast s certifikac\u00ed vysok\u00e9 ekologick\u00e9 hodnoty.<\/p>\n<p>Odr\u016fdy<br \/>\n100% Pinot Noir<\/p>\n<p>Zr\u00e1n\u00ed<br \/>\n72 m\u011bs\u00edc\u016f na kalech<\/p>\n<p>Koncentrace zbytkov\u00fdch cukr\u016f: 2,5 g\/l<\/p>\n","protected":false},"excerpt":{"rendered":"<h5>Champagne Julien Herbert<\/h5>\n<p>Vina\u0159i v Rilly la montagne po 4 generace, Julien Herbert p\u011bstuje s v\u00e1\u0161n\u00ed nejzn\u00e1m\u011bj\u0161\u00ed hrozny z Reme\u0161sk\u00e9 hory.<\/p>\n<p>Odr\u016fdy<br \/>\n100% Pinot Noir<\/p>\n","protected":false},"featured_media":2998,"comment_status":"closed","ping_status":"closed","template":"","meta":[],"product_brand":[],"product_cat":[383,389,394,399,390,391,385,386],"product_tag":[],"class_list":{"0":"post-3001","1":"product","2":"type-product","3":"status-publish","4":"has-post-thumbnail","6":"product_cat-vina","7":"product_cat-spickova-vina","8":"product_cat-regiony","9":"product_cat-jine-regiony","10":"product_cat-sumiva","11":"product_cat-sampanske","12":"product_cat-barva","13":"product_cat-bila-vina","15":"first","16":"outofstock","17":"taxable","18":"shipping-taxable","19":"purchasable","20":"product-type-simple"},"jetpack_sharing_enabled":true,"_links":{"self":[{"href":"https:\/\/france-gastronomie.shop\/cs\/wp-json\/wp\/v2\/product\/3001","targetHints":{"allow":["GET"]}}],"collection":[{"href":"https:\/\/france-gastronomie.shop\/cs\/wp-json\/wp\/v2\/product"}],"about":[{"href":"https:\/\/france-gastronomie.shop\/cs\/wp-json\/wp\/v2\/types\/product"}],"replies":[{"embeddable":true,"href":"https:\/\/france-gastronomie.shop\/cs\/wp-json\/wp\/v2\/comments?post=3001"}],"wp:featuredmedia":[{"embeddable":true,"href":"https:\/\/france-gastronomie.shop\/cs\/wp-json\/wp\/v2\/media\/2998"}],"wp:attachment":[{"href":"https:\/\/france-gastronomie.shop\/cs\/wp-json\/wp\/v2\/media?parent=3001"}],"wp:term":[{"taxonomy":"product_brand","embeddable":true,"href":"https:\/\/france-gastronomie.shop\/cs\/wp-json\/wp\/v2\/product_brand?post=3001"},{"taxonomy":"product_cat","embeddable":true,"href":"https:\/\/france-gastronomie.shop\/cs\/wp-json\/wp\/v2\/product_cat?post=3001"},{"taxonomy":"product_tag","embeddable":true,"href":"https:\/\/france-gastronomie.shop\/cs\/wp-json\/wp\/v2\/product_tag?post=3001"}],"curies":[{"name":"wp","href":"https:\/\/api.w.org\/{rel}","templated":true}]}}