{"id":2869,"date":"2020-09-10T07:41:34","date_gmt":"2020-09-10T07:41:34","guid":{"rendered":"https:\/\/france-gastronomie.shop\/produit\/chateau-de-laumerade-cru-classe\/"},"modified":"2024-05-10T09:01:44","modified_gmt":"2024-05-10T09:01:44","slug":"chateau-de-laumerade-cru-classe","status":"publish","type":"product","link":"https:\/\/france-gastronomie.shop\/cs\/produit\/chateau-de-laumerade-cru-classe\/","title":{"rendered":"Seigneur de Piegros <br\/> Ros\u00e9 Cru class\u00e9 <br\/> Ch\u00e2teau de l&#8217;Aum\u00e9rade"},"content":{"rendered":"<h5>Ch\u00e2teau de l&#8217;Aum\u00e9rade Cru Class\u00e9<br \/>\nSeigneur de Piegros<\/h5>\n<h5>AOP C\u00f4tes de Provence\u00a0Cru Class\u00e9<\/h5>\n<p>Odr\u016fdy<br \/>\nGrenache,\u00a0 Cinsault<\/p>\n<p>Alkohol: 13,5% obj.<\/p>\n<p>Terroir<br \/>\nMajetek o rozloze 300 ha, z toho 80 v Cru Class\u00e9, roz\u0161\u00ed\u0159en\u00fd ve zlat\u00e9m troj\u00faheln\u00edku C\u00f4tes de Provence, na rozlehl\u00e9 pl\u00e1ni obda\u0159en\u00e9 j\u00edlovitou v\u00e1pencovou, ko\u0159en\u011bnou a miner\u00e1ln\u00ed p\u016fdou.<\/p>\n<p>Vinifikace<br \/>\nMechanick\u00e1 sklize\u0148 ve dne i v noci. Vinifikace odr\u016fdou. Ochlazen\u00ed sklizn\u011b na 15 \u00b0C pr\u016fchodem trubkov\u00fdm v\u00fdm\u011bn\u00edkem p\u0159ed macerac\u00ed za studena. Pot\u00e9 n\u00e1sleduje lisov\u00e1n\u00ed a v\u00fdb\u011br \u0161\u0165\u00e1v, statick\u00e9 usazov\u00e1n\u00ed p\u0159i 13 \u00b0C a dlouh\u00e1 fermentace v nerezov\u00fdch sudech a v betonov\u00fdch n\u00e1dr\u017e\u00edch p\u0159i kontrolovan\u00e9 teplot\u011b mezi 15 a 18 \u00b0C v klimatizovan\u00e9m sklep\u011b, aby byla zachov\u00e1na maxim\u00e1ln\u00ed v\u016fn\u011b a kvalita ka\u017ed\u00e9 odr\u016fdy. Po st\u00e1\u010den\u00ed jsou v\u00edna filtrov\u00e1na tangenci\u00e1ln\u00edm filtrem. Sestavy jsou vyrobeny na konci roku je v\u00edno stabilizov\u00e1no a p\u0159ipraveno k pln\u011bn\u00ed do lahv\u00ed. V z\u00e1jmu zachov\u00e1n\u00ed aroma a ochrany v\u00edna proti oxidace se v\u0161echny p\u0159evody prov\u00e1d\u011bj\u00ed za inertizace dus\u00edkem. Cuv\u00e9e se pln\u00ed do lahv\u00ed jednou ro\u010dn\u011b.<\/p>\n<p>Historie<br \/>\nToto v\u00edno bylo vytvo\u0159eno na po\u010dest P\u00e1na Piegrose, rodina Piegros\u016f byla vlastn\u00edkem od 14. do 17. stolet\u00ed.<br \/>\nLord de Piegros byl poradcem kr\u00e1l\u016f Henriho IV a Ludv\u00edka XIV. \u017dil v Ch\u00e2teau de l&#8217;Aum\u00e9rade, b\u00fdval\u00e9 pevnosti Piegros, dlouh\u00e9 roky \u201eprovens\u00e1lsk\u00fdch v\u00e1\u0161n\u00ed\u201c.<\/p>\n<p>Degustace<br \/>\nJasn\u011b r\u016f\u017eov\u00e1 barva s fialov\u00fdmi t\u00f3ny.<br \/>\nLichotiv\u00e1 a v\u00fdrazn\u00e1 v\u016fn\u011b s t\u00f3ny merun\u011bk a b\u00edl\u00e9ho melounu. Vyjad\u0159uje velkou jemnost a hodn\u011b elegance.<br \/>\nChu\u0165 je sv\u011b\u017e\u00ed a hedv\u00e1bn\u00e1 s velmi p\u0159\u00edjemnou aromatickou intenzitou. P\u011bkn\u00e1 d\u00e9lka.<br \/>\nDegustace p\u0159i 12\/13 \u00b0C.<\/p>\n<p>Doporu\u010den\u00ed<br \/>\nVyzkou\u0161ejte lan\u00fd\u017ee, telec\u00ed maso, dr\u016fbe\u017e, ryby, Reblochon nebo Mont d&#8217;Or a dezerty ze smetany, \u010dokol\u00e1dy nebo cr\u00e8me br\u00fbl\u00e9e. Elegantn\u00ed gastronomick\u00e9 r\u016f\u017eov\u00e9 v\u00edno, vynikaj\u00edc\u00ed tak\u00e9 s kavi\u00e1rem.<\/p>\n<p>Ocen\u011bn\u00ed<br \/>\n2019: St\u0159\u00edbrn\u00e1 medaile na Concours des Vinalies<br \/>\n2018: Zlat\u00e1 medaile na Concours des Vins de Provence. Prix \u200b\u200bdes Vinalies (zlato).<br \/>\n2017: Uvedeno v p\u0159\u00edru\u010dce Hachette des Vins 2018.<br \/>\n2016: Prix des Vinalies 2016.<br \/>\n2015: Bronzov\u00e1 medaile na sout\u011b\u017ei v\u00edn M\u00e2con<\/p>\n","protected":false},"excerpt":{"rendered":"<h5>AOP C\u00f4tes de Provence Cru Class\u00e9<\/h5>\n<h5>Les vins Domaine &amp; Ch\u00e2teaux Fabre<\/h5>\n<p>Fabre v Provence, od roku 1920, velvyslanec \u0161esti Domaines &amp; Ch\u00e2teaux na\u0161\u00ed rodiny.<br \/>\n550 hektar\u016f vinic v AOP C\u00f4tes de Provence, z toho 112 hektar\u016f v &#8222;Cru Class\u00e9&#8220; od roku 1955.<\/p>\n<p>Odr\u016fdy<br \/>\nGrenache,\u00a0 Cinsault<\/p>\n","protected":false},"featured_media":10359,"comment_status":"closed","ping_status":"closed","template":"","meta":[],"product_brand":[],"product_cat":[681,383,389,394,399,385,387],"product_tag":[],"class_list":{"0":"post-2869","1":"product","2":"type-product","3":"status-publish","4":"has-post-thumbnail","6":"product_cat-cotesdeprovance-2","7":"product_cat-vina","8":"product_cat-spickova-vina","9":"product_cat-regiony","10":"product_cat-jine-regiony","11":"product_cat-barva","12":"product_cat-ruzova-vina","14":"first","15":"instock","16":"taxable","17":"shipping-taxable","18":"purchasable","19":"product-type-simple"},"jetpack_sharing_enabled":true,"_links":{"self":[{"href":"https:\/\/france-gastronomie.shop\/cs\/wp-json\/wp\/v2\/product\/2869","targetHints":{"allow":["GET"]}}],"collection":[{"href":"https:\/\/france-gastronomie.shop\/cs\/wp-json\/wp\/v2\/product"}],"about":[{"href":"https:\/\/france-gastronomie.shop\/cs\/wp-json\/wp\/v2\/types\/product"}],"replies":[{"embeddable":true,"href":"https:\/\/france-gastronomie.shop\/cs\/wp-json\/wp\/v2\/comments?post=2869"}],"wp:featuredmedia":[{"embeddable":true,"href":"https:\/\/france-gastronomie.shop\/cs\/wp-json\/wp\/v2\/media\/10359"}],"wp:attachment":[{"href":"https:\/\/france-gastronomie.shop\/cs\/wp-json\/wp\/v2\/media?parent=2869"}],"wp:term":[{"taxonomy":"product_brand","embeddable":true,"href":"https:\/\/france-gastronomie.shop\/cs\/wp-json\/wp\/v2\/product_brand?post=2869"},{"taxonomy":"product_cat","embeddable":true,"href":"https:\/\/france-gastronomie.shop\/cs\/wp-json\/wp\/v2\/product_cat?post=2869"},{"taxonomy":"product_tag","embeddable":true,"href":"https:\/\/france-gastronomie.shop\/cs\/wp-json\/wp\/v2\/product_tag?post=2869"}],"curies":[{"name":"wp","href":"https:\/\/api.w.org\/{rel}","templated":true}]}}