{"id":2854,"date":"2020-09-09T09:17:13","date_gmt":"2020-09-09T09:17:13","guid":{"rendered":"https:\/\/france-gastronomie.shop\/produit\/chateau-tour-des-graves\/"},"modified":"2024-05-21T11:16:37","modified_gmt":"2024-05-21T11:16:37","slug":"chateau-tour-des-graves","status":"publish","type":"product","link":"https:\/\/france-gastronomie.shop\/cs\/produit\/chateau-tour-des-graves\/","title":{"rendered":"Ch. Tour Des Graves <br\/> AOP Haut-M\u00e9doc"},"content":{"rendered":"<h5>Ch\u00e2teau Tour Des Graves<br \/>\nAOP Haut-M\u00e9doc<\/h5>\n<p>P\u016fvod<br \/>\nDom\u00e9na: Ch\u00e2teau Tour des Graves se nach\u00e1z\u00ed na lev\u00e9m b\u0159ehu \u00fast\u00ed \u0159eky Gironde v Saint-Seurin de Cadourne pobl\u00ed\u017e Saint-Estephe.<br \/>\nTato rodinn\u00e1 vinice pokr\u00fdv\u00e1 5,7 ha a t\u011b\u017e\u00ed z v\u00fdjime\u010dn\u00e9 p\u016fdy a mikroklima.<\/p>\n<p>Typ p\u016fdy<br \/>\nJ\u00edl, v\u00e1penec a \u0161t\u011brky<\/p>\n<p>Odr\u016fdy<br \/>\n60% Cabernet Sauvignon, 35% Merlot, 10% Cabernet Franc, 5% Malbec<\/p>\n<p>Vinifikace<br \/>\nHrozny jsou sb\u00edr\u00e1ny strojov\u011b v optim\u00e1ln\u00ed zralosti. Pak jsou tradi\u010dn\u011b vinifikov\u00e1ny s dlouh\u00fdm zr\u00e1n\u00edm po dobu 3 t\u00fddn\u016f.<\/p>\n<p>Teplota<br \/>\n13 \u00b0 C<\/p>\n<p>Degustace<br \/>\nJasn\u00e1 gran\u00e1tov\u00e1 barva<br \/>\nP\u0159\u00edjemn\u00e9 aroma \u010dern\u00e9ho ovoce sm\u00edchan\u00e9 s ko\u0159en\u00edm a p\u0159\u00edchut\u00ed hou\u0161t\u00ed<br \/>\nSv\u011b\u017e\u00ed a elegantn\u00ed s intenzivn\u00edm pep\u0159ov\u00fdm z\u00e1v\u011brem<\/p>\n<p>Serv\u00edrov\u00e1n\u00ed<br \/>\nPod\u00e1vejte p\u0159i 17 \u00b0C a l\u00e1hev otev\u0159ete 2 hodiny p\u0159ed servisem. Ch\u00e2teau Tour Des Graves bude ide\u00e1ln\u00ed s \u010derven\u00fdm masem, b\u00edl\u00fdm masem v om\u00e1\u010dce, pe\u010denou dr\u016fbe\u017e\u00ed a zv\u011b\u0159inou.<\/p>\n","protected":false},"excerpt":{"rendered":"<h5>AOP Haut-M\u00e9doc<\/h5>\n<p>Maison Le Star je realizac\u00ed snu a vyj\u00e1d\u0159en\u00edm v\u00e1\u0161n\u011b.<br \/>\nObklopeni t\u00fdmem profesion\u00e1l\u016f, enolog\u016f a sommelier\u016f, kte\u0159\u00ed zaru\u010duj\u00ed kvalitu n\u00e1mi vyr\u00e1b\u011bn\u00fdch a vybran\u00fdch v\u00edn, nab\u00edz\u00edme budouc\u00edm milovn\u00edk\u016fm a znalc\u016fm v\u00edna z cel\u00e9ho sv\u011bta kvalitn\u00ed francouzsk\u00e1 v\u00edna za odpov\u00eddaj\u00edc\u00ed cenu.<\/p>\n<p>Odr\u016fdy<br \/>\n60% Cabernet Sauvignon, 35% Merlot, 10% Cabernet Franc, 5% Malbec<\/p>\n","protected":false},"featured_media":2850,"comment_status":"closed","ping_status":"closed","template":"","meta":[],"product_brand":[],"product_cat":[383,394,400,405,385,388],"product_tag":[],"class_list":{"0":"post-2854","1":"product","2":"type-product","3":"status-publish","4":"has-post-thumbnail","6":"product_cat-vina","7":"product_cat-regiony","8":"product_cat-bordeaux-cs","9":"product_cat-haut-medoc-cs","10":"product_cat-barva","11":"product_cat-cervena-vina","13":"first","14":"outofstock","15":"taxable","16":"shipping-taxable","17":"purchasable","18":"product-type-simple"},"jetpack_sharing_enabled":true,"_links":{"self":[{"href":"https:\/\/france-gastronomie.shop\/cs\/wp-json\/wp\/v2\/product\/2854","targetHints":{"allow":["GET"]}}],"collection":[{"href":"https:\/\/france-gastronomie.shop\/cs\/wp-json\/wp\/v2\/product"}],"about":[{"href":"https:\/\/france-gastronomie.shop\/cs\/wp-json\/wp\/v2\/types\/product"}],"replies":[{"embeddable":true,"href":"https:\/\/france-gastronomie.shop\/cs\/wp-json\/wp\/v2\/comments?post=2854"}],"wp:featuredmedia":[{"embeddable":true,"href":"https:\/\/france-gastronomie.shop\/cs\/wp-json\/wp\/v2\/media\/2850"}],"wp:attachment":[{"href":"https:\/\/france-gastronomie.shop\/cs\/wp-json\/wp\/v2\/media?parent=2854"}],"wp:term":[{"taxonomy":"product_brand","embeddable":true,"href":"https:\/\/france-gastronomie.shop\/cs\/wp-json\/wp\/v2\/product_brand?post=2854"},{"taxonomy":"product_cat","embeddable":true,"href":"https:\/\/france-gastronomie.shop\/cs\/wp-json\/wp\/v2\/product_cat?post=2854"},{"taxonomy":"product_tag","embeddable":true,"href":"https:\/\/france-gastronomie.shop\/cs\/wp-json\/wp\/v2\/product_tag?post=2854"}],"curies":[{"name":"wp","href":"https:\/\/api.w.org\/{rel}","templated":true}]}}