{"id":2847,"date":"2020-09-09T08:48:18","date_gmt":"2020-09-09T08:48:18","guid":{"rendered":"https:\/\/france-gastronomie.shop\/produit\/chateau-tour-carmail\/"},"modified":"2024-01-18T13:06:22","modified_gmt":"2024-01-18T13:06:22","slug":"chateau-tour-carmail","status":"publish","type":"product","link":"https:\/\/france-gastronomie.shop\/cs\/produit\/chateau-tour-carmail\/","title":{"rendered":"Ch. Tour Carmail <br\/> AOP Haut-M\u00e9doc"},"content":{"rendered":"<h5>Ch\u00e2teau Tour Carmail<br \/>\n2016<br \/>\nAOP Haut-M\u00e9doc<\/h5>\n<p>P\u016fvod<br \/>\nCh\u00e2teau Tour Carmail se nach\u00e1z\u00ed v Saint-Seurin de Cardoune, pobl\u00ed\u017e b\u0159eh\u016f \u00fast\u00ed \u0159eky Gironde.<br \/>\nPokr\u00fdv\u00e1 27 hektar\u016f os\u00e1zen\u00fdch \u0161t\u011brky a p\u00edskem.<\/p>\n<p>Vinifikace<br \/>\nOdstra\u0148ov\u00e1n\u00ed list\u00ed v l\u00e9t\u011b<br \/>\nSklize\u0148 v dob\u011b dokonal\u00e9 zralosti<br \/>\nTradi\u010dn\u00ed v\u00fdroba v\u00edna v tepeln\u011b regulovan\u00fdch cementov\u00fdch k\u00e1d\u00edch<br \/>\nDlouh\u00e9 kva\u0161en\u00ed (21 dn\u00ed)<\/p>\n<p>Odr\u016fdy<br \/>\n60% Merlot, 37% Cabernet Sauvignon, 3% Cabernet Franc<\/p>\n<p>Degustace<br \/>\nBarva tmav\u011b \u010derven\u00e1, jemn\u00e1 v\u016fn\u011b zral\u00e9ho \u010derven\u00e9ho ovoce a ko\u0159en\u00ed.<br \/>\nChu\u0165 je dob\u0159e nam\u00edchan\u00e1, vl\u00e1\u010dn\u00e1 s ovocn\u00fdm z\u00e1v\u011brem.<\/p>\n<p>Doporu\u010den\u00ed<br \/>\nCh\u00e2teau Tour Carmail bude ide\u00e1ln\u00ed s grilovan\u00fdm \u010derven\u00fdm masem, du\u0161enou zv\u011b\u0159inou a pe\u010denou dr\u016fbe\u017e\u00ed.<br \/>\nPod\u00e1vejte mezi 16 \u00b0 a 18 \u00b0 C.<\/p>\n","protected":false},"excerpt":{"rendered":"<h5>2016<br \/>\nAOP Haut-M\u00e9doc<\/h5>\n<p>Maison Le Star je realizac\u00ed snu a vyj\u00e1d\u0159en\u00edm v\u00e1\u0161n\u011b.<br \/>\nObklopeni t\u00fdmem profesion\u00e1l\u016f, enolog\u016f a sommelier\u016f, kte\u0159\u00ed zaru\u010duj\u00ed kvalitu n\u00e1mi vyr\u00e1b\u011bn\u00fdch a vybran\u00fdch v\u00edn, nab\u00edz\u00edme budouc\u00edm milovn\u00edk\u016fm a znalc\u016fm v\u00edna z cel\u00e9ho sv\u011bta kvalitn\u00ed francouzsk\u00e1 v\u00edna za odpov\u00eddaj\u00edc\u00ed cenu.<\/p>\n<p>Odr\u016fdy<br \/>\n60% Merlot, 37% Cabernet Sauvignon, 3% Cabernet Franc<\/p>\n","protected":false},"featured_media":2844,"comment_status":"closed","ping_status":"closed","template":"","meta":[],"product_brand":[],"product_cat":[383,394,400,405,385,388],"product_tag":[],"class_list":{"0":"post-2847","1":"product","2":"type-product","3":"status-publish","4":"has-post-thumbnail","6":"product_cat-vina","7":"product_cat-regiony","8":"product_cat-bordeaux-cs","9":"product_cat-haut-medoc-cs","10":"product_cat-barva","11":"product_cat-cervena-vina","13":"first","14":"outofstock","15":"taxable","16":"shipping-taxable","17":"purchasable","18":"product-type-simple"},"jetpack_sharing_enabled":true,"_links":{"self":[{"href":"https:\/\/france-gastronomie.shop\/cs\/wp-json\/wp\/v2\/product\/2847","targetHints":{"allow":["GET"]}}],"collection":[{"href":"https:\/\/france-gastronomie.shop\/cs\/wp-json\/wp\/v2\/product"}],"about":[{"href":"https:\/\/france-gastronomie.shop\/cs\/wp-json\/wp\/v2\/types\/product"}],"replies":[{"embeddable":true,"href":"https:\/\/france-gastronomie.shop\/cs\/wp-json\/wp\/v2\/comments?post=2847"}],"wp:featuredmedia":[{"embeddable":true,"href":"https:\/\/france-gastronomie.shop\/cs\/wp-json\/wp\/v2\/media\/2844"}],"wp:attachment":[{"href":"https:\/\/france-gastronomie.shop\/cs\/wp-json\/wp\/v2\/media?parent=2847"}],"wp:term":[{"taxonomy":"product_brand","embeddable":true,"href":"https:\/\/france-gastronomie.shop\/cs\/wp-json\/wp\/v2\/product_brand?post=2847"},{"taxonomy":"product_cat","embeddable":true,"href":"https:\/\/france-gastronomie.shop\/cs\/wp-json\/wp\/v2\/product_cat?post=2847"},{"taxonomy":"product_tag","embeddable":true,"href":"https:\/\/france-gastronomie.shop\/cs\/wp-json\/wp\/v2\/product_tag?post=2847"}],"curies":[{"name":"wp","href":"https:\/\/api.w.org\/{rel}","templated":true}]}}