{"id":2606,"date":"2020-09-03T11:08:08","date_gmt":"2020-09-03T11:08:08","guid":{"rendered":"https:\/\/france-gastronomie.shop\/produit\/medoc-caisse-en-bois\/"},"modified":"2024-05-22T08:52:15","modified_gmt":"2024-05-22T08:52:15","slug":"medoc-caisse-en-bois","status":"publish","type":"product","link":"https:\/\/france-gastronomie.shop\/cs\/produit\/medoc-caisse-en-bois\/","title":{"rendered":"M\u00e9doc Cru Bourgeois  <br\/>  D\u0159ev\u011bn\u00e1 bed\u00fdnka 3 lahve"},"content":{"rendered":"<h5>AOC M\u00e9doc Cru Bourgeois &#8211; d\u0159ev\u011bn\u00e1 bed\u00fdnka<\/h5>\n<h5>Ch\u00e2teau Cl\u00e9ment Saint-Jean<\/h5>\n<p>P\u016eVOD &#8211; POLOHA<br \/>\nCh\u00e2teau Cl\u00e9ment Saint-Jean v obci B\u00e9gadan je provozov\u00e1n a p\u0159\u00edmo \u0159\u00edzen vina\u0159stv\u00edm Uni-M\u00e9doc od roku 1996 pod pe\u010dliv\u00fdm dohledem enologa Laurenta Vach\u00e9ho. Vinice zauj\u00edmaj\u00ed 36 hektar\u016f velmi rozmanit\u00fdch p\u016fd: polovina vinic je vysazena v j\u00edlov\u011b-v\u00e1pencov\u00fdch p\u016fd\u00e1ch, zat\u00edmco druh\u00e1 polovina roste v p\u00eds\u010dit\u011b-\u0161t\u011brkov\u00e9 p\u016fd\u011b.<\/p>\n<p>VINIFIKACE<br \/>\nTradi\u010dn\u00ed, 9 \u2013 12 m\u011bs\u00edc\u016f v dubov\u00fdch sudech<\/p>\n<p>ODR\u016eDY<br \/>\nMerlot 58%, Cabernet Sauvignon 42%<\/p>\n<p>DEGUSTACE<br \/>\nKr\u00e1sn\u00e1 hlubok\u00e1 purpurov\u00e1 barva.<br \/>\nP\u0159\u00edjemn\u00e1 v\u016fn\u011b nab\u00edz\u00ed empyreumatick\u00e9 l\u00e1tky a ko\u0159en\u00ed, n\u00e1sleduje aroma kandovan\u00e9ho ovoce a m\u011bkk\u00fdch \u010dern\u00fdch bobul\u00ed.<br \/>\nChu\u0165 je velmi poddajn\u00e1 a du\u017enat\u00e1.<\/p>\n<p>DOPORU\u010cEN\u00cd<br \/>\nToto v\u00edno je ide\u00e1ln\u00ed pod\u00e1vat ke kachn\u00edm prs\u016fm s \u010derven\u00fdm zel\u00edm, pe\u010den\u00e9 zv\u011b\u0159in\u011b nebo tvrd\u00fdm s\u00fdr\u016fm.<\/p>\n<p>TEPLOTA<br \/>\n18\u00b0C<\/p>\n<p>OCEN\u011aN\u00cd<br \/>\n2013: St\u0159\u00edbrn\u00e1 medaile \u2013 Concours de Bordeaux 2015<br \/>\nBronzov\u00e1 medaile \u2013 Concours de Paris 2015<br \/>\n2012: Zlat\u00e1 medaile \u2013 Gilbert &amp; Gaillard<br \/>\nHachette Guide 2015 &#8211; 1 hv\u011bzdi\u010dka<\/p>\n<h5>Ch\u00e2teau Moulin de l&#8217;Abbaye<\/h5>\n<p>P\u016eVOD<br \/>\nCh\u00e2teau Moulin de l&#8217;Abbaye je mal\u00e9 8hektarov\u00e9 vina\u0159stv\u00ed nach\u00e1zej\u00edc\u00ed se na 100% j\u00edlovito v\u00e1pencov\u00fdch p\u016fd\u00e1ch.<br \/>\nV roce 2013 bylo vina\u0159stv\u00ed koupeno vina\u0159sk\u00fdm dru\u017estvem Uni-M\u00e9doc, kter\u00e9 nyn\u00ed p\u011bstuje vinice a dalo tomuto v\u00ednu status Cru bourgeois.<\/p>\n<p>VINIFIKACE<br \/>\nTradi\u010dn\u00ed vinifikace s nerezov\u00fdch k\u00e1d\u00edch s \u0159\u00edzenou teplotou.<\/p>\n<p>ODR\u016eDY<br \/>\nCabernet Sauvignon 60%, Merlot 21%, Malbec 19%<\/p>\n<p>DEGUSTACE<br \/>\nJasn\u00e1 purpurov\u00e1 barva.<br \/>\nV\u016fn\u011b uvol\u0148uje harmonickou sm\u011bs \u010derstv\u00e9ho ovoce s jemn\u00fdmi zn\u00e1mkami pe\u010diva.<br \/>\nVyv\u00e1\u017een\u00e1 chu\u0165 s intenzivn\u00edmi t\u00f3ny \u010derven\u00fdch bobul\u00ed, hladkou strukturou tanin\u016f a vynikaj\u00edc\u00ed d\u00e9lkou.<\/p>\n<p>DOPORU\u010cEN\u00cd<br \/>\nIde\u00e1ln\u011b se hod\u00ed k hov\u011bz\u00edmu \u017eebru, du\u0161en\u00e9mu jehn\u011b\u010d\u00edmu nebo k s\u00fdr\u016fm jako je Brillat Savarin.<\/p>\n<p>TEPLOTA<br \/>\n17 \u00b0C<\/p>\n<p>OCEN\u011aN\u00cd<br \/>\n2013: St\u0159\u00edbrn\u00e1 medaile M\u00e2con 2016<br \/>\nZlat\u00e1 medaile Gilbert &amp; Gaillard 2015<\/p>\n<h5>Ch\u00e2teau Pontet Barrail<\/h5>\n<p>P\u016fvod<br \/>\nCh\u00e2teau Pontet Barrail pokr\u00fdv\u00e1 17 hektar\u016f \u00fazem\u00ed slo\u017een\u00e9ho z j\u00edlovito-v\u00e1pencov\u00fdch a \u0161t\u011brkop\u00eds\u010dit\u00fdch p\u016fd.<br \/>\nVinice maj\u00ed pr\u016fm\u011brn\u00fd v\u011bk 38 let a da\u0159\u00ed se jim na tomto \u00fazem\u00ed, kter\u00e9 jim umo\u017e\u0148uje dos\u00e1hnout jejich pln\u00e9ho potenci\u00e1lu.<br \/>\nRodinn\u00e1 pr\u00e1ce na z\u00e1meck\u00fdch vinic\u00edch byla ocen\u011bna statusem &#8222;Cru Bourgeois &#8220;, co\u017e je referen\u010dn\u00edm bodem v regionu M\u00e9doc.<\/p>\n<p>Kva\u0161en\u00ed<br \/>\nTradi\u010dn\u00ed nerezov\u00e9 k\u00e1d\u011b s \u0159\u00edzenou teplotou<\/p>\n<p>Odr\u016fdy<br \/>\nCabernet Sauvignon 60%, Merlot 30%, Petit Verdot 6%, Cabernet franc 4%<\/p>\n<p>Degustace<br \/>\nGran\u00e1tov\u00e1 barva. V\u016fn\u011b po chlebu, ko\u0159en\u00ed, f\u00edc\u00edch a \u010dern\u00e9m ovoci.<br \/>\nKulat\u00e1 a v\u00fdrazn\u00e1 chu\u0165 dopl\u0148ovan\u00e1 hedv\u00e1bnou texturou, komplexn\u00edmi t\u0159\u00edslovinami a v\u016fn\u00ed \u010dern\u00e9ho ovoce.<br \/>\nCelek je rafinovan\u00fd a elegantn\u00ed s dlouh\u00fdm a aromatick\u00fdm z\u00e1v\u011brem.<\/p>\n<p>Serv\u00edrov\u00e1n\u00ed<br \/>\nHod\u00ed se k telec\u00edmu masu, ro\u0161t\u011bn\u00e9 v om\u00e1\u010dce z \u010derven\u00e9ho v\u00edna, sv\u00ed\u010dkov\u00e9 &#8222;Rossini&#8220; a zral\u00e9mu s\u00fdru Cantal na z\u00e1v\u011br.<\/p>\n<p>Teplota<br \/>\n17\u00b0C<br \/>\nArchivovat 5 a\u017e 10 let<\/p>\n<p>Ocen\u011bn\u00ed<br \/>\n2013: St\u0159\u00edbrn\u00e1 medaile Concours de Bordeaux 2015<br \/>\n2012: St\u0159\u00edbrn\u00e1 medaile Concours de Bordeaux 2014<\/p>\n","protected":false},"excerpt":{"rendered":"<h5>AOC M\u00e9doc Cru Bourgeois<\/h5>\n<p>Maison Le Star je realizac\u00ed snu a vyj\u00e1d\u0159en\u00edm v\u00e1\u0161n\u011b.<br \/>\nObklopeni t\u00fdmem profesion\u00e1l\u016f, enolog\u016f a sommelier\u016f, kte\u0159\u00ed zaru\u010duj\u00ed kvalitu n\u00e1mi vyr\u00e1b\u011bn\u00fdch a vybran\u00fdch v\u00edn, nab\u00edz\u00edme budouc\u00edm milovn\u00edk\u016fm a znalc\u016fm v\u00edna z cel\u00e9ho sv\u011bta kvalitn\u00ed francouzsk\u00e1 v\u00edna za odpov\u00eddaj\u00edc\u00ed cenu.<\/p>\n<p>Ch\u00e2teau Cl\u00e9ment Saint-Jean<br \/>\nMerlot 58%, Cabernet Sauvignon 42%<\/p>\n<p>Ch\u00e2teau Moulin de l&#8217;Abbaye<br \/>\nCabernet Sauvignon 60%, Merlot 21%, Malbec 19%<\/p>\n<p>Ch\u00e2teau Pontet Barrail<br \/>\nCabernet Sauvignon 60%, Merlot 30%, Petit Verdot 6%, Cabernet franc 4%<\/p>\n","protected":false},"featured_media":8104,"comment_status":"closed","ping_status":"closed","template":"","meta":[],"product_brand":[],"product_cat":[383,389,394,400,410,385,388],"product_tag":[],"class_list":{"0":"post-2606","1":"product","2":"type-product","3":"status-publish","4":"has-post-thumbnail","6":"product_cat-vina","7":"product_cat-spickova-vina","8":"product_cat-regiony","9":"product_cat-bordeaux-cs","10":"product_cat-medoc-cs","11":"product_cat-barva","12":"product_cat-cervena-vina","14":"first","15":"outofstock","16":"taxable","17":"shipping-taxable","18":"purchasable","19":"product-type-simple"},"jetpack_sharing_enabled":true,"_links":{"self":[{"href":"https:\/\/france-gastronomie.shop\/cs\/wp-json\/wp\/v2\/product\/2606","targetHints":{"allow":["GET"]}}],"collection":[{"href":"https:\/\/france-gastronomie.shop\/cs\/wp-json\/wp\/v2\/product"}],"about":[{"href":"https:\/\/france-gastronomie.shop\/cs\/wp-json\/wp\/v2\/types\/product"}],"replies":[{"embeddable":true,"href":"https:\/\/france-gastronomie.shop\/cs\/wp-json\/wp\/v2\/comments?post=2606"}],"wp:featuredmedia":[{"embeddable":true,"href":"https:\/\/france-gastronomie.shop\/cs\/wp-json\/wp\/v2\/media\/8104"}],"wp:attachment":[{"href":"https:\/\/france-gastronomie.shop\/cs\/wp-json\/wp\/v2\/media?parent=2606"}],"wp:term":[{"taxonomy":"product_brand","embeddable":true,"href":"https:\/\/france-gastronomie.shop\/cs\/wp-json\/wp\/v2\/product_brand?post=2606"},{"taxonomy":"product_cat","embeddable":true,"href":"https:\/\/france-gastronomie.shop\/cs\/wp-json\/wp\/v2\/product_cat?post=2606"},{"taxonomy":"product_tag","embeddable":true,"href":"https:\/\/france-gastronomie.shop\/cs\/wp-json\/wp\/v2\/product_tag?post=2606"}],"curies":[{"name":"wp","href":"https:\/\/api.w.org\/{rel}","templated":true}]}}