{"id":25914,"date":"2025-12-09T13:13:05","date_gmt":"2025-12-10T12:41:21","guid":{"rendered":"https:\/\/france-gastronomie.shop\/produit\/gorgonzola-kremova-na-lzici\/"},"modified":"2026-03-17T14:24:42","modified_gmt":"2026-03-17T13:24:42","slug":"gorgonzola-kremova-na-lzici","status":"publish","type":"product","link":"https:\/\/france-gastronomie.shop\/cs\/produit\/gorgonzola-kremova-na-lzici\/","title":{"rendered":"Gorgonzola kr\u00e9mov\u00e1 <br\/> na l\u017e\u00edci"},"content":{"rendered":"","protected":false},"excerpt":{"rendered":"<ul>\n<li data-hveid=\"CAMQAA\"><span class=\"T286Pc\" data-sfc-cp=\"\">Textura: Velmi jemn\u00e1, kr\u00e9mov\u00e1.<\/span><\/li>\n<li data-hveid=\"CAMQAQ\"><span class=\"T286Pc\" data-sfc-cp=\"\">Chu\u0165: Jemn\u00e1, ml\u00e9\u010dn\u00e1, s jemn\u00fdmi t\u00f3ny l\u00edskov\u00fdch o\u0159\u00ed\u0161k\u016f, n\u011bkdy hub, an\u00fdzu nebo \u010derstv\u00e9ho dro\u017ed\u00ed.<\/span><\/li>\n<li data-hveid=\"CAMQAg\"><span class=\"T286Pc\" data-sfc-cp=\"\">P\u016fvod: It\u00e1lie (Lombardie a Piemont).<\/span><\/li>\n<li data-hveid=\"CAMQAw\"><span class=\"T286Pc\" data-sfc-cp=\"\">Slo\u017een\u00ed: Kravsk\u00e9 ml\u00e9ko<\/span><\/li>\n<\/ul>\n","protected":false},"featured_media":25900,"comment_status":"closed","ping_status":"closed","template":"","meta":[],"product_brand":[],"product_cat":[777,642,446],"product_tag":[],"class_list":{"0":"post-25914","1":"product","2":"type-product","3":"status-publish","4":"has-post-thumbnail","6":"product_cat-cerstve-produkty","7":"product_cat-z-kravskeho-mleka","8":"product_cat-syry-cerstve-produkty","10":"first","11":"instock","12":"taxable","13":"shipping-taxable","14":"purchasable","15":"product-type-simple"},"jetpack_sharing_enabled":true,"_links":{"self":[{"href":"https:\/\/france-gastronomie.shop\/cs\/wp-json\/wp\/v2\/product\/25914","targetHints":{"allow":["GET"]}}],"collection":[{"href":"https:\/\/france-gastronomie.shop\/cs\/wp-json\/wp\/v2\/product"}],"about":[{"href":"https:\/\/france-gastronomie.shop\/cs\/wp-json\/wp\/v2\/types\/product"}],"replies":[{"embeddable":true,"href":"https:\/\/france-gastronomie.shop\/cs\/wp-json\/wp\/v2\/comments?post=25914"}],"wp:featuredmedia":[{"embeddable":true,"href":"https:\/\/france-gastronomie.shop\/cs\/wp-json\/wp\/v2\/media\/25900"}],"wp:attachment":[{"href":"https:\/\/france-gastronomie.shop\/cs\/wp-json\/wp\/v2\/media?parent=25914"}],"wp:term":[{"taxonomy":"product_brand","embeddable":true,"href":"https:\/\/france-gastronomie.shop\/cs\/wp-json\/wp\/v2\/product_brand?post=25914"},{"taxonomy":"product_cat","embeddable":true,"href":"https:\/\/france-gastronomie.shop\/cs\/wp-json\/wp\/v2\/product_cat?post=25914"},{"taxonomy":"product_tag","embeddable":true,"href":"https:\/\/france-gastronomie.shop\/cs\/wp-json\/wp\/v2\/product_tag?post=25914"}],"curies":[{"name":"wp","href":"https:\/\/api.w.org\/{rel}","templated":true}]}}