{"id":25790,"date":"2025-12-08T16:04:54","date_gmt":"2025-12-09T10:01:24","guid":{"rendered":"https:\/\/france-gastronomie.shop\/produit\/varena-sunka-le-montagnon\/"},"modified":"2025-12-11T10:47:58","modified_gmt":"2025-12-11T10:47:58","slug":"varena-sunka-le-montagnon","status":"publish","type":"product","link":"https:\/\/france-gastronomie.shop\/cs\/produit\/varena-sunka-le-montagnon\/","title":{"rendered":"Va\u0159en\u00e1 \u0161unka <br\/> Le Montagnon"},"content":{"rendered":"","protected":false},"excerpt":{"rendered":"<p>Na\u0161e \u0161unka je va\u0159ena tradi\u010dn\u00edm zp\u016fsobem a nese ozna\u010den\u00ed Porc de Montagne.<br \/>\nVyb\u00edr\u00e1me ty nejkr\u00e1sn\u011bj\u0161\u00ed \u010derstv\u00e9 \u0161unky z prasat \u201ePorc de montagne\u201c.<br \/>\nOdkost\u00edme je a nech\u00e1me p\u0159es noc odle\u017eet v chladu, aby se rozvinula v\u016fn\u011b ko\u0159en\u00ed.<br \/>\nPot\u00e9 je ru\u010dn\u011b tvarujeme a pe\u010deme v troub\u011b ve vlastn\u00ed \u0161\u0165\u00e1v\u011b, co\u017e jim dod\u00e1v\u00e1 jejich jedine\u010dnou a p\u0159irozenou chu\u0165.<\/p>\n","protected":false},"featured_media":25748,"comment_status":"closed","ping_status":"closed","template":"","meta":[],"product_brand":[],"product_cat":[777,744,1203],"product_tag":[],"class_list":{"0":"post-25790","1":"product","2":"type-product","3":"status-publish","4":"has-post-thumbnail","6":"product_cat-cerstve-produkty","7":"product_cat-uzeniny-cerstve-produkty","8":"product_cat-veprove-maso","10":"first","11":"instock","12":"taxable","13":"shipping-taxable","14":"product-type-variable"},"jetpack_sharing_enabled":true,"_links":{"self":[{"href":"https:\/\/france-gastronomie.shop\/cs\/wp-json\/wp\/v2\/product\/25790","targetHints":{"allow":["GET"]}}],"collection":[{"href":"https:\/\/france-gastronomie.shop\/cs\/wp-json\/wp\/v2\/product"}],"about":[{"href":"https:\/\/france-gastronomie.shop\/cs\/wp-json\/wp\/v2\/types\/product"}],"replies":[{"embeddable":true,"href":"https:\/\/france-gastronomie.shop\/cs\/wp-json\/wp\/v2\/comments?post=25790"}],"wp:featuredmedia":[{"embeddable":true,"href":"https:\/\/france-gastronomie.shop\/cs\/wp-json\/wp\/v2\/media\/25748"}],"wp:attachment":[{"href":"https:\/\/france-gastronomie.shop\/cs\/wp-json\/wp\/v2\/media?parent=25790"}],"wp:term":[{"taxonomy":"product_brand","embeddable":true,"href":"https:\/\/france-gastronomie.shop\/cs\/wp-json\/wp\/v2\/product_brand?post=25790"},{"taxonomy":"product_cat","embeddable":true,"href":"https:\/\/france-gastronomie.shop\/cs\/wp-json\/wp\/v2\/product_cat?post=25790"},{"taxonomy":"product_tag","embeddable":true,"href":"https:\/\/france-gastronomie.shop\/cs\/wp-json\/wp\/v2\/product_tag?post=25790"}],"curies":[{"name":"wp","href":"https:\/\/api.w.org\/{rel}","templated":true}]}}