{"id":25783,"date":"2025-12-08T15:33:49","date_gmt":"2025-12-09T09:15:13","guid":{"rendered":"https:\/\/france-gastronomie.shop\/produit\/brie-disigny-le-queton\/"},"modified":"2026-03-17T14:24:52","modified_gmt":"2026-03-17T13:24:52","slug":"brie-disigny-le-queton","status":"publish","type":"product","link":"https:\/\/france-gastronomie.shop\/cs\/produit\/brie-disigny-le-queton\/","title":{"rendered":"Brie d&#8217;Isigny <br\/> Le Qu\u00e9ton"},"content":{"rendered":"","protected":false},"excerpt":{"rendered":"<div data-subtree=\"aimfl,mfl\">Brie d&#8217;Isigny Le Queton je n\u00e1zev m\u011bkk\u00e9ho s\u00fdra s pl\u00eds\u0148ovou k\u016frou, podobn\u00e9ho camembertu, kter\u00fd se vyzna\u010duje kr\u00e9movou konzistenc\u00ed a ml\u00e9\u010dnou, o\u0159echovou chut\u00ed. Je ide\u00e1ln\u00ed ke spole\u010dn\u00e9mu stolov\u00e1n\u00ed a lze ho konzumovat jak mlad\u00fd, tak zral\u00fd.<br \/>\nVyr\u00e1b\u00ed se v Isigny Sainte-M\u00e8re v Normandii.<\/div>\n","protected":false},"featured_media":25737,"comment_status":"closed","ping_status":"closed","template":"","meta":[],"product_brand":[],"product_cat":[777,620,642,446],"product_tag":[],"class_list":{"0":"post-25783","1":"product","2":"type-product","3":"status-publish","4":"has-post-thumbnail","6":"product_cat-cerstve-produkty","7":"product_cat-nezarazene","8":"product_cat-z-kravskeho-mleka","9":"product_cat-syry-cerstve-produkty","11":"first","12":"instock","13":"taxable","14":"shipping-taxable","15":"purchasable","16":"product-type-variable"},"jetpack_sharing_enabled":true,"_links":{"self":[{"href":"https:\/\/france-gastronomie.shop\/cs\/wp-json\/wp\/v2\/product\/25783","targetHints":{"allow":["GET"]}}],"collection":[{"href":"https:\/\/france-gastronomie.shop\/cs\/wp-json\/wp\/v2\/product"}],"about":[{"href":"https:\/\/france-gastronomie.shop\/cs\/wp-json\/wp\/v2\/types\/product"}],"replies":[{"embeddable":true,"href":"https:\/\/france-gastronomie.shop\/cs\/wp-json\/wp\/v2\/comments?post=25783"}],"wp:featuredmedia":[{"embeddable":true,"href":"https:\/\/france-gastronomie.shop\/cs\/wp-json\/wp\/v2\/media\/25737"}],"wp:attachment":[{"href":"https:\/\/france-gastronomie.shop\/cs\/wp-json\/wp\/v2\/media?parent=25783"}],"wp:term":[{"taxonomy":"product_brand","embeddable":true,"href":"https:\/\/france-gastronomie.shop\/cs\/wp-json\/wp\/v2\/product_brand?post=25783"},{"taxonomy":"product_cat","embeddable":true,"href":"https:\/\/france-gastronomie.shop\/cs\/wp-json\/wp\/v2\/product_cat?post=25783"},{"taxonomy":"product_tag","embeddable":true,"href":"https:\/\/france-gastronomie.shop\/cs\/wp-json\/wp\/v2\/product_tag?post=25783"}],"curies":[{"name":"wp","href":"https:\/\/api.w.org\/{rel}","templated":true}]}}