{"id":25697,"date":"2025-12-06T15:19:27","date_gmt":"2025-12-08T12:54:53","guid":{"rendered":"https:\/\/france-gastronomie.shop\/?post_type=product&p=25697"},"modified":"2025-12-08T12:54:53","modified_gmt":"2025-12-08T12:54:53","slug":"lou-foundre-horsky","status":"publish","type":"product","link":"https:\/\/france-gastronomie.shop\/cs\/produit\/lou-foundre-horsky\/","title":{"rendered":"Lou Foundr\u00e9 <br\/> Horsk\u00fd"},"content":{"rendered":"","protected":false},"excerpt":{"rendered":"<p>Lou Fondr\u00e9 je tradi\u010dn\u00ed horsk\u00fd s\u00fdr z pasterizovan\u00e9ho plnotu\u010dn\u00e9ho kravsk\u00e9ho ml\u00e9ka, typu lisovan\u00e9ho neva\u0159en\u00e9ho s\u00fdra s oran\u017eovou k\u016frou. Zraje 6 t\u00fddn\u016f ve sklep\u011b.<br \/>\nZ tohoto s\u00fdra lze p\u0159ipravit lahodnou tartiflette, ale lze jej tak\u00e9 konzumovat na z\u00e1v\u011br j\u00eddla. <\/p>\n","protected":false},"featured_media":25573,"comment_status":"closed","ping_status":"closed","template":"","meta":[],"product_brand":[],"product_cat":[777,642,446],"product_tag":[],"class_list":{"0":"post-25697","1":"product","2":"type-product","3":"status-publish","4":"has-post-thumbnail","6":"product_cat-cerstve-produkty","7":"product_cat-z-kravskeho-mleka","8":"product_cat-syry-cerstve-produkty","10":"first","11":"instock","12":"taxable","13":"shipping-taxable","14":"product-type-variable"},"jetpack_sharing_enabled":true,"_links":{"self":[{"href":"https:\/\/france-gastronomie.shop\/cs\/wp-json\/wp\/v2\/product\/25697","targetHints":{"allow":["GET"]}}],"collection":[{"href":"https:\/\/france-gastronomie.shop\/cs\/wp-json\/wp\/v2\/product"}],"about":[{"href":"https:\/\/france-gastronomie.shop\/cs\/wp-json\/wp\/v2\/types\/product"}],"replies":[{"embeddable":true,"href":"https:\/\/france-gastronomie.shop\/cs\/wp-json\/wp\/v2\/comments?post=25697"}],"wp:featuredmedia":[{"embeddable":true,"href":"https:\/\/france-gastronomie.shop\/cs\/wp-json\/wp\/v2\/media\/25573"}],"wp:attachment":[{"href":"https:\/\/france-gastronomie.shop\/cs\/wp-json\/wp\/v2\/media?parent=25697"}],"wp:term":[{"taxonomy":"product_brand","embeddable":true,"href":"https:\/\/france-gastronomie.shop\/cs\/wp-json\/wp\/v2\/product_brand?post=25697"},{"taxonomy":"product_cat","embeddable":true,"href":"https:\/\/france-gastronomie.shop\/cs\/wp-json\/wp\/v2\/product_cat?post=25697"},{"taxonomy":"product_tag","embeddable":true,"href":"https:\/\/france-gastronomie.shop\/cs\/wp-json\/wp\/v2\/product_tag?post=25697"}],"curies":[{"name":"wp","href":"https:\/\/api.w.org\/{rel}","templated":true}]}}