{"id":25689,"date":"2025-12-06T15:04:56","date_gmt":"2025-12-08T12:44:19","guid":{"rendered":"https:\/\/france-gastronomie.shop\/?post_type=product&p=25689"},"modified":"2025-12-08T12:44:19","modified_gmt":"2025-12-08T12:44:19","slug":"pti-cabrie-farmarsky","status":"publish","type":"product","link":"https:\/\/france-gastronomie.shop\/cs\/produit\/pti-cabrie-farmarsky\/","title":{"rendered":"P&#8217;Ti cabrie <br\/> farm\u00e1\u0159sk\u00fd"},"content":{"rendered":"","protected":false},"excerpt":{"rendered":"<p><strong>P&#8217;Ti Cabrie farm\u00e1\u0159sk\u00fd<\/strong><\/p>\n<p>P&#8217;ti Cabrie je farm\u00e1\u0159sk\u00fd s\u00fdr z pasterizovan\u00e9ho koz\u00edho ml\u00e9ka, m\u011bkk\u00fd s kv\u011btovanou k\u016frou, vyr\u00e1b\u011bn\u00fd v ekologick\u00e9m zem\u011bd\u011blstv\u00ed.<br \/>\nP&#8217;ti Cabrie m\u00e1 v\u016fni \u010derstv\u00e9ho ml\u00e9ka.<br \/>\nNa pat\u0159e je to lehk\u00fd a sv\u011b\u017e\u00ed s\u00fdr s t\u00f3ny \u010derstv\u00fdch o\u0159ech\u016f, kter\u00e9 jsou dokonale vyv\u00e1\u017een\u00e9 jemnou chut\u00ed koz\u00edho ml\u00e9ka.<\/p>\n<p>Zraje a z\u00edsk\u00e1v\u00e1 na s\u00edle.<\/p>\n","protected":false},"featured_media":25564,"comment_status":"closed","ping_status":"closed","template":"","meta":[],"product_brand":[],"product_cat":[777,620,647,446],"product_tag":[],"class_list":{"0":"post-25689","1":"product","2":"type-product","3":"status-publish","4":"has-post-thumbnail","6":"product_cat-cerstve-produkty","7":"product_cat-nezarazene","8":"product_cat-z-koziho-mleka","9":"product_cat-syry-cerstve-produkty","11":"first","12":"outofstock","13":"taxable","14":"shipping-taxable","15":"purchasable","16":"product-type-simple"},"jetpack_sharing_enabled":true,"_links":{"self":[{"href":"https:\/\/france-gastronomie.shop\/cs\/wp-json\/wp\/v2\/product\/25689","targetHints":{"allow":["GET"]}}],"collection":[{"href":"https:\/\/france-gastronomie.shop\/cs\/wp-json\/wp\/v2\/product"}],"about":[{"href":"https:\/\/france-gastronomie.shop\/cs\/wp-json\/wp\/v2\/types\/product"}],"replies":[{"embeddable":true,"href":"https:\/\/france-gastronomie.shop\/cs\/wp-json\/wp\/v2\/comments?post=25689"}],"wp:featuredmedia":[{"embeddable":true,"href":"https:\/\/france-gastronomie.shop\/cs\/wp-json\/wp\/v2\/media\/25564"}],"wp:attachment":[{"href":"https:\/\/france-gastronomie.shop\/cs\/wp-json\/wp\/v2\/media?parent=25689"}],"wp:term":[{"taxonomy":"product_brand","embeddable":true,"href":"https:\/\/france-gastronomie.shop\/cs\/wp-json\/wp\/v2\/product_brand?post=25689"},{"taxonomy":"product_cat","embeddable":true,"href":"https:\/\/france-gastronomie.shop\/cs\/wp-json\/wp\/v2\/product_cat?post=25689"},{"taxonomy":"product_tag","embeddable":true,"href":"https:\/\/france-gastronomie.shop\/cs\/wp-json\/wp\/v2\/product_tag?post=25689"}],"curies":[{"name":"wp","href":"https:\/\/api.w.org\/{rel}","templated":true}]}}