{"id":25539,"date":"2025-12-05T06:42:24","date_gmt":"2025-12-05T09:45:48","guid":{"rendered":"https:\/\/france-gastronomie.shop\/?post_type=product&p=25539"},"modified":"2026-03-17T14:24:52","modified_gmt":"2026-03-17T13:24:52","slug":"roquefort-papillon-taste-noir","status":"publish","type":"product","link":"https:\/\/france-gastronomie.shop\/cs\/produit\/roquefort-papillon-taste-noir\/","title":{"rendered":"Roquefort Papillon <br\/> Taste Noir"},"content":{"rendered":"<p><strong>Roquefort Papillon Taste Noir<\/strong><\/p>\n<p>&nbsp;<\/p>\n","protected":false},"excerpt":{"rendered":"<p><strong>Roquefort Papillon Taste Noir<\/strong><\/p>\n<div class=\"gourmets-header__text\">\n<p>N\u00e1zor poroty:<br \/>\u201eOvace pro tento nep\u0159ekonateln\u00fd modr\u00fd s\u00fdr. Jedn\u00e1 se o historickou s\u00fdr\u00e1rnu, kter\u00e1 d\u011bl\u00e1 \u010dest ov\u010d\u00edmu ml\u00e9ku z Causses&#8230; V\u00fdsledek je prost\u011b neuv\u011b\u0159iteln\u00fd a l\u00e1k\u00e1 k gastronomick\u00e9mu po\u017eitku. Nech\u00e1me se okouzlit vyv\u00e1\u017eenost\u00ed chut\u00ed, kter\u00e1 hrani\u010d\u00ed s dokonalost\u00ed. Oce\u0148ujeme jeho kr\u00e9movost, jemnost a nenapodobitelnou konzistenci. M\u00e1 v\u0161echno, nic nechyb\u00ed!\u201c<\/p>\n<\/div>\n<p>Tento v\u00fdjime\u010dn\u00fd Roquefort PAPILLON se vyzna\u010duje p\u0159edev\u0161\u00edm b\u00edlou hmotou a intenzivn\u00ed modrou barvou, kter\u00e1 bohat\u011b protk\u00e1v\u00e1 jeho \u0161irok\u00e9 a \u010detn\u00e9 dutiny.<br \/>\nJeho kr\u00e9mov\u00e1 a jemn\u00e1 textura se rozpl\u00fdv\u00e1 v \u00fastech a vytv\u00e1\u0159\u00ed lahodnou chu\u0165, kter\u00e1 je doprov\u00e1zena v\u00fdrazn\u00fdm, vyv\u00e1\u017een\u00fdm a dlouh\u00fdm dozvukem.<br \/>\nTASTE NOIR \u2013 Vrchol \u0159emesln\u00e9ho um\u011bn\u00ed, kter\u00fd najdete u sv\u00e9ho s\u00fdra\u0159e.<\/p>\n","protected":false},"featured_media":25520,"comment_status":"closed","ping_status":"closed","template":"","meta":[],"product_brand":[],"product_cat":[777,638,446],"product_tag":[],"class_list":{"0":"post-25539","1":"product","2":"type-product","3":"status-publish","4":"has-post-thumbnail","6":"product_cat-cerstve-produkty","7":"product_cat-z-ovciho-mleka","8":"product_cat-syry-cerstve-produkty","10":"first","11":"instock","12":"taxable","13":"shipping-taxable","14":"purchasable","15":"product-type-variable"},"jetpack_sharing_enabled":true,"_links":{"self":[{"href":"https:\/\/france-gastronomie.shop\/cs\/wp-json\/wp\/v2\/product\/25539","targetHints":{"allow":["GET"]}}],"collection":[{"href":"https:\/\/france-gastronomie.shop\/cs\/wp-json\/wp\/v2\/product"}],"about":[{"href":"https:\/\/france-gastronomie.shop\/cs\/wp-json\/wp\/v2\/types\/product"}],"replies":[{"embeddable":true,"href":"https:\/\/france-gastronomie.shop\/cs\/wp-json\/wp\/v2\/comments?post=25539"}],"wp:featuredmedia":[{"embeddable":true,"href":"https:\/\/france-gastronomie.shop\/cs\/wp-json\/wp\/v2\/media\/25520"}],"wp:attachment":[{"href":"https:\/\/france-gastronomie.shop\/cs\/wp-json\/wp\/v2\/media?parent=25539"}],"wp:term":[{"taxonomy":"product_brand","embeddable":true,"href":"https:\/\/france-gastronomie.shop\/cs\/wp-json\/wp\/v2\/product_brand?post=25539"},{"taxonomy":"product_cat","embeddable":true,"href":"https:\/\/france-gastronomie.shop\/cs\/wp-json\/wp\/v2\/product_cat?post=25539"},{"taxonomy":"product_tag","embeddable":true,"href":"https:\/\/france-gastronomie.shop\/cs\/wp-json\/wp\/v2\/product_tag?post=25539"}],"curies":[{"name":"wp","href":"https:\/\/api.w.org\/{rel}","templated":true}]}}