{"id":25494,"date":"2024-12-04T10:56:15","date_gmt":"2025-12-04T11:15:49","guid":{"rendered":"https:\/\/france-gastronomie.shop\/produit\/chateauneuf-du-pape-100-ans-cellier-des-princes\/"},"modified":"2025-12-04T11:21:03","modified_gmt":"2025-12-04T11:21:03","slug":"chateauneuf-du-pape-100-ans-cellier-des-princes","status":"publish","type":"product","link":"https:\/\/france-gastronomie.shop\/cs\/produit\/chateauneuf-du-pape-100-ans-cellier-des-princes\/","title":{"rendered":"Chateauneuf-du-Pape <br\/> 100 ANS Cellier Des Princes"},"content":{"rendered":"<h5>Cellier des princes<br \/>\nAOC Ch\u00e2teauneuf du Pape<\/h5>\n<p>Ch\u00e2teauneuf-du-Pape 100 ANS Cellier des Princes v magnum lahvi o objemu 1,5 litru je skute\u010dnou oslavou tradice a mistrovstv\u00ed vina\u0159sk\u00e9ho um\u011bn\u00ed. Toto cuv\u00e9e bylo vytvo\u0159eno u p\u0159\u00edle\u017eitosti 100 let existence presti\u017en\u00edho dru\u017estevn\u00edho vina\u0159stv\u00ed Cellier des Princes, kter\u00e9 bylo zalo\u017eeno roku 1925 v srdci ji\u017en\u00edho \u00fadol\u00ed Rh\u00f4ny. Od sv\u00e9ho vzniku sdru\u017euje vina\u0159e s c\u00edlem pos\u00edlit jejich pozici a vyzdvihnout v\u00fdjime\u010dnost apelace Ch\u00e2teauneuf-du-Pape, dnes se nav\u00edc py\u0161n\u00ed unik\u00e1tn\u00edm statusem jedin\u00e9ho dru\u017estevn\u00edho vina\u0159stv\u00ed p\u0159\u00edmo v r\u00e1mci t\u00e9to presti\u017en\u00ed oblasti.   <\/p>\n<p>Terroir<br \/>\nJemn\u00e1 p\u00eds\u010dit\u00e1 p\u016fda s ov\u00e1ln\u00fdmi obl\u00e1zky<\/p>\n<p>Zr\u00e1n\u00ed<br \/>\nPo fermentaci n\u00e1sledovalo dvan\u00e1ctim\u011bs\u00ed\u010dn\u00ed zr\u00e1n\u00ed ve francouzsk\u00fdch dubov\u00fdch sudech a \u010d\u00e1ste\u010dn\u011b tak\u00e9 v nerezov\u00fdch.<\/p>\n<p>Odr\u016fdy<br \/>\nGrenache 98%, Mourv\u00e8dre, Syrah<\/p>\n<p>Pozn\u00e1mky k degustaci<br \/>\nVe v\u016fni se snoub\u00ed t\u00f3ny zral\u00e9ho \u010dern\u00e9ho ovoce s doteky st\u0159edomo\u0159sk\u00fdch bylin, jemn\u00fdm kakaem a decentn\u00edmi t\u00f3ny d\u0159eva. Chu\u0165 je bohat\u00e1, pln\u00e1 a vyv\u00e1\u017een\u00e1, s jemn\u011b zakomponovan\u00fdmi t\u0159\u00edslovinami a dlouh\u00fdm, elegantn\u00edm z\u00e1v\u011brem. D\u00edky sv\u00e9 struktu\u0159e a charakteru je v\u00edno ide\u00e1ln\u00edm spole\u010dn\u00edkem pro sv\u00e1te\u010dn\u00ed tabule i v\u00fdznamn\u00e9 okam\u017eiky.<\/p>\n<p>Rady k degustaci<br \/>\nPotenci\u00e1l zr\u00e1n\u00ed je 5 a\u017e 10 let, b\u011bhem kter\u00fdch se ve v\u00edn\u011b rozvine jeho komplexita a noblesa.<br \/>\nPod\u00e1vejte jej p\u0159i teplot\u011b 16\u201318 \u00b0C<\/p>\n<p>Rady k degustaci<br \/>\nSkv\u011ble chutn\u00e1 k pe\u010den\u00e9mu jehn\u011b\u010d\u00edmu, grilovan\u00fdm mas\u016fm, hov\u011bz\u00edmu rag\u00fa \u010di ku\u0159eti s provens\u00e1lsk\u00fdmi bylinkami. Lahodn\u011b se snoub\u00ed tak\u00e9 s vyzr\u00e1l\u00fdmi s\u00fdry, jako je Comt\u00e9 \u010di Cantal, a v\u00fdborn\u011b doprovod\u00ed st\u0159edomo\u0159sk\u00e9 speciality. <\/p>\n","protected":false},"excerpt":{"rendered":"<h5>AOC Ch\u00e2teauneuf du Pape<\/h5>\n<p>Ch\u00e2teauneuf-du-Pape 100 ANS Magnum je nejen poctou stolet\u00e9 historii vina\u0159stv\u00ed, ale i d\u016fkazem, \u017ee Cellier des Princes dok\u00e1\u017ee propojit tradici s inovac\u00ed a vytv\u00e1\u0159et v\u00edna, kter\u00e1 zaujmou znalce i milovn\u00edky v\u00edna po cel\u00e9m sv\u011bt\u011b.<\/p>\n<p>V roce 1925 se spojila skupina vina\u0159\u016f p\u0159esv\u011bd\u010den\u00fdch o hodnot\u00e1ch solidarity a vz\u00e1jemn\u00e9 pomoci. O jeden\u00e1ct let pozd\u011bji se tito vizion\u00e1\u0159\u0161t\u00ed vina\u0159i pod\u00edleli na vytvo\u0159en\u00ed prvn\u00ed apelace ve Francii: CH\u00c2TEAUNEUF-DU-PAPE.<br \/>\n189 vina\u0159\u016f z CELLIER DES PRINCES, kte\u0159\u00ed byli na po\u010d\u00e1tku sjednoceni, je hrd\u00fdch na to, \u017ee mohou sv\u00e1 v\u00edna prod\u00e1vat na v\u0161ech p\u011bti kontinentech a p\u0159ed\u00e1vat sv\u00e9 hodnoty, jako je pohostinnost a dokonalost. <\/p>\n<p>Odr\u016fdy: Grenache 98%, Mourv\u00e8dre, Syrah<\/p>\n","protected":false},"featured_media":25491,"comment_status":"closed","ping_status":"closed","template":"","meta":[],"product_brand":[],"product_cat":[383,394,435,436,388],"product_tag":[],"class_list":{"0":"post-25494","1":"product","2":"type-product","3":"status-publish","4":"has-post-thumbnail","6":"product_cat-vina","7":"product_cat-regiony","8":"product_cat-vallee-du-rhone-cs","9":"product_cat-chateauneuf-du-pape-cs","10":"product_cat-cervena-vina","12":"first","13":"instock","14":"taxable","15":"shipping-taxable","16":"purchasable","17":"product-type-simple"},"jetpack_sharing_enabled":true,"_links":{"self":[{"href":"https:\/\/france-gastronomie.shop\/cs\/wp-json\/wp\/v2\/product\/25494","targetHints":{"allow":["GET"]}}],"collection":[{"href":"https:\/\/france-gastronomie.shop\/cs\/wp-json\/wp\/v2\/product"}],"about":[{"href":"https:\/\/france-gastronomie.shop\/cs\/wp-json\/wp\/v2\/types\/product"}],"replies":[{"embeddable":true,"href":"https:\/\/france-gastronomie.shop\/cs\/wp-json\/wp\/v2\/comments?post=25494"}],"wp:featuredmedia":[{"embeddable":true,"href":"https:\/\/france-gastronomie.shop\/cs\/wp-json\/wp\/v2\/media\/25491"}],"wp:attachment":[{"href":"https:\/\/france-gastronomie.shop\/cs\/wp-json\/wp\/v2\/media?parent=25494"}],"wp:term":[{"taxonomy":"product_brand","embeddable":true,"href":"https:\/\/france-gastronomie.shop\/cs\/wp-json\/wp\/v2\/product_brand?post=25494"},{"taxonomy":"product_cat","embeddable":true,"href":"https:\/\/france-gastronomie.shop\/cs\/wp-json\/wp\/v2\/product_cat?post=25494"},{"taxonomy":"product_tag","embeddable":true,"href":"https:\/\/france-gastronomie.shop\/cs\/wp-json\/wp\/v2\/product_tag?post=25494"}],"curies":[{"name":"wp","href":"https:\/\/api.w.org\/{rel}","templated":true}]}}