{"id":25469,"date":"2025-12-02T16:05:36","date_gmt":"2025-12-03T10:40:24","guid":{"rendered":"https:\/\/france-gastronomie.shop\/produit\/morsky-snek-ve-vyvaru\/"},"modified":"2025-12-03T10:40:24","modified_gmt":"2025-12-03T10:40:24","slug":"morsky-snek-ve-vyvaru","status":"publish","type":"product","link":"https:\/\/france-gastronomie.shop\/cs\/produit\/morsky-snek-ve-vyvaru\/","title":{"rendered":"Mo\u0159sk\u00fd \u0161nek <br\/> ve v\u00fdvaru"},"content":{"rendered":"<p><strong>Mo\u0159sk\u00fd \u0161nek ve v\u00fdvaru Azais-Polito<\/strong><\/p>\n<p>Objevte chut\u011b na\u0161eho regionu prost\u0159ednictv\u00edm jednoho z nejnov\u011bj\u0161\u00edch produkt\u016f, kter\u00fd byl vyvinut pro va\u0161e pot\u011b\u0161en\u00ed a je na trhu st\u00e1le jedine\u010dn\u00fd.<br \/>\nTento v\u00fdvar z mo\u0159sk\u00fdch snek\u016f je vyroben z velk\u00fdch \u0161nek\u016f podle tradi\u010dn\u00edch receptur z na\u0161eho regionu. Tento produkt je jak rafinovan\u00fdm sv\u00e1te\u010dn\u00edm pokrmem, tak i velmi obl\u00edben\u00fdm letn\u00edm j\u00eddlem.<br \/>\nJeho slo\u017een\u00ed a tradi\u010dn\u00ed zp\u016fsoby v\u00fdroby mu zaji\u0161\u0165uj\u00ed pozici v nejvy\u0161\u0161\u00ed kategorii.<br \/>\nBez p\u0159idan\u00fdch l\u00e1tek, barviv a konzervant\u016f. <\/p>\n<p>Na\u0161i mo\u0159\u0161t\u00ed \u0161neci v buj\u00f3nu jsou p\u0159ipraveny k okam\u017eit\u00e9 spot\u0159eb\u011b. Pro optim\u00e1ln\u00ed chu\u0165 je sce\u010fte a pod\u00e1vejte studen\u00e9<br \/>s na\u0161\u00edm aioli nebo na\u0161\u00ed rouille s\u00e9toise. M\u016f\u017eete je tak\u00e9 ochutnat jako hlavn\u00ed chod s va\u0159en\u00fdmi bramborami (nejl\u00e9pe nov\u00fdmi) a hust\u00fdm aioli.  <\/p>\n<p>V\u00fdvar 55 % (voda, paprika, b\u00edl\u00e9 v\u00edno, s\u016fl, mrkev a bady\u00e1n) a MO\u0158\u0160T\u00cd \u0160NECI 45 %.<\/p>\n<p>Skladujte v suchu p\u0159i pokojov\u00e9 teplot\u011b a chra\u0148te p\u0159ed sv\u011btlem.<br \/>\nPo otev\u0159en\u00ed skladujte v chladni\u010dce 2 a\u017e 3 dny.<\/p>\n<p>Alergen: M\u011aKK\u00dd\u0160 (ulita)<br \/>\nBez GMO, neionizovan\u00e9.<\/p>\n<p>Nutri\u010dn\u00ed hodnoty na 100 g<br \/>\nEnergie v kcal: 43,00<br \/>\nEnergie v kJ: 181,00<br \/>\nB\u00edlkoviny (g): 8,11<br \/>\nSacharidy (g): 1,62<br \/>\nz toho cukry (g): 0,36<br \/>\nTuky (g): 0,27<br \/>\nz toho nasycen\u00e9 mastn\u00e9 kyseliny (g): 0,04<br \/>\nVl\u00e1knina (g): 0,10<br \/>\nS\u016fl (g): 0,96<\/p>\n","protected":false},"excerpt":{"rendered":"<p><strong>Chobotnice v pikantn\u00ed om\u00e1\u010dce Azais-Polito<\/strong><\/p>\n<p>2 \u00e0 3 tal\u00ed\u0159ky<\/p>\n<p>Od otc\u016f po syny, po n\u011bkolik desetilet\u00ed denn\u011b pracujeme na udr\u017een\u00ed tohoto know-how a na\u0161ich tradic. Na\u0161e v\u00fdrobn\u00ed metody v\u017edy zachov\u00e1valy \u0159emesln\u00e9 metody tradi\u010dn\u00ed konzerv\u00e1rny. Na\u0161e zava\u0159eliny jsou v\u017edy p\u0159ipravov\u00e1ny ru\u010dn\u011b a podle na\u0161ich znalost\u00ed a vynikaj\u00ed v\u00fdjime\u010dnou chut\u00ed, recepty na na\u0161e pol\u00e9vky, sal\u00e1ty, hotov\u00e1 j\u00eddla a p\u0159\u00edlohy podl\u00e9haj\u00ed d\u016fkladn\u00e9mu v\u00fdb\u011bru nejlep\u0161\u00edch surovin s bezchybnou kvalitou d\u00edky pe\u010dliv\u00e9mu respektu k recept\u016fm.   Pr\u00e1v\u011b tato zvl\u00e1dnut\u00e1 technologie dnes p\u0159edev\u0161\u00edm charakterizuje na\u0161i identitu, aby v\u00e1m nab\u00eddla \u0161\u0165avnat\u00e9 chv\u00edle&#8230;<\/p>\n<p>Jsou to prav\u00e9 produkty a pr\u00e1v\u011b jejich jasn\u00e1 jednoduchost tvo\u0159\u00ed jejich kouzlo, stejn\u011b jako kuchyn\u011b v S\u00e8te, kter\u00e1 je zbavena ve\u0161ker\u00e9 ok\u00e1zalosti, aby l\u00e9pe vynikla chu\u0165 m\u00edstn\u00edch surovin.<\/p>\n","protected":false},"featured_media":25363,"comment_status":"closed","ping_status":"closed","template":"","meta":[],"product_brand":[],"product_cat":[1120,441],"product_tag":[],"class_list":{"0":"post-25469","1":"product","2":"type-product","3":"status-publish","4":"has-post-thumbnail","6":"product_cat-morske-produkty","7":"product_cat-potraviny","9":"first","10":"instock","11":"taxable","12":"shipping-taxable","13":"purchasable","14":"product-type-simple"},"jetpack_sharing_enabled":true,"_links":{"self":[{"href":"https:\/\/france-gastronomie.shop\/cs\/wp-json\/wp\/v2\/product\/25469","targetHints":{"allow":["GET"]}}],"collection":[{"href":"https:\/\/france-gastronomie.shop\/cs\/wp-json\/wp\/v2\/product"}],"about":[{"href":"https:\/\/france-gastronomie.shop\/cs\/wp-json\/wp\/v2\/types\/product"}],"replies":[{"embeddable":true,"href":"https:\/\/france-gastronomie.shop\/cs\/wp-json\/wp\/v2\/comments?post=25469"}],"wp:featuredmedia":[{"embeddable":true,"href":"https:\/\/france-gastronomie.shop\/cs\/wp-json\/wp\/v2\/media\/25363"}],"wp:attachment":[{"href":"https:\/\/france-gastronomie.shop\/cs\/wp-json\/wp\/v2\/media?parent=25469"}],"wp:term":[{"taxonomy":"product_brand","embeddable":true,"href":"https:\/\/france-gastronomie.shop\/cs\/wp-json\/wp\/v2\/product_brand?post=25469"},{"taxonomy":"product_cat","embeddable":true,"href":"https:\/\/france-gastronomie.shop\/cs\/wp-json\/wp\/v2\/product_cat?post=25469"},{"taxonomy":"product_tag","embeddable":true,"href":"https:\/\/france-gastronomie.shop\/cs\/wp-json\/wp\/v2\/product_tag?post=25469"}],"curies":[{"name":"wp","href":"https:\/\/api.w.org\/{rel}","templated":true}]}}