{"id":25461,"date":"2025-12-02T18:11:06","date_gmt":"2025-12-03T10:32:12","guid":{"rendered":"https:\/\/france-gastronomie.shop\/produit\/omacka-armorikanska-azais-polito\/"},"modified":"2025-12-03T10:32:12","modified_gmt":"2025-12-03T10:32:12","slug":"omacka-armorikanska-azais-polito","status":"publish","type":"product","link":"https:\/\/france-gastronomie.shop\/cs\/produit\/omacka-armorikanska-azais-polito\/","title":{"rendered":"Om\u00e1\u010dka Armorik\u00e1nsk\u00e1 <br\/> Azais-Polito"},"content":{"rendered":"<p><strong>Om\u00e1\u010dka Armorik\u00e1nsk\u00e1 Azais-Polito<\/strong><\/p>\n<p>Om\u00e1\u010dka Armorik\u00e1nsk\u00e1 vyr\u00e1b\u011bn\u00e1 tradi\u010dn\u00edm zp\u016fsobem spole\u010dnost\u00ed Azais Polito.<br \/>\nPro milovn\u00edky t\u00e9to zn\u00e1m\u00e9 om\u00e1\u010dky, kter\u00e1 kombinuje raj\u010data a kor\u00fd\u0161e. Om\u00e1\u010dka je obl\u00edben\u00fdm dopl\u0148kem gurm\u00e1n\u016f a milovn\u00edk\u016f mo\u0159sk\u00fdch plod\u016f.<br \/>\n\u0158\u00edk\u00e1 se, \u017ee je to om\u00e1\u010dka mezi mo\u0159em a zem\u00ed!<br \/>\nPo oh\u0159\u00e1t\u00ed na m\u00edrn\u00e9m ohni se pod\u00e1v\u00e1 k ryb\u00e1m.<\/p>\n<p>Voda, raj\u010data, kor\u00fd\u0161i, ml\u00e9ko, cibule, b\u00edl\u00e9 v\u00edno, p\u00f3rek, mrkev, smetana, extra panensk\u00fd olivov\u00fd olej,<br \/>\nraj\u010datov\u00fd koncentr\u00e1t, calvados, s\u016fl, zahu\u0161\u0165ovadlo: mouka z rohovn\u00edku, \u010desnek, kurkuma, estragon a pep\u0159.<\/p>\n<p>Skladujte v suchu p\u0159i pokojov\u00e9 teplot\u011b a chra\u0148te p\u0159ed sv\u011btlem.<br \/>\nPo otev\u0159en\u00ed skladujte v chladni\u010dce 2 a\u017e 3 dny.<\/p>\n<p>Alergeny: KOR\u00dd\u0160I, ML\u00c9KO<\/p>\n<p>Nutri\u010dn\u00ed hodnoty na 100 g<br \/>\nEnergie v kcal: 74,00<br \/>\nEnergie v kJ: 308,00<br \/>\nB\u00edlkoviny (g): 3,50<br \/>\nSacharidy (g): 3,23<br \/>\nz toho cukry (g): 2,01<br \/>\nTuky (g): 4,29<br \/>\nz toho nasycen\u00e9 mastn\u00e9 kyseliny (g): 0,83<br \/>\nS\u016fl (g): 1,58<\/p>\n","protected":false},"excerpt":{"rendered":"<p><strong>Om\u00e1\u010dka Armorik\u00e1nsk\u00e1 Azais-Polito<\/strong><\/p>\n<p>Od otc\u016f po syny, po n\u011bkolik desetilet\u00ed denn\u011b pracujeme na udr\u017een\u00ed tohoto know-how a na\u0161ich tradic. Na\u0161e v\u00fdrobn\u00ed metody v\u017edy zachov\u00e1valy \u0159emesln\u00e9 metody tradi\u010dn\u00ed konzerv\u00e1rny. Na\u0161e zava\u0159eliny jsou v\u017edy p\u0159ipravov\u00e1ny ru\u010dn\u011b a podle na\u0161ich znalost\u00ed a vynikaj\u00ed v\u00fdjime\u010dnou chut\u00ed, recepty na na\u0161e pol\u00e9vky, sal\u00e1ty, hotov\u00e1 j\u00eddla a p\u0159\u00edlohy podl\u00e9haj\u00ed d\u016fkladn\u00e9mu v\u00fdb\u011bru nejlep\u0161\u00edch surovin s bezchybnou kvalitou d\u00edky pe\u010dliv\u00e9mu respektu k recept\u016fm.   Pr\u00e1v\u011b tato zvl\u00e1dnut\u00e1 technologie dnes p\u0159edev\u0161\u00edm charakterizuje na\u0161i identitu, aby v\u00e1m nab\u00eddla \u0161\u0165avnat\u00e9 chv\u00edle&#8230;<\/p>\n<p>Jsou to prav\u00e9 produkty a pr\u00e1v\u011b jejich jasn\u00e1 jednoduchost tvo\u0159\u00ed jejich kouzlo, stejn\u011b jako kuchyn\u011b v S\u00e8te, kter\u00e1 je zbavena ve\u0161ker\u00e9 ok\u00e1zalosti, aby l\u00e9pe vynikla chu\u0165 m\u00edstn\u00edch surovin.<\/p>\n","protected":false},"featured_media":25404,"comment_status":"closed","ping_status":"closed","template":"","meta":[],"product_brand":[],"product_cat":[1120,591,441],"product_tag":[],"class_list":{"0":"post-25461","1":"product","2":"type-product","3":"status-publish","4":"has-post-thumbnail","6":"product_cat-morske-produkty","7":"product_cat-omacky","8":"product_cat-potraviny","10":"first","11":"instock","12":"taxable","13":"shipping-taxable","14":"purchasable","15":"product-type-simple"},"jetpack_sharing_enabled":true,"_links":{"self":[{"href":"https:\/\/france-gastronomie.shop\/cs\/wp-json\/wp\/v2\/product\/25461","targetHints":{"allow":["GET"]}}],"collection":[{"href":"https:\/\/france-gastronomie.shop\/cs\/wp-json\/wp\/v2\/product"}],"about":[{"href":"https:\/\/france-gastronomie.shop\/cs\/wp-json\/wp\/v2\/types\/product"}],"replies":[{"embeddable":true,"href":"https:\/\/france-gastronomie.shop\/cs\/wp-json\/wp\/v2\/comments?post=25461"}],"wp:featuredmedia":[{"embeddable":true,"href":"https:\/\/france-gastronomie.shop\/cs\/wp-json\/wp\/v2\/media\/25404"}],"wp:attachment":[{"href":"https:\/\/france-gastronomie.shop\/cs\/wp-json\/wp\/v2\/media?parent=25461"}],"wp:term":[{"taxonomy":"product_brand","embeddable":true,"href":"https:\/\/france-gastronomie.shop\/cs\/wp-json\/wp\/v2\/product_brand?post=25461"},{"taxonomy":"product_cat","embeddable":true,"href":"https:\/\/france-gastronomie.shop\/cs\/wp-json\/wp\/v2\/product_cat?post=25461"},{"taxonomy":"product_tag","embeddable":true,"href":"https:\/\/france-gastronomie.shop\/cs\/wp-json\/wp\/v2\/product_tag?post=25461"}],"curies":[{"name":"wp","href":"https:\/\/api.w.org\/{rel}","templated":true}]}}