{"id":25459,"date":"2025-12-02T18:18:21","date_gmt":"2025-12-03T10:28:48","guid":{"rendered":"https:\/\/france-gastronomie.shop\/produit\/americka-omacka-azais-polito\/"},"modified":"2025-12-03T10:28:48","modified_gmt":"2025-12-03T10:28:48","slug":"americka-omacka-azais-polito","status":"publish","type":"product","link":"https:\/\/france-gastronomie.shop\/cs\/produit\/americka-omacka-azais-polito\/","title":{"rendered":"Americk\u00e1 om\u00e1\u010dka <br\/> Azais-Polito"},"content":{"rendered":"<p><strong>Americk\u00e1 om\u00e1\u010dka Azais-Polito<\/strong><\/p>\n<p>Tato om\u00e1\u010dka je p\u0159ipravena k okam\u017eit\u00e9 konzumaci.<br \/>\nJej\u00ed n\u00e1zev a receptura poch\u00e1zej\u00ed od v\u00fdznamn\u00e9ho \u0161\u00e9fkucha\u0159e z m\u011bsta S\u00e8te, kter\u00fd \u017eije v exilu v Chicagu.<br \/>\nOm\u00e1\u010dka, kter\u00e1 je spjata s m\u00edstn\u00ed tradic\u00ed, je dnes zn\u00e1m\u00e1 po cel\u00e9m sv\u011bt\u011b a skv\u011ble se hod\u00ed zejm\u00e9na k ryb\u00e1m a kor\u00fd\u0161\u016fm.<br \/>\nJe vyrobena z prvot\u0159\u00eddn\u00edch surovin a ochucena bylinkami a b\u00edl\u00fdm v\u00ednem z jihu Francie.<br \/>\nD\u00edky sv\u00e9mu tradi\u010dn\u00edmu slo\u017een\u00ed a \u0159emesln\u00fdm v\u00fdrobn\u00edm metod\u00e1m se jedn\u00e1 o produkt s jasn\u00fdm postaven\u00edm v nejvy\u0161\u0161\u00ed cenov\u00e9 kategorii.<\/p>\n<p>Om\u00e1\u010dka k ryb\u00e1m, t\u011bstovin\u00e1m atd.<\/p>\n<p>Voda, raj\u010data, KOR\u00dd\u0160I, ML\u00c9KO, cibule, p\u00f3rek, mrkev, extra panensk\u00fd olivov\u00fd olej, b\u00edl\u00e9 v\u00edno, raj\u010datov\u00fd protlak, SMETANA, zahu\u0161\u0165ovadlo: mouka karobov\u00e1, s\u016fl, ko\u0148ak, \u010desnek, kurkuma, fenykl, pep\u0159 a estragon.<\/p>\n<p>Skladujte v suchu p\u0159i pokojov\u00e9 teplot\u011b a chra\u0148te p\u0159ed sv\u011btlem.<br \/>\nPo otev\u0159en\u00ed skladujte v chladni\u010dce 2 a\u017e 3 dny.<\/p>\n<p>Alergeny: KOR\u00dd\u0160I \u2013 ML\u00c9KO \u2013 SMETANA<br \/>\nBez GMO, neionizovan\u00e9.<\/p>\n<p>Nutri\u010dn\u00ed hodnoty na 100 g<br \/>\nEnergie v kcal: 64,00<br \/>\nEnergie v kJ: 269,00<br \/>\nB\u00edlkoviny (g): 3,92<br \/>\nSacharidy (g): 3,64<br \/>\nz toho cukry (g): 2,71<br \/>\nTuky (g): 3,15<br \/>\nz toho nasycen\u00e9 mastn\u00e9 kyseliny (g): 0,50<br \/>\nVl\u00e1knina (g): 1,67<br \/>\nS\u016fl (g): 1,46<\/p>\n","protected":false},"excerpt":{"rendered":"<p><strong>Americk\u00e1 om\u00e1\u010dka Azais-Polito<\/strong><\/p>\n<p>Od otc\u016f po syny, po n\u011bkolik desetilet\u00ed denn\u011b pracujeme na udr\u017een\u00ed tohoto know-how a na\u0161ich tradic. Na\u0161e v\u00fdrobn\u00ed metody v\u017edy zachov\u00e1valy \u0159emesln\u00e9 metody tradi\u010dn\u00ed konzerv\u00e1rny. Na\u0161e zava\u0159eliny jsou v\u017edy p\u0159ipravov\u00e1ny ru\u010dn\u011b a podle na\u0161ich znalost\u00ed a vynikaj\u00ed v\u00fdjime\u010dnou chut\u00ed, recepty na na\u0161e pol\u00e9vky, sal\u00e1ty, hotov\u00e1 j\u00eddla a p\u0159\u00edlohy podl\u00e9haj\u00ed d\u016fkladn\u00e9mu v\u00fdb\u011bru nejlep\u0161\u00edch surovin s bezchybnou kvalitou d\u00edky pe\u010dliv\u00e9mu respektu k recept\u016fm.   Pr\u00e1v\u011b tato zvl\u00e1dnut\u00e1 technologie dnes p\u0159edev\u0161\u00edm charakterizuje na\u0161i identitu, aby v\u00e1m nab\u00eddla \u0161\u0165avnat\u00e9 chv\u00edle&#8230;<\/p>\n<p>Jsou to prav\u00e9 produkty a pr\u00e1v\u011b jejich jasn\u00e1 jednoduchost tvo\u0159\u00ed jejich kouzlo, stejn\u011b jako kuchyn\u011b v S\u00e8te, kter\u00e1 je zbavena ve\u0161ker\u00e9 ok\u00e1zalosti, aby l\u00e9pe vynikla chu\u0165 m\u00edstn\u00edch surovin.<\/p>\n","protected":false},"featured_media":25410,"comment_status":"closed","ping_status":"closed","template":"","meta":[],"product_brand":[],"product_cat":[1120,591,441],"product_tag":[],"class_list":{"0":"post-25459","1":"product","2":"type-product","3":"status-publish","4":"has-post-thumbnail","6":"product_cat-morske-produkty","7":"product_cat-omacky","8":"product_cat-potraviny","10":"first","11":"instock","12":"taxable","13":"shipping-taxable","14":"purchasable","15":"product-type-simple"},"jetpack_sharing_enabled":true,"_links":{"self":[{"href":"https:\/\/france-gastronomie.shop\/cs\/wp-json\/wp\/v2\/product\/25459","targetHints":{"allow":["GET"]}}],"collection":[{"href":"https:\/\/france-gastronomie.shop\/cs\/wp-json\/wp\/v2\/product"}],"about":[{"href":"https:\/\/france-gastronomie.shop\/cs\/wp-json\/wp\/v2\/types\/product"}],"replies":[{"embeddable":true,"href":"https:\/\/france-gastronomie.shop\/cs\/wp-json\/wp\/v2\/comments?post=25459"}],"wp:featuredmedia":[{"embeddable":true,"href":"https:\/\/france-gastronomie.shop\/cs\/wp-json\/wp\/v2\/media\/25410"}],"wp:attachment":[{"href":"https:\/\/france-gastronomie.shop\/cs\/wp-json\/wp\/v2\/media?parent=25459"}],"wp:term":[{"taxonomy":"product_brand","embeddable":true,"href":"https:\/\/france-gastronomie.shop\/cs\/wp-json\/wp\/v2\/product_brand?post=25459"},{"taxonomy":"product_cat","embeddable":true,"href":"https:\/\/france-gastronomie.shop\/cs\/wp-json\/wp\/v2\/product_cat?post=25459"},{"taxonomy":"product_tag","embeddable":true,"href":"https:\/\/france-gastronomie.shop\/cs\/wp-json\/wp\/v2\/product_tag?post=25459"}],"curies":[{"name":"wp","href":"https:\/\/api.w.org\/{rel}","templated":true}]}}