{"id":25457,"date":"2025-12-02T16:56:20","date_gmt":"2025-12-03T10:26:20","guid":{"rendered":"https:\/\/france-gastronomie.shop\/produit\/aioli-provensalska-remeslna-vyroba\/"},"modified":"2025-12-22T06:54:32","modified_gmt":"2025-12-22T05:54:32","slug":"aioli-provensalska-remeslna-vyroba","status":"publish","type":"product","link":"https:\/\/france-gastronomie.shop\/cs\/produit\/aioli-provensalska-remeslna-vyroba\/","title":{"rendered":"Aioli Provens\u00e1lsk\u00e1 <br\/> \u0158emesln\u00e1 v\u00fdroba"},"content":{"rendered":"<p><strong>Aioli Provens\u00e1lsk\u00e1 Azais-Polito<\/strong><\/p>\n<p>Typick\u00e1 ji\u017en\u00ed om\u00e1\u010dka, A\u00efoli Proven\u00e7al, m\u00e1 odjak\u017eiva sv\u00e9 m\u00edsto mezi nejzn\u00e1m\u011bj\u0161\u00edmi produkty na\u0161eho regionu.<br \/>\nTato emulze je jednou z m\u00e1la na trhu, kter\u00e1 se st\u00e1le vyr\u00e1b\u00ed z \u010derstv\u00fdch vajec, co\u017e v\u00e1m umo\u017en\u00ed vychutnat si chu\u0165 tradi\u010dn\u00ed om\u00e1\u010dky. Na\u0161e A\u00efoli je \u0159emesln\u00fd produkt, kter\u00fd v\u00e1s okouzl\u00ed svou \u010desnekovou chut\u00ed a lehkou konzistenc\u00ed. <\/p>\n<p>Pod\u00e9l na\u0161ich st\u0159edomo\u0159sk\u00fdch pob\u0159e\u017e\u00ed konzumujeme aioli hlavn\u011b s mu\u0161lemi nebo rybami.<br \/>\nTato om\u00e1\u010dka s p\u0159\u00edchut\u00ed regionu S\u00e8te se skv\u011ble hod\u00ed k na\u0161im ryb\u00edm pol\u00e9vk\u00e1m a hotov\u00fdm j\u00eddl\u016fm. Tato om\u00e1\u010dka je tak\u00e9 vynikaj\u00edc\u00ed s kor\u00fd\u0161i, zejm\u00e9na s krevetami. Abyste je\u0161t\u011b v\u00edce ocenili jej\u00ed v\u016fni, doporu\u010dujeme ji ochutnat s na\u0161imi \u010desnekov\u00fdmi krutony. Na\u0161i provens\u00e1lskou aioli m\u016f\u017eete tak\u00e9 konzumovat na toastu jako aperitiv.<\/p>\n<p>   <\/p>\n<p>\u0158epkov\u00fd olej, VEJCE 20 %, extra panensk\u00fd olivov\u00fd olej 18,3 %, \u010desnek 2,5 %, s\u016fl, ocet a kyselinotvorn\u00e1 l\u00e1tka: E330.<\/p>\n<p>Skladujte v suchu p\u0159i pokojov\u00e9 teplot\u011b a chra\u0148te p\u0159ed sv\u011btlem.<br \/>\nPo otev\u0159en\u00ed skladujte v chladni\u010dce 2 a\u017e 3 dny.<\/p>\n<p>Alergeny: VEJCE<br \/>\nBez GMO, neionizovan\u00e9.<\/p>\n<p>Nutri\u010dn\u00ed hodnoty na 100 g<br \/>\nEnergie v kcal: 700,00<br \/>\nEnergie v kJ: 2858,00<br \/>\nB\u00edlkoviny (g): 2,93<br \/>\nSacharidy (g): 0,79<br \/>\nz toho cukry (g): 0,20<br \/>\nTuky (g): 75,46<br \/>\nz toho nasycen\u00e9 mastn\u00e9 kyseliny (g): 6,96<br \/>\nVl\u00e1knina (g): 0,14<br \/>\nS\u016fl (g): 1,14<\/p>\n","protected":false},"excerpt":{"rendered":"<p><strong>Aioli Provencal Azais-Polito<\/strong><\/p>\n<p>Od otc\u016f po syny, po n\u011bkolik desetilet\u00ed denn\u011b pracujeme na udr\u017een\u00ed tohoto know-how a na\u0161ich tradic. Na\u0161e v\u00fdrobn\u00ed metody v\u017edy zachov\u00e1valy \u0159emesln\u00e9 metody tradi\u010dn\u00ed konzerv\u00e1rny. Na\u0161e zava\u0159eliny jsou v\u017edy p\u0159ipravov\u00e1ny ru\u010dn\u011b a podle na\u0161ich znalost\u00ed a vynikaj\u00ed v\u00fdjime\u010dnou chut\u00ed, recepty na na\u0161e pol\u00e9vky, sal\u00e1ty, hotov\u00e1 j\u00eddla a p\u0159\u00edlohy podl\u00e9haj\u00ed d\u016fkladn\u00e9mu v\u00fdb\u011bru nejlep\u0161\u00edch surovin s bezchybnou kvalitou d\u00edky pe\u010dliv\u00e9mu respektu k recept\u016fm.   Pr\u00e1v\u011b tato zvl\u00e1dnut\u00e1 technologie dnes p\u0159edev\u0161\u00edm charakterizuje na\u0161i identitu, aby v\u00e1m nab\u00eddla \u0161\u0165avnat\u00e9 chv\u00edle&#8230;<\/p>\n<p>Jsou to prav\u00e9 produkty a pr\u00e1v\u011b jejich jasn\u00e1 jednoduchost tvo\u0159\u00ed jejich kouzlo, stejn\u011b jako kuchyn\u011b v S\u00e8te, kter\u00e1 je zbavena ve\u0161ker\u00e9 ok\u00e1zalosti, aby l\u00e9pe vynikla chu\u0165 m\u00edstn\u00edch surovin.<\/p>\n","protected":false},"featured_media":25384,"comment_status":"closed","ping_status":"closed","template":"","meta":[],"product_brand":[],"product_cat":[604,1120,441],"product_tag":[],"class_list":{"0":"post-25457","1":"product","2":"type-product","3":"status-publish","4":"has-post-thumbnail","6":"product_cat-k-namazani","7":"product_cat-morske-produkty","8":"product_cat-potraviny","10":"first","11":"instock","12":"taxable","13":"shipping-taxable","14":"purchasable","15":"product-type-simple"},"jetpack_sharing_enabled":true,"_links":{"self":[{"href":"https:\/\/france-gastronomie.shop\/cs\/wp-json\/wp\/v2\/product\/25457","targetHints":{"allow":["GET"]}}],"collection":[{"href":"https:\/\/france-gastronomie.shop\/cs\/wp-json\/wp\/v2\/product"}],"about":[{"href":"https:\/\/france-gastronomie.shop\/cs\/wp-json\/wp\/v2\/types\/product"}],"replies":[{"embeddable":true,"href":"https:\/\/france-gastronomie.shop\/cs\/wp-json\/wp\/v2\/comments?post=25457"}],"wp:featuredmedia":[{"embeddable":true,"href":"https:\/\/france-gastronomie.shop\/cs\/wp-json\/wp\/v2\/media\/25384"}],"wp:attachment":[{"href":"https:\/\/france-gastronomie.shop\/cs\/wp-json\/wp\/v2\/media?parent=25457"}],"wp:term":[{"taxonomy":"product_brand","embeddable":true,"href":"https:\/\/france-gastronomie.shop\/cs\/wp-json\/wp\/v2\/product_brand?post=25457"},{"taxonomy":"product_cat","embeddable":true,"href":"https:\/\/france-gastronomie.shop\/cs\/wp-json\/wp\/v2\/product_cat?post=25457"},{"taxonomy":"product_tag","embeddable":true,"href":"https:\/\/france-gastronomie.shop\/cs\/wp-json\/wp\/v2\/product_tag?post=25457"}],"curies":[{"name":"wp","href":"https:\/\/api.w.org\/{rel}","templated":true}]}}