{"id":25455,"date":"2025-12-02T18:32:34","date_gmt":"2025-12-03T10:23:01","guid":{"rendered":"https:\/\/france-gastronomie.shop\/produit\/krutony-tradicni-azais-polito\/"},"modified":"2025-12-03T10:23:01","modified_gmt":"2025-12-03T10:23:01","slug":"krutony-tradicni-azais-polito","status":"publish","type":"product","link":"https:\/\/france-gastronomie.shop\/cs\/produit\/krutony-tradicni-azais-polito\/","title":{"rendered":"Krutony Tradi\u010dn\u00ed <br\/> Azais-Polito"},"content":{"rendered":"<p><strong>Krutony Tradi\u010dn\u00ed Azais-Polito<\/strong><\/p>\n<p>Pod\u00e1vejte k na\u0161im ryb\u00edm pol\u00e9vk\u00e1m a kr\u00e9mov\u00fdm pol\u00e9vk\u00e1m z mo\u0159sk\u00fdch plod\u016f nebo k p\u0159\u00edprav\u011b vynikaj\u00edc\u00edch toast\u016f s na\u0161imi om\u00e1\u010dkami.<\/p>\n<p>P\u0161eni\u010dn\u00e1 mouka, slune\u010dnicov\u00fd olej, lepek a p\u0161eni\u010dn\u00e1 vl\u00e1knina, cukr, dro\u017ed\u00ed, s\u016fl, sladov\u00e1 je\u010dn\u00e1 mouka a l\u00e1tka pro \u00fapravu mouky: kyselina askorbov\u00e1.<br \/>\nM\u016f\u017ee obsahovat stopy o\u0159ech\u016f, ml\u00e9ka, sezamu a s\u00f3ji.<\/p>\n<p>Skladujte na chladn\u00e9m a such\u00e9m m\u00edst\u011b.<\/p>\n<p>Zaru\u010den\u011b bez geneticky modifikovan\u00fdch organism\u016f a ionizovan\u00fdch p\u0159\u00edsad.<br \/>\nALERGENY: LEPEK<br \/>\nM\u016f\u017ee obsahovat stopy o\u0159ech\u016f, sezamu a s\u00f3ji.<\/p>\n<p>Nutri\u010dn\u00ed hodnoty na 100 g<br \/>\nEnergie v kcal: 407,00<br \/>\nEnergie v kJ: 1719,00<br \/>\nB\u00edlkoviny (g): 13,00<br \/>\nSacharidy (g): 70,00<br \/>\nz toho cukry (g): 4,10<br \/>\nTuky (g): 6,70<br \/>\nz toho nasycen\u00e9 mastn\u00e9 kyseliny (g): 0,70<br \/>\nVl\u00e1knina (g): 7,20<br \/>\nS\u016fl (g): 1,50<\/p>\n","protected":false},"excerpt":{"rendered":"<p><strong>Krutony Tradi\u010dn\u00ed Azais-Polito<\/strong><\/p>\n<p>Od otc\u016f po syny, po n\u011bkolik desetilet\u00ed denn\u011b pracujeme na udr\u017een\u00ed tohoto know-how a na\u0161ich tradic. Na\u0161e v\u00fdrobn\u00ed metody v\u017edy zachov\u00e1valy \u0159emesln\u00e9 metody tradi\u010dn\u00ed konzerv\u00e1rny. Na\u0161e zava\u0159eliny jsou v\u017edy p\u0159ipravov\u00e1ny ru\u010dn\u011b a podle na\u0161ich znalost\u00ed a vynikaj\u00ed v\u00fdjime\u010dnou chut\u00ed, recepty na na\u0161e pol\u00e9vky, sal\u00e1ty, hotov\u00e1 j\u00eddla a p\u0159\u00edlohy podl\u00e9haj\u00ed d\u016fkladn\u00e9mu v\u00fdb\u011bru nejlep\u0161\u00edch surovin s bezchybnou kvalitou d\u00edky pe\u010dliv\u00e9mu respektu k recept\u016fm.   Pr\u00e1v\u011b tato zvl\u00e1dnut\u00e1 technologie dnes p\u0159edev\u0161\u00edm charakterizuje na\u0161i identitu, aby v\u00e1m nab\u00eddla \u0161\u0165avnat\u00e9 chv\u00edle&#8230;<\/p>\n<p>Jsou to prav\u00e9 produkty a pr\u00e1v\u011b jejich jasn\u00e1 jednoduchost tvo\u0159\u00ed jejich kouzlo, stejn\u011b jako kuchyn\u011b v S\u00e8te, kter\u00e1 je zbavena ve\u0161ker\u00e9 ok\u00e1zalosti, aby l\u00e9pe vynikla chu\u0165 m\u00edstn\u00edch surovin.<\/p>\n","protected":false},"featured_media":25419,"comment_status":"closed","ping_status":"closed","template":"","meta":[],"product_brand":[],"product_cat":[604,1120,441],"product_tag":[],"class_list":{"0":"post-25455","1":"product","2":"type-product","3":"status-publish","4":"has-post-thumbnail","6":"product_cat-k-namazani","7":"product_cat-morske-produkty","8":"product_cat-potraviny","10":"first","11":"instock","12":"taxable","13":"shipping-taxable","14":"purchasable","15":"product-type-simple"},"jetpack_sharing_enabled":true,"_links":{"self":[{"href":"https:\/\/france-gastronomie.shop\/cs\/wp-json\/wp\/v2\/product\/25455","targetHints":{"allow":["GET"]}}],"collection":[{"href":"https:\/\/france-gastronomie.shop\/cs\/wp-json\/wp\/v2\/product"}],"about":[{"href":"https:\/\/france-gastronomie.shop\/cs\/wp-json\/wp\/v2\/types\/product"}],"replies":[{"embeddable":true,"href":"https:\/\/france-gastronomie.shop\/cs\/wp-json\/wp\/v2\/comments?post=25455"}],"wp:featuredmedia":[{"embeddable":true,"href":"https:\/\/france-gastronomie.shop\/cs\/wp-json\/wp\/v2\/media\/25419"}],"wp:attachment":[{"href":"https:\/\/france-gastronomie.shop\/cs\/wp-json\/wp\/v2\/media?parent=25455"}],"wp:term":[{"taxonomy":"product_brand","embeddable":true,"href":"https:\/\/france-gastronomie.shop\/cs\/wp-json\/wp\/v2\/product_brand?post=25455"},{"taxonomy":"product_cat","embeddable":true,"href":"https:\/\/france-gastronomie.shop\/cs\/wp-json\/wp\/v2\/product_cat?post=25455"},{"taxonomy":"product_tag","embeddable":true,"href":"https:\/\/france-gastronomie.shop\/cs\/wp-json\/wp\/v2\/product_tag?post=25455"}],"curies":[{"name":"wp","href":"https:\/\/api.w.org\/{rel}","templated":true}]}}