{"id":25448,"date":"2025-12-02T18:37:52","date_gmt":"2025-12-03T10:19:03","guid":{"rendered":"https:\/\/france-gastronomie.shop\/produit\/krutony-prirodni-smazene-a-krupave\/"},"modified":"2025-12-18T11:22:41","modified_gmt":"2025-12-18T10:22:41","slug":"krutony-prirodni-smazene-a-krupave","status":"publish","type":"product","link":"https:\/\/france-gastronomie.shop\/cs\/produit\/krutony-prirodni-smazene-a-krupave\/","title":{"rendered":"Krutony p\u0159\u00edrodn\u00ed <br\/> sma\u017een\u00e9 a k\u0159upav\u00e9"},"content":{"rendered":"<p><strong>Sma\u017een\u00e9 k\u0159upav\u00e9 krutony p\u0159\u00edrodn\u00ed Azais-Polito<\/strong><\/p>\n<p>Sma\u017een\u00fd chlebov\u00fd kruton je jednou ze specialit setsk\u00e9 gastronomie. Tyto krutony dod\u00e1vaj\u00ed pokrm\u016fm, ke kter\u00fdm se pod\u00e1vaj\u00ed, jemnou v\u016fni a ji\u017en\u00ed n\u00e1dech. <\/p>\n<p>Pod\u00e1vejte k na\u0161im ryb\u00edm pol\u00e9vk\u00e1m a kr\u00e9mov\u00fdm pol\u00e9vk\u00e1m z mo\u0159sk\u00fdch plod\u016f nebo k p\u0159\u00edprav\u011b vynikaj\u00edc\u00edch toast\u016f s na\u0161imi om\u00e1\u010dkami.<\/p>\n<p>P\u0161eni\u010dn\u00e1 mouka, slune\u010dnicov\u00fd olej, su\u0161en\u00e1 ml\u00e9\u010dn\u00e1 syrov\u00e1tka, sladov\u00e1 p\u0161eni\u010dn\u00e1 mouka, s\u016fl, dro\u017ed\u00ed, p\u0161eni\u010dn\u00fd lepek.<br \/>\nM\u016f\u017ee obsahovat stopy o\u0159ech\u016f, sezamu a s\u00f3ji.<\/p>\n<p>Skladujte v suchu p\u0159i pokojov\u00e9 teplot\u011b a chra\u0148te p\u0159ed sv\u011btlem.<\/p>\n<p>ALERGENY: LEPEK \u2013 P\u0160ENICE, ML\u00c9KO \u2013 ML\u00c9\u010cN\u00c1 SYROV\u00c1TKA.<br \/>\nBez GMO, neionizovan\u00e9.<\/p>\n<p>Nutri\u010dn\u00ed hodnoty na 100 g<br \/>\nEnergie v kcal: 699,00<br \/>\nEnergie v kJ: 2877,00<br \/>\nB\u00edlkoviny (g): 2,93<br \/>\nSacharidy (g): 0,71<br \/>\nz toho cukry (g): 0,19<br \/>\nTuky (g): 76,04<br \/>\nz toho nasycen\u00e9 mastn\u00e9 kyseliny (g): 5,76<br \/>\nVl\u00e1knina (g): 0,12<br \/>\nS\u016fl (g): 1,15<\/p>\n","protected":false},"excerpt":{"rendered":"<p><strong>Sma\u017een\u00e9 k\u0159upav\u00e9 krutony p\u0159\u00edrodn\u00ed Azais-Polito<\/strong><\/p>\n<p>Od otc\u016f po syny, po n\u011bkolik desetilet\u00ed denn\u011b pracujeme na udr\u017een\u00ed tohoto know-how a na\u0161ich tradic. Na\u0161e v\u00fdrobn\u00ed metody v\u017edy zachov\u00e1valy \u0159emesln\u00e9 metody tradi\u010dn\u00ed konzerv\u00e1rny. Na\u0161e zava\u0159eliny jsou v\u017edy p\u0159ipravov\u00e1ny ru\u010dn\u011b a podle na\u0161ich znalost\u00ed a vynikaj\u00ed v\u00fdjime\u010dnou chut\u00ed, recepty na na\u0161e pol\u00e9vky, sal\u00e1ty, hotov\u00e1 j\u00eddla a p\u0159\u00edlohy podl\u00e9haj\u00ed d\u016fkladn\u00e9mu v\u00fdb\u011bru nejlep\u0161\u00edch surovin s bezchybnou kvalitou d\u00edky pe\u010dliv\u00e9mu respektu k recept\u016fm.   Pr\u00e1v\u011b tato zvl\u00e1dnut\u00e1 technologie dnes p\u0159edev\u0161\u00edm charakterizuje na\u0161i identitu, aby v\u00e1m nab\u00eddla \u0161\u0165avnat\u00e9 chv\u00edle&#8230;<\/p>\n<p>Jsou to prav\u00e9 produkty a pr\u00e1v\u011b jejich jasn\u00e1 jednoduchost tvo\u0159\u00ed jejich kouzlo, stejn\u011b jako kuchyn\u011b v S\u00e8te, kter\u00e1 je zbavena ve\u0161ker\u00e9 ok\u00e1zalosti, aby l\u00e9pe vynikla chu\u0165 m\u00edstn\u00edch surovin.<\/p>\n<p>&nbsp;<\/p>\n","protected":false},"featured_media":25424,"comment_status":"closed","ping_status":"closed","template":"","meta":[],"product_brand":[],"product_cat":[604,1120,441],"product_tag":[],"class_list":{"0":"post-25448","1":"product","2":"type-product","3":"status-publish","4":"has-post-thumbnail","6":"product_cat-k-namazani","7":"product_cat-morske-produkty","8":"product_cat-potraviny","10":"first","11":"instock","12":"taxable","13":"shipping-taxable","14":"purchasable","15":"product-type-simple"},"jetpack_sharing_enabled":true,"_links":{"self":[{"href":"https:\/\/france-gastronomie.shop\/cs\/wp-json\/wp\/v2\/product\/25448","targetHints":{"allow":["GET"]}}],"collection":[{"href":"https:\/\/france-gastronomie.shop\/cs\/wp-json\/wp\/v2\/product"}],"about":[{"href":"https:\/\/france-gastronomie.shop\/cs\/wp-json\/wp\/v2\/types\/product"}],"replies":[{"embeddable":true,"href":"https:\/\/france-gastronomie.shop\/cs\/wp-json\/wp\/v2\/comments?post=25448"}],"wp:featuredmedia":[{"embeddable":true,"href":"https:\/\/france-gastronomie.shop\/cs\/wp-json\/wp\/v2\/media\/25424"}],"wp:attachment":[{"href":"https:\/\/france-gastronomie.shop\/cs\/wp-json\/wp\/v2\/media?parent=25448"}],"wp:term":[{"taxonomy":"product_brand","embeddable":true,"href":"https:\/\/france-gastronomie.shop\/cs\/wp-json\/wp\/v2\/product_brand?post=25448"},{"taxonomy":"product_cat","embeddable":true,"href":"https:\/\/france-gastronomie.shop\/cs\/wp-json\/wp\/v2\/product_cat?post=25448"},{"taxonomy":"product_tag","embeddable":true,"href":"https:\/\/france-gastronomie.shop\/cs\/wp-json\/wp\/v2\/product_tag?post=25448"}],"curies":[{"name":"wp","href":"https:\/\/api.w.org\/{rel}","templated":true}]}}