{"id":25444,"date":"2025-12-02T17:35:30","date_gmt":"2025-12-03T09:53:00","guid":{"rendered":"https:\/\/france-gastronomie.shop\/produit\/sepie-po-setoisku\/"},"modified":"2025-12-03T09:53:00","modified_gmt":"2025-12-03T09:53:00","slug":"sepie-po-setoisku","status":"publish","type":"product","link":"https:\/\/france-gastronomie.shop\/cs\/produit\/sepie-po-setoisku\/","title":{"rendered":"S\u00e9pie <br\/> po S\u00e9toisku"},"content":{"rendered":"<p><strong>S\u00e9pie po S\u00e9toisku Azais-Polito<\/strong><\/p>\n<p><span class=\"x1lliihq x1plvlek xryxfnj x1n2onr6 xyejjpt x15dsfln x193iq5w xeuugli x1fj9vlw x13faqbe x1vvkbs x1s928wv xhkezso x1gmr53x x1cpjm7i x1fgarty x1943h6x x1i0vuye xvs91rp xo1l8bm x5n08af x10wh9bi xpm28yp x8viiok x1o7cslx\" dir=\"auto\"><span class=\"x193iq5w xeuugli x13faqbe x1vvkbs xt0psk2 x1i0vuye xvs91rp xo1l8bm x5n08af x10wh9bi xpm28yp x8viiok x1o7cslx x126k92a\">S\u00e9pie po S\u00e9toisku AZA\u00cfS-POLITO je ve fin\u00e1le sout\u011b\u017ee \u00c9PICURES 2025 v Pa\u0159\u00ed\u017ei! <\/span><\/span><\/p>\n<p><span class=\"x1lliihq x1plvlek xryxfnj x1n2onr6 xyejjpt x15dsfln x193iq5w xeuugli x1fj9vlw x13faqbe x1vvkbs x1s928wv xhkezso x1gmr53x x1cpjm7i x1fgarty x1943h6x x1i0vuye xvs91rp xo1l8bm x5n08af x10wh9bi xpm28yp x8viiok x1o7cslx\" dir=\"auto\"><span class=\"x193iq5w xeuugli x13faqbe x1vvkbs xt0psk2 x1i0vuye xvs91rp xo1l8bm x5n08af x10wh9bi xpm28yp x8viiok x1o7cslx x126k92a\">Jedn\u00e1 se o typick\u00fd recept z m\u011bsta S\u00e8te, kter\u00fd vznikl v minul\u00e9m stolet\u00ed a objevuje se ji\u017e v prvn\u00edch kucha\u0159sk\u00fdch slovn\u00edc\u00edch z po\u010d\u00e1tku 19. stolet\u00ed. Je tak lahodn\u00fd, \u017ee se dodnes pod\u00e1v\u00e1 v rodin\u00e1ch ve m\u011bst\u011b S\u00e8te a v nejlep\u0161\u00edch ryb\u00edch restaurac\u00edch v regionu.<br \/>\nSkute\u010dn\u00e9 kousky s\u00e9pie, va\u0159en\u00e9 v bohat\u00e9m raj\u010datov\u00e9m om\u00e1\u010dce, dopln\u011bn\u00e9 \u010dern\u00fdmi olivami a bramborami: jedno z nejlep\u0161\u00edch \u201erag\u00fa\u201c popul\u00e1rn\u00ed setsk\u00e9 kuchyn\u011b, bez ozdob a um\u011bl\u00fdch p\u0159\u00edsad.<\/p>\n<p> <\/span><\/span><\/p>\n<p>S\u00e9pie 20 %, raj\u010data, \u010derven\u00e9 v\u00edno, cibule, extra panensk\u00fd olivov\u00fd olej, brambory, mrkev, \u010dern\u00e9 olivy, pastis, s\u016fl, \u010desnek a pep\u0159.<\/p>\n<p>Skladujte v suchu p\u0159i pokojov\u00e9 teplot\u011b a chra\u0148te p\u0159ed sv\u011btlem.<br \/>\nPo otev\u0159en\u00ed skladujte v chladni\u010dce maxim\u00e1ln\u011b 2 a\u017e 3 dny.<\/p>\n<p>Alergeny: M\u016f\u017ee obsahovat stopy kor\u00fd\u0161\u016f, m\u011bkk\u00fd\u0161\u016f, ml\u00e9ka a vajec.<\/p>\n<p>Nutri\u010dn\u00ed hodnoty na 100 g<br \/>\nEnergie v kcal: 97,00<br \/>\nEnergie v kJ: 407,00<br \/>\nB\u00edlkoviny (g): 12,68<br \/>\nSacharidy (g): 2,25<br \/>\nz toho cukry (g): 0,58<br \/>\nTuky (g): 3,21<br \/>\nz toho nasycen\u00e9 mastn\u00e9 kyseliny (g): 0,53<br \/>\nS\u016fl (g): 0,52<\/p>\n","protected":false},"excerpt":{"rendered":"<p><strong>Seiche \u00e0 la S\u00e9toise Azais-Polito<\/strong><\/p>\n<p>2 \u00e0 3 tal\u00ed\u0159ky<\/p>\n<p>Z otce na syna, po n\u011bkolik desetilet\u00ed se denn\u011b star\u00e1me o zachov\u00e1n\u00ed tohoto know-how a na\u0161ich tradic. Na\u0161e v\u00fdrobn\u00ed postupy odjak\u017eiva zachov\u00e1vaj\u00ed \u0159emesln\u00e9 metody tradi\u010dn\u00ed konzerv\u00e1rny. Na\u0161e konzervy, kter\u00e9 jsou v\u017edy p\u0159ipravov\u00e1ny ru\u010dn\u011b a podle na\u0161eho know-how, se od ostatn\u00edch odli\u0161uj\u00ed svou v\u00fdjime\u010dnou chut\u00ed. Recepty na\u0161ich pol\u00e9vek, sal\u00e1t\u016f, hotov\u00fdch j\u00eddel a om\u00e1\u010dek jsou v\u00fdsledkem pe\u010dliv\u00e9ho v\u00fdb\u011bru t\u011bch nejlep\u0161\u00edch surovin v bezvadn\u00e9 kvalit\u011b a d\u016fsledn\u00e9ho dodr\u017eov\u00e1n\u00ed receptur. Pr\u00e1v\u011b toto mistrovsk\u00e9 know-how dnes charakterizuje na\u0161i identitu, abychom v\u00e1m mohli nab\u00eddnout lahodn\u00e9 okam\u017eiky&#8230;<\/p>\n<p>   <\/p>\n<p>Jsou to prav\u00e9 produkty a pr\u00e1v\u011b jejich jasn\u00e1 jednoduchost tvo\u0159\u00ed jejich kouzlo, stejn\u011b jako kuchyn\u011b v S\u00e8te, kter\u00e1 je zbavena ve\u0161ker\u00e9 ok\u00e1zalosti, aby l\u00e9pe vynikla chu\u0165 m\u00edstn\u00edch surovin.<\/p>\n","protected":false},"featured_media":25389,"comment_status":"closed","ping_status":"closed","template":"","meta":[],"product_brand":[],"product_cat":[610,1120,441,382],"product_tag":[],"class_list":{"0":"post-25444","1":"product","2":"type-product","3":"status-publish","4":"has-post-thumbnail","6":"product_cat-konzervy","7":"product_cat-morske-produkty","8":"product_cat-potraviny","9":"product_cat-hotova-jidla","11":"first","12":"instock","13":"taxable","14":"shipping-taxable","15":"purchasable","16":"product-type-simple"},"jetpack_sharing_enabled":true,"_links":{"self":[{"href":"https:\/\/france-gastronomie.shop\/cs\/wp-json\/wp\/v2\/product\/25444","targetHints":{"allow":["GET"]}}],"collection":[{"href":"https:\/\/france-gastronomie.shop\/cs\/wp-json\/wp\/v2\/product"}],"about":[{"href":"https:\/\/france-gastronomie.shop\/cs\/wp-json\/wp\/v2\/types\/product"}],"replies":[{"embeddable":true,"href":"https:\/\/france-gastronomie.shop\/cs\/wp-json\/wp\/v2\/comments?post=25444"}],"wp:featuredmedia":[{"embeddable":true,"href":"https:\/\/france-gastronomie.shop\/cs\/wp-json\/wp\/v2\/media\/25389"}],"wp:attachment":[{"href":"https:\/\/france-gastronomie.shop\/cs\/wp-json\/wp\/v2\/media?parent=25444"}],"wp:term":[{"taxonomy":"product_brand","embeddable":true,"href":"https:\/\/france-gastronomie.shop\/cs\/wp-json\/wp\/v2\/product_brand?post=25444"},{"taxonomy":"product_cat","embeddable":true,"href":"https:\/\/france-gastronomie.shop\/cs\/wp-json\/wp\/v2\/product_cat?post=25444"},{"taxonomy":"product_tag","embeddable":true,"href":"https:\/\/france-gastronomie.shop\/cs\/wp-json\/wp\/v2\/product_tag?post=25444"}],"curies":[{"name":"wp","href":"https:\/\/api.w.org\/{rel}","templated":true}]}}