{"id":25441,"date":"2025-12-02T15:42:20","date_gmt":"2025-12-03T09:48:12","guid":{"rendered":"https:\/\/france-gastronomie.shop\/produit\/chobotnice-v-pikantni-omacce\/"},"modified":"2025-12-03T09:48:12","modified_gmt":"2025-12-03T09:48:12","slug":"chobotnice-v-pikantni-omacce","status":"publish","type":"product","link":"https:\/\/france-gastronomie.shop\/cs\/produit\/chobotnice-v-pikantni-omacce\/","title":{"rendered":"Chobotnice <br\/> v pikantn\u00ed om\u00e1\u010dce"},"content":{"rendered":"<p><strong>Chobotnice v pikantn\u00ed om\u00e1\u010dce Azais-Polito<\/strong><\/p>\n<p class=\"\" data-end=\"504\" data-start=\"206\">Chcete vybo\u010dit z vyjet\u00fdch kolej\u00ed? Tato om\u00e1\u010dka z chobotnice a raj\u010dat je chutnou a pikantn\u00ed alternativou klasick\u00fdch om\u00e1\u010dek. Je p\u0159ipravena z 35 % chobotnice, \u010derstv\u00e9 zeleniny, b\u00edl\u00e9ho v\u00edna, ko\u0148aku a \u0161petky chilli a nab\u00edz\u00ed dokonale vyv\u00e1\u017eenou explozi chut\u00ed.  <\/p>\n<p class=\"\" data-end=\"774\" data-start=\"506\">D\u00edky sv\u00e9 bohat\u011b pln\u00e9 konzistenci a vyv\u00e1\u017een\u00e9mu ko\u0159en\u00ed je ide\u00e1ln\u00ed p\u0159\u00edlohou k t\u011bstovin\u00e1m, r\u00fd\u017ei nebo dokonce k dochucen\u00ed restovan\u00e9 zeleniny. Tento recept, vyroben\u00fd tradi\u010dn\u00edm zp\u016fsobem bez barviv, spojuje autenti\u010dnost a st\u0159edomo\u0159sk\u00fd charakter. <\/p>\n<p data-end=\"774\" data-start=\"506\">CHOBOTNICE 35 %, voda, SMETANA, raj\u010data, mrkev, b\u00edl\u00e9 v\u00edno, cibule, p\u00f3rek, extra panensk\u00fd olivov\u00fd olej, CELER, ko\u0148ak, raj\u010datov\u00fd protlak, \u010desnek, s\u016fl, aromatick\u00e9 bylinky, ko\u0159en\u00ed, zahu\u0161\u0165ovadlo: mouka karobov\u00e1 a cukr.<\/p>\n<p data-end=\"774\" data-start=\"506\">Skladujte v suchu p\u0159i pokojov\u00e9 teplot\u011b a chra\u0148te p\u0159ed sv\u011btlem. Po otev\u0159en\u00ed skladujte v chladni\u010dce maxim\u00e1ln\u011b 2 a\u017e 3 dny. <\/p>\n<p data-end=\"774\" data-start=\"506\">Alergeny: M\u011aKK\u00dd\u0160I (chobotnice), LEPEK (chl\u00e9b), VEJCE.<br \/>\nBez GMO, neionizovan\u00e9.<\/p>\n<p data-end=\"774\" data-start=\"506\">Nutri\u010dn\u00ed hodnoty na 100 g<br \/>\nEnergie v kcal: 97<br \/>\nEnergie v kJ: 406<br \/>\nTuky (g): 4,25<br \/>\nz toho nasycen\u00e9 mastn\u00e9 kyseliny (g): 2,27<br \/>\nSacharidy (g): 2,36<br \/>\nz toho cukry (g): 1,15<br \/>\nB\u00edlkoviny (g): 11,17<br \/>\nS\u016fl (g): 0,55<\/p>\n","protected":false},"excerpt":{"rendered":"<p><strong>Chobotnice v pikantn\u00ed om\u00e1\u010dce Azais-Polito<\/strong><\/p>\n<p>2 \u00e0 3 tal\u00ed\u0159ky<\/p>\n<p>Z otce na syna, po n\u011bkolik desetilet\u00ed se denn\u011b star\u00e1me o zachov\u00e1n\u00ed tohoto know-how a na\u0161ich tradic. Na\u0161e v\u00fdrobn\u00ed postupy odjak\u017eiva zachov\u00e1vaj\u00ed \u0159emesln\u00e9 metody tradi\u010dn\u00ed konzerv\u00e1rny. Na\u0161e konzervy, kter\u00e9 jsou v\u017edy p\u0159ipravov\u00e1ny ru\u010dn\u011b a podle na\u0161eho know-how, se od ostatn\u00edch odli\u0161uj\u00ed svou v\u00fdjime\u010dnou chut\u00ed. Recepty na\u0161ich pol\u00e9vek, sal\u00e1t\u016f, hotov\u00fdch j\u00eddel a om\u00e1\u010dek jsou v\u00fdsledkem pe\u010dliv\u00e9ho v\u00fdb\u011bru t\u011bch nejlep\u0161\u00edch surovin v bezvadn\u00e9 kvalit\u011b a d\u016fsledn\u00e9ho dodr\u017eov\u00e1n\u00ed receptur. Pr\u00e1v\u011b toto mistrovsk\u00e9 know-how dnes charakterizuje na\u0161i identitu, abychom v\u00e1m mohli nab\u00eddnout lahodn\u00e9 okam\u017eiky&#8230;<\/p>\n<p>   <\/p>\n<p>Jsou to prav\u00e9 produkty a pr\u00e1v\u011b jejich jasn\u00e1 jednoduchost tvo\u0159\u00ed jejich kouzlo, stejn\u011b jako kuchyn\u011b v S\u00e8te, kter\u00e1 je zbavena ve\u0161ker\u00e9 ok\u00e1zalosti, aby l\u00e9pe vynikla chu\u0165 m\u00edstn\u00edch surovin.<\/p>\n","protected":false},"featured_media":25356,"comment_status":"closed","ping_status":"closed","template":"","meta":[],"product_brand":[],"product_cat":[610,1120,441,382],"product_tag":[],"class_list":{"0":"post-25441","1":"product","2":"type-product","3":"status-publish","4":"has-post-thumbnail","6":"product_cat-konzervy","7":"product_cat-morske-produkty","8":"product_cat-potraviny","9":"product_cat-hotova-jidla","11":"first","12":"instock","13":"taxable","14":"shipping-taxable","15":"purchasable","16":"product-type-simple"},"jetpack_sharing_enabled":true,"_links":{"self":[{"href":"https:\/\/france-gastronomie.shop\/cs\/wp-json\/wp\/v2\/product\/25441","targetHints":{"allow":["GET"]}}],"collection":[{"href":"https:\/\/france-gastronomie.shop\/cs\/wp-json\/wp\/v2\/product"}],"about":[{"href":"https:\/\/france-gastronomie.shop\/cs\/wp-json\/wp\/v2\/types\/product"}],"replies":[{"embeddable":true,"href":"https:\/\/france-gastronomie.shop\/cs\/wp-json\/wp\/v2\/comments?post=25441"}],"wp:featuredmedia":[{"embeddable":true,"href":"https:\/\/france-gastronomie.shop\/cs\/wp-json\/wp\/v2\/media\/25356"}],"wp:attachment":[{"href":"https:\/\/france-gastronomie.shop\/cs\/wp-json\/wp\/v2\/media?parent=25441"}],"wp:term":[{"taxonomy":"product_brand","embeddable":true,"href":"https:\/\/france-gastronomie.shop\/cs\/wp-json\/wp\/v2\/product_brand?post=25441"},{"taxonomy":"product_cat","embeddable":true,"href":"https:\/\/france-gastronomie.shop\/cs\/wp-json\/wp\/v2\/product_cat?post=25441"},{"taxonomy":"product_tag","embeddable":true,"href":"https:\/\/france-gastronomie.shop\/cs\/wp-json\/wp\/v2\/product_tag?post=25441"}],"curies":[{"name":"wp","href":"https:\/\/api.w.org\/{rel}","templated":true}]}}