{"id":25435,"date":"2025-12-02T16:34:16","date_gmt":"2025-12-03T09:39:47","guid":{"rendered":"https:\/\/france-gastronomie.shop\/produit\/brandada-z-tresky\/"},"modified":"2025-12-03T09:39:47","modified_gmt":"2025-12-03T09:39:47","slug":"brandada-z-tresky","status":"publish","type":"product","link":"https:\/\/france-gastronomie.shop\/cs\/produit\/brandada-z-tresky\/","title":{"rendered":"Brand\u00e1da <br\/> z tresky"},"content":{"rendered":"<p><strong>Brand\u00e1da z tresky Azais-Polito<\/strong><\/p>\n<p>Na\u0161e brand\u00e1da z tresky, specialita regionu Languedoc, se pod\u00e1v\u00e1 tepl\u00e1 sm\u00edchan\u00e1 s bramborovou ka\u0161\u00ed, posypan\u00e1 strouhan\u00fdm s\u00fdrem a zape\u010den\u00e1 v troub\u011b. M\u016f\u017eete ji tak\u00e9 konzumovat studenou (brand\u00e1da k maz\u00e1n\u00ed) namazanou na na\u0161ich krutonech jako p\u0159edkrm. <\/p>\n<p>Sm\u00edchejte obsah sklenice s bramborovou ka\u0161\u00ed, dokud nevznikne homogenn\u00ed hmota. P\u0159idejte kousek m\u00e1sla a p\u0159\u00edpadn\u011b trochu ml\u00e9ka. Sm\u011bs dejte do zap\u00e9kac\u00ed misky, posypte strouhan\u00fdm s\u00fdrem a zap\u00e9kejte 15 minut.<br \/>\nPod\u00e1vejte tuto Brand\u00e1du Parmenti\u00e8re velmi horkou, p\u0159\u00edpadn\u011b s na\u0161imi krutony pot\u0159en\u00fdmi na\u0161\u00ed \u010dernou tapen\u00e1dou.  <\/p>\n<p>TRESKA 40 %, \u0159epkov\u00fd olej, ML\u00c9KO, s\u016fl a \u017eel\u00edruj\u00edc\u00ed l\u00e1tka: karagenan (extrakt z mo\u0159sk\u00fdch \u0159as).<\/p>\n<p>Skladujte v suchu p\u0159i pokojov\u00e9 teplot\u011b a chra\u0148te p\u0159ed sv\u011btlem.<br \/>\nPo otev\u0159en\u00ed skladujte v chladni\u010dce 2 a\u017e 3 dny.<\/p>\n<p>Alergeny: RYBY (treska) \u2013 ML\u00c9KO<br \/>\nBez GMO, neionizovan\u00e9.<\/p>\n<p>Nutri\u010dn\u00ed hodnoty na 100 g<br \/>\nEnergie v kcal: 363,00<br \/>\nEnergie v kJ: 1502,00<br \/>\nB\u00edlkoviny (g): 15,75<br \/>\nSacharidy (g): 0,74<br \/>\nz toho cukry (g): 0,37<br \/>\nTuky (g): 33,03<br \/>\nz toho nasycen\u00e9 mastn\u00e9 kyseliny (g): 2,57<br \/>\nVl\u00e1knina (g): 0,02<br \/>\nS\u016fl (g): 1,52<\/p>\n","protected":false},"excerpt":{"rendered":"<p><strong>Brand\u00e1da z tresky Azais-Polito<\/strong><\/p>\n<p>4 a\u017e 6 tal\u00ed\u0159\u016f<\/p>\n<p>Z otce na syna, po n\u011bkolik desetilet\u00ed se denn\u011b star\u00e1me o zachov\u00e1n\u00ed tohoto know-how a na\u0161ich tradic. Na\u0161e v\u00fdrobn\u00ed postupy odjak\u017eiva zachov\u00e1vaj\u00ed \u0159emesln\u00e9 metody tradi\u010dn\u00ed konzerv\u00e1rny. Na\u0161e konzervy, kter\u00e9 jsou v\u017edy p\u0159ipravov\u00e1ny ru\u010dn\u011b a podle na\u0161eho know-how, se od ostatn\u00edch odli\u0161uj\u00ed svou v\u00fdjime\u010dnou chut\u00ed. Recepty na\u0161ich pol\u00e9vek, sal\u00e1t\u016f, hotov\u00fdch j\u00eddel a om\u00e1\u010dek jsou v\u00fdsledkem pe\u010dliv\u00e9ho v\u00fdb\u011bru t\u011bch nejlep\u0161\u00edch surovin v bezvadn\u00e9 kvalit\u011b a d\u016fsledn\u00e9ho dodr\u017eov\u00e1n\u00ed receptur. Pr\u00e1v\u011b toto mistrovsk\u00e9 know-how dnes charakterizuje na\u0161i identitu, abychom v\u00e1m mohli nab\u00eddnout lahodn\u00e9 okam\u017eiky&#8230;<\/p>\n<p>   <\/p>\n<p>Jsou to prav\u00e9 produkty a pr\u00e1v\u011b jejich jasn\u00e1 jednoduchost tvo\u0159\u00ed jejich kouzlo, stejn\u011b jako kuchyn\u011b v S\u00e8te, kter\u00e1 je zbavena ve\u0161ker\u00e9 ok\u00e1zalosti, aby l\u00e9pe vynikla chu\u0165 m\u00edstn\u00edch surovin.<\/p>\n","protected":false},"featured_media":25374,"comment_status":"closed","ping_status":"closed","template":"","meta":[],"product_brand":[],"product_cat":[1120,441,382],"product_tag":[],"class_list":{"0":"post-25435","1":"product","2":"type-product","3":"status-publish","4":"has-post-thumbnail","6":"product_cat-morske-produkty","7":"product_cat-potraviny","8":"product_cat-hotova-jidla","10":"first","11":"instock","12":"taxable","13":"shipping-taxable","14":"purchasable","15":"product-type-simple"},"jetpack_sharing_enabled":true,"_links":{"self":[{"href":"https:\/\/france-gastronomie.shop\/cs\/wp-json\/wp\/v2\/product\/25435","targetHints":{"allow":["GET"]}}],"collection":[{"href":"https:\/\/france-gastronomie.shop\/cs\/wp-json\/wp\/v2\/product"}],"about":[{"href":"https:\/\/france-gastronomie.shop\/cs\/wp-json\/wp\/v2\/types\/product"}],"replies":[{"embeddable":true,"href":"https:\/\/france-gastronomie.shop\/cs\/wp-json\/wp\/v2\/comments?post=25435"}],"wp:featuredmedia":[{"embeddable":true,"href":"https:\/\/france-gastronomie.shop\/cs\/wp-json\/wp\/v2\/media\/25374"}],"wp:attachment":[{"href":"https:\/\/france-gastronomie.shop\/cs\/wp-json\/wp\/v2\/media?parent=25435"}],"wp:term":[{"taxonomy":"product_brand","embeddable":true,"href":"https:\/\/france-gastronomie.shop\/cs\/wp-json\/wp\/v2\/product_brand?post=25435"},{"taxonomy":"product_cat","embeddable":true,"href":"https:\/\/france-gastronomie.shop\/cs\/wp-json\/wp\/v2\/product_cat?post=25435"},{"taxonomy":"product_tag","embeddable":true,"href":"https:\/\/france-gastronomie.shop\/cs\/wp-json\/wp\/v2\/product_tag?post=25435"}],"curies":[{"name":"wp","href":"https:\/\/api.w.org\/{rel}","templated":true}]}}