{"id":25345,"date":"2025-12-01T16:10:31","date_gmt":"2025-12-02T12:54:42","guid":{"rendered":"https:\/\/france-gastronomie.shop\/produit\/bujabeza-setoiska-s-celymi-rybami\/"},"modified":"2025-12-03T10:01:57","modified_gmt":"2025-12-03T10:01:57","slug":"bujabeza-setoiska-s-celymi-rybami","status":"publish","type":"product","link":"https:\/\/france-gastronomie.shop\/cs\/produit\/bujabeza-setoiska-s-celymi-rybami\/","title":{"rendered":"Bujab\u00e9za S\u00e9toisk\u00e1 <br\/> s cel\u00fdmi rybami"},"content":{"rendered":"<p><strong>Bujab\u00e9za S\u00e9toisk\u00e1 s cel\u00fdmi rybami Azais-Polito<\/strong><\/p>\n<p>Bujab\u00e9za, p\u016fvodn\u011b rustik\u00e1ln\u00ed rodinn\u00e9 j\u00eddlo, se v na\u0161em regionu stala u\u0161lechtil\u00fdm a rafinovan\u00fdm pokrmem.<br \/>\nDnes je specialitou nejlep\u0161\u00edch ryb\u00edch restaurac\u00ed. V na\u0161\u00ed autentick\u00e9 Bujab\u00e9ze najdete to nejlep\u0161\u00ed ze<br \/>\nSt\u0159edozemn\u00edho mo\u0159e. D\u00edky tradi\u010dn\u00edmu slo\u017een\u00ed a zp\u016fsobu p\u0159\u00edpravy se tento produkt \u0159ad\u00ed mezi \u0161pi\u010dkov\u00e9 pokrmy,<br \/>\n kter\u00e9 pot\u011b\u0161\u00ed i ty nejn\u00e1ro\u010dn\u011bj\u0161\u00ed gurm\u00e1ny.  <\/p>\n<p>Na\u0161e bujab\u00e9za s cel\u00fdmi rybami je p\u0159ipravena k okam\u017eit\u00e9 spot\u0159eb\u011b. Sta\u010d\u00ed pouze oh\u0159\u00e1t obsah<br \/>\nsklenice a d\u00e1t pozor, abyste nepo\u0161kodili ryb\u00ed fil\u00e9. Pro p\u0159\u00edpravu podle receptu ze S\u00e8te doporu\u010dujeme<br \/>\npod\u00e1vat na\u0161i bujab\u00e9zu s va\u0159en\u00fdmi bramborami a nezapome\u0148te ji dochutit<br \/>na\u0161\u00ed om\u00e1\u010dkou Rouille S\u00e9toise a \u010desnekov\u00fdmi krutony.  <\/p>\n<p>RYBY 50 % (ROPU\u0160NICE, MO\u0158SK\u00dd \u00daHO\u0158, OSTNATEC), LANGUST\u00ddN, om\u00e1\u010dka (voda, raj\u010data, brambory, extra panensk\u00fd olivov\u00fd olej, b\u00edl\u00e9 v\u00edno, raj\u010datov\u00fd koncentr\u00e1t, s\u016fl, mrkev, cibule, p\u00f3rek, zahu\u0161\u0165ovadlo: mouka karobov\u00e1, \u010desnek, fenykl, pep\u0159 a \u0161afr\u00e1n)<\/p>\n<p>Po otev\u0159en\u00ed uchov\u00e1vejte v chladni\u010dce 2 a\u017e 3 dny.<\/p>\n<p>Alergeny: Ryby (ropu\u0161nice, mo\u0159\u0161t\u00ed \u00faho\u0159i, ostnatec), kor\u00fd\u0161i (langust\u00fdn)<br \/>\nBez GMO, neionizovan\u00e9.<\/p>\n<p>Nutri\u010dn\u00ed hodnoty na 100 g<br \/>\nEnergie v kcal: 68,00<br \/>\nEnergie v kJ: 286,00<br \/>\nB\u00edlkoviny (g): 13,90<br \/>\nSacharidy (g): 0,50<br \/>\nz toho cukry (g): 0,34<br \/>\nTuky (g): 1,20<br \/>\nz toho nasycen\u00e9 mastn\u00e9 kyseliny (g): 0,42<br \/>\nVl\u00e1knina (g): 0,60<br \/>\nS\u016fl (g): 0,34<\/p>\n","protected":false},"excerpt":{"rendered":"<p><strong>Bujab\u00e9za S\u00e9toisk\u00e1 s cel\u00fdmi rybami Azais-Polito<\/strong><\/p>\n<p>2 \u00e0 3 tal\u00ed\u0159ky<\/p>\n<p>Od otc\u016f po syny ji\u017e n\u011bkolik desetilet\u00ed denn\u011b db\u00e1me na zachov\u00e1n\u00ed tohoto know-how a na\u0161ich tradic.<br \/>klkl Na\u0161e konzervy, kter\u00e9 jsou v\u017edy p\u0159ipravov\u00e1ny ru\u010dn\u011b podle na\u0161ich osv\u011bd\u010den\u00fdch postup\u016f, se od ostatn\u00edch odli\u0161uj\u00ed svou v\u00fdjime\u010dnou chut\u00ed. Recepty na na\u0161e pol\u00e9vky, sal\u00e1ty, hotov\u00e1 j\u00eddla a om\u00e1\u010dky jsou v\u00fdsledkem pe\u010dliv\u00e9ho v\u00fdb\u011bru t\u011bch nejlep\u0161\u00edch surovin v bezvadn\u00e9 kvalit\u011b a d\u016fsledn\u00e9ho dodr\u017eov\u00e1n\u00ed receptur.   Pr\u00e1v\u011b toto mistrovsk\u00e9 um\u011bn\u00ed dnes charakterizuje na\u0161i identitu, abychom v\u00e1m mohli nab\u00eddnout lahodn\u00e9 okam\u017eiky&#8230;<\/p>\n<p>Jsou to prav\u00e9 produkty a pr\u00e1v\u011b jejich jasn\u00e1 jednoduchost tvo\u0159\u00ed jejich kouzlo, stejn\u011b jako kuchyn\u011b v S\u00e8te, kter\u00e1 je zbavena ve\u0161ker\u00e9 ok\u00e1zalosti, aby l\u00e9pe vynikla chu\u0165 m\u00edstn\u00edch surovin.<\/p>\n","protected":false},"featured_media":25274,"comment_status":"closed","ping_status":"closed","template":"","meta":[],"product_brand":[],"product_cat":[610,1120,382],"product_tag":[],"class_list":{"0":"post-25345","1":"product","2":"type-product","3":"status-publish","4":"has-post-thumbnail","6":"product_cat-konzervy","7":"product_cat-morske-produkty","8":"product_cat-hotova-jidla","10":"first","11":"instock","12":"taxable","13":"shipping-taxable","14":"purchasable","15":"product-type-simple"},"jetpack_sharing_enabled":true,"_links":{"self":[{"href":"https:\/\/france-gastronomie.shop\/cs\/wp-json\/wp\/v2\/product\/25345","targetHints":{"allow":["GET"]}}],"collection":[{"href":"https:\/\/france-gastronomie.shop\/cs\/wp-json\/wp\/v2\/product"}],"about":[{"href":"https:\/\/france-gastronomie.shop\/cs\/wp-json\/wp\/v2\/types\/product"}],"replies":[{"embeddable":true,"href":"https:\/\/france-gastronomie.shop\/cs\/wp-json\/wp\/v2\/comments?post=25345"}],"wp:featuredmedia":[{"embeddable":true,"href":"https:\/\/france-gastronomie.shop\/cs\/wp-json\/wp\/v2\/media\/25274"}],"wp:attachment":[{"href":"https:\/\/france-gastronomie.shop\/cs\/wp-json\/wp\/v2\/media?parent=25345"}],"wp:term":[{"taxonomy":"product_brand","embeddable":true,"href":"https:\/\/france-gastronomie.shop\/cs\/wp-json\/wp\/v2\/product_brand?post=25345"},{"taxonomy":"product_cat","embeddable":true,"href":"https:\/\/france-gastronomie.shop\/cs\/wp-json\/wp\/v2\/product_cat?post=25345"},{"taxonomy":"product_tag","embeddable":true,"href":"https:\/\/france-gastronomie.shop\/cs\/wp-json\/wp\/v2\/product_tag?post=25345"}],"curies":[{"name":"wp","href":"https:\/\/api.w.org\/{rel}","templated":true}]}}