{"id":25342,"date":"2025-12-01T17:06:30","date_gmt":"2025-12-02T12:45:37","guid":{"rendered":"https:\/\/france-gastronomie.shop\/produit\/cassoulet-morsky-plnene-musle-a-kalamary\/"},"modified":"2025-12-03T10:07:18","modified_gmt":"2025-12-03T10:07:18","slug":"cassoulet-morsky-plnene-musle-a-kalamary","status":"publish","type":"product","link":"https:\/\/france-gastronomie.shop\/cs\/produit\/cassoulet-morsky-plnene-musle-a-kalamary\/","title":{"rendered":"Cassoulet mo\u0159sk\u00fd <br\/> pln\u011bn\u00e9 mu\u0161le a kalam\u00e1ry"},"content":{"rendered":"<p><strong>Cassoulet mo\u0159e Azais-Polito<\/strong><\/p>\n<p>N\u00e1\u0161 mo\u0159sk\u00fd Cassoulet je variantou tradi\u010dn\u00edho Cassouletu. Tento recept, kter\u00fd v\u017edy va\u0159ily ryb\u00e1\u0159sk\u00e9 rodiny na\u0161eho regionu, je lahodn\u00fdm spojen\u00edm mal\u00fdch pln\u011bn\u00fdch dar\u016f mo\u0159e s b\u00edl\u00fdmi fazolemi du\u0161en\u00fdmi v raj\u010datov\u00e9 om\u00e1\u010dce&#8230; Nechte se p\u0159ekvapit!  <\/p>\n<p>2 a\u017e 3 tal\u00ed\u0159e<br \/>\nNa\u0161e mo\u0159sk\u00e9 cassoulet je p\u0159ipraveno k okam\u017eit\u00e9 spot\u0159eb\u011b. Obsah sklenice zah\u0159ejte na m\u00edrn\u00e9m ohni v hrnci a pod\u00e1vejte hork\u00e9. <\/p>\n<p>B\u00edl\u00e9 fazole, mu\u0161le a pln\u011bn\u00e9 s\u00e9pie (\u010dist\u00e1 vep\u0159ov\u00e1 n\u00e1divka: \u010derstv\u00e9 VEJCE, vep\u0159ov\u00e9 maso (Francie*), CHL\u00c9B, \u010desnek, petr\u017eel, pep\u0159), S\u00c9PIE, om\u00e1\u010dka (voda, raj\u010de, cibule, mrkev, extra panensk\u00fd olivov\u00fd olej, b\u00edl\u00e9 v\u00edno, s\u016fl, \u010desnek a pep\u0159).<br \/>\n*Ze zv\u00ed\u0159at narozen\u00fdch, vychovan\u00fdch a pora\u017een\u00fdch ve Francii<\/p>\n<p>Skladujte v suchu p\u0159i pokojov\u00e9 teplot\u011b a chra\u0148te p\u0159ed sv\u011btlem.<br \/>\nPo otev\u0159en\u00ed skladujte v chladni\u010dce 2 a\u017e 3 dny.<\/p>\n<p>Alergeny: M\u011aKK\u00dd\u0160I (mu\u0161le) &#8211; M\u011aKK\u00dd\u0160I (olihn\u011b, s\u00e9pie) &#8211; VEJCE &#8211; LEPEK (p\u0161enice\/chl\u00e9b) Bez<br \/>\nGMO, neionizovan\u00e9.<\/p>\n<p>Nutri\u010dn\u00ed hodnoty na 100 g<br \/>\nEnergie v KCal : 122,00<br \/>\nEnergie v KJ : 511,00<br \/>\nProt\u00e9iny \/ B\u00edlkoviny (g) : 8,80<br \/>\nSacharidy \/ Sacharidy (g) : 7,10<br \/>\nneobsahuj\u00ed sachary \/ z toho cukr (g) : 0,20<br \/>\nMati\u00e8res gras \/ Lipidy (g) : 5,60<br \/>\nA.G. Satury \/ z toho nasycen\u00e9 saturace (g) : 1,20<br \/>\nVl\u00e1knina \/ Vl\u00e1knina (g) : 4,20<br \/>\nSel \/ nebo s\u016fl (g) : 0,91<\/p>\n<p>&nbsp;<\/p>\n<p>&nbsp;<\/p>\n<p>&nbsp;<\/p>\n<p>&nbsp;<\/p>\n","protected":false},"excerpt":{"rendered":"<p><strong>Cassoulet mo\u0159e Azais-Polito<\/strong><\/p>\n<p>2 \u00e0 3 tal\u00ed\u0159ky<\/p>\n<p>Od otc\u016f po syny, po n\u011bkolik desetilet\u00ed denn\u011b pracujeme na udr\u017een\u00ed tohoto know-how a na\u0161ich tradic. Na\u0161e v\u00fdrobn\u00ed metody v\u017edy zachov\u00e1valy \u0159emesln\u00e9 metody tradi\u010dn\u00ed konzerv\u00e1rny. Na\u0161e zava\u0159eliny jsou v\u017edy p\u0159ipravov\u00e1ny ru\u010dn\u011b a podle na\u0161ich znalost\u00ed a vynikaj\u00ed v\u00fdjime\u010dnou chut\u00ed, recepty na na\u0161e pol\u00e9vky, sal\u00e1ty, hotov\u00e1 j\u00eddla a p\u0159\u00edlohy podl\u00e9haj\u00ed d\u016fkladn\u00e9mu v\u00fdb\u011bru nejlep\u0161\u00edch surovin s bezchybnou kvalitou d\u00edky pe\u010dliv\u00e9mu respektu k recept\u016fm.   Pr\u00e1v\u011b tato zvl\u00e1dnut\u00e1 technologie dnes p\u0159edev\u0161\u00edm charakterizuje na\u0161i identitu, aby v\u00e1m nab\u00eddla \u0161\u0165avnat\u00e9 chv\u00edle&#8230;<\/p>\n<p>Jsou to prav\u00e9 produkty a pr\u00e1v\u011b jejich jasn\u00e1 jednoduchost tvo\u0159\u00ed jejich kouzlo, stejn\u011b jako kuchyn\u011b v S\u00e8te, kter\u00e1 je zbavena ve\u0161ker\u00e9 ok\u00e1zalosti, aby l\u00e9pe vynikla chu\u0165 m\u00edstn\u00edch surovin.<\/p>\n","protected":false},"featured_media":25280,"comment_status":"closed","ping_status":"closed","template":"","meta":[],"product_brand":[],"product_cat":[1120,441,382],"product_tag":[],"class_list":{"0":"post-25342","1":"product","2":"type-product","3":"status-publish","4":"has-post-thumbnail","6":"product_cat-morske-produkty","7":"product_cat-potraviny","8":"product_cat-hotova-jidla","10":"first","11":"instock","12":"taxable","13":"shipping-taxable","14":"purchasable","15":"product-type-simple"},"jetpack_sharing_enabled":true,"_links":{"self":[{"href":"https:\/\/france-gastronomie.shop\/cs\/wp-json\/wp\/v2\/product\/25342","targetHints":{"allow":["GET"]}}],"collection":[{"href":"https:\/\/france-gastronomie.shop\/cs\/wp-json\/wp\/v2\/product"}],"about":[{"href":"https:\/\/france-gastronomie.shop\/cs\/wp-json\/wp\/v2\/types\/product"}],"replies":[{"embeddable":true,"href":"https:\/\/france-gastronomie.shop\/cs\/wp-json\/wp\/v2\/comments?post=25342"}],"wp:featuredmedia":[{"embeddable":true,"href":"https:\/\/france-gastronomie.shop\/cs\/wp-json\/wp\/v2\/media\/25280"}],"wp:attachment":[{"href":"https:\/\/france-gastronomie.shop\/cs\/wp-json\/wp\/v2\/media?parent=25342"}],"wp:term":[{"taxonomy":"product_brand","embeddable":true,"href":"https:\/\/france-gastronomie.shop\/cs\/wp-json\/wp\/v2\/product_brand?post=25342"},{"taxonomy":"product_cat","embeddable":true,"href":"https:\/\/france-gastronomie.shop\/cs\/wp-json\/wp\/v2\/product_cat?post=25342"},{"taxonomy":"product_tag","embeddable":true,"href":"https:\/\/france-gastronomie.shop\/cs\/wp-json\/wp\/v2\/product_tag?post=25342"}],"curies":[{"name":"wp","href":"https:\/\/api.w.org\/{rel}","templated":true}]}}