{"id":25338,"date":"2025-12-01T17:55:44","date_gmt":"2025-12-02T12:26:09","guid":{"rendered":"https:\/\/france-gastronomie.shop\/produit\/plnene-musle-na-setoisky-zpusob\/"},"modified":"2025-12-03T09:56:14","modified_gmt":"2025-12-03T09:56:14","slug":"plnene-musle-na-setoisky-zpusob","status":"publish","type":"product","link":"https:\/\/france-gastronomie.shop\/cs\/produit\/plnene-musle-na-setoisky-zpusob\/","title":{"rendered":"Pln\u011bn\u00e9 mu\u0161le <br\/> na setoisk\u00fd zp\u016fsob"},"content":{"rendered":"<p><strong>Pln\u011bn\u00e9 mu\u0161le na setoisk\u00fd zp\u016fsob Azais-Polito<\/strong><\/p>\n<p>Na\u0161e pln\u011bn\u00e9 mu\u0161le, typick\u00e9 j\u00eddlo m\u011bsta S\u00e8te, jsou vyr\u00e1b\u011bny s respektem k tradi\u010dn\u00edm postup\u016fm a receptur\u00e1m.<br \/>\nJejich v\u00fdroba je zcela ru\u010dn\u00ed a \u0159emesln\u00e1. Mu\u0161le jsou ru\u010dn\u011b pln\u011bn\u00e9 \u010dist\u011b vep\u0159ovou n\u00e1divkou ochucenou bylinkami z jihu Francie. Tato specialita ze S\u00e8te par excellence je vyr\u00e1b\u011bna z prvot\u0159\u00eddn\u00edch surovin, zejm\u00e9na z velk\u00fdch mu\u0161l\u00ed. Na\u0161e pln\u011bn\u00e9 mu\u0161le jsou zaru\u010den\u011b bez barviv.   <\/p>\n<p>Na\u0161e pln\u011bn\u00e9 mu\u0161le jsou p\u0159ipraven\u00e9 k okam\u017eit\u00e9 spot\u0159eb\u011b. Abyste si je co nejl\u00e9pe vychutnali, oh\u0159ejte obsah sklenice na m\u00edrn\u00e9m ohni a pot\u00e9 je naserv\u00edrujte na tal\u00ed\u0159 spolu s r\u00fd\u017e\u00ed, t\u011bstovinami \u201eal dente\u201c nebo bramborami podle va\u0161\u00ed chuti. Pot\u00e9 v\u0161e p\u0159elijte zb\u00fdvaj\u00edc\u00ed om\u00e1\u010dkou, kterou p\u0159edem zahust\u00edte na\u0161\u00ed om\u00e1\u010dkou Rouille S\u00e9toise, abyste dos\u00e1hli prezentace jako v regionu Pays S\u00e9tois.  <\/p>\n<p>PLN\u011aN\u00c1 MU\u0160LE 60 % (plnka z \u010dist\u00e9ho vep\u0159ov\u00e9ho masa: \u010derstv\u00e1 VEJCE, vep\u0159ov\u00e9 maso (Francie*), CHL\u00c9B, \u010desnek, petr\u017eel, pep\u0159, s\u016fl), om\u00e1\u010dka (voda, raj\u010data, cibule, mrkev, b\u00edl\u00e9 v\u00edno, raj\u010datov\u00fd protlak, s\u016fl, p\u00f3rek, extra panensk\u00fd olivov\u00fd olej, zahu\u0161\u0165ovadlo: karobov\u00e1 mouka, vejce a aromatick\u00e9 bylinky).<br \/>\n*Zv\u00ed\u0159ata narozen\u00e1, chovan\u00e1 a pora\u017een\u00e1 ve Francii.<\/p>\n<p>Po otev\u0159en\u00ed uchov\u00e1vejte v chladni\u010dce 2 a\u017e 3 dny.<\/p>\n<p>Alergeny: M\u011aKK\u00dd\u0160I (mu\u0161le), LEPEK (chl\u00e9b), VEJCE.<br \/>\nBez GMO, neionizovan\u00e9.<\/p>\n<p>Nutri\u010dn\u00ed hodnoty na 100 g<br \/>\nEnergie v kcal: 88,00<br \/>\nEnergie v kJ: 369,00<br \/>\nB\u00edlkoviny (g): 8,00<br \/>\nSacharidy (g): 3,30<br \/>\nz toho cukry (g): 0,80<br \/>\nTuky (g): 4,50<br \/>\nz toho nasycen\u00e9 mastn\u00e9 kyseliny (g): 1,70<br \/>\nVl\u00e1knina (g): 1,30<br \/>\nS\u016fl (g): 1,20<\/p>\n","protected":false},"excerpt":{"rendered":"<p><strong>Pln\u011bn\u00e9 mu\u0161le na setoisk\u00fd zp\u016fsob Azais-Polito<\/strong><\/p>\n<p>2 \u00e0 3 tal\u00ed\u0159ky<\/p>\n<p>Z otce na syna, po n\u011bkolik desetilet\u00ed se denn\u011b star\u00e1me o zachov\u00e1n\u00ed tohoto know-how a na\u0161ich tradic. Na\u0161e v\u00fdrobn\u00ed postupy odjak\u017eiva zachov\u00e1vaj\u00ed \u0159emesln\u00e9 metody tradi\u010dn\u00ed konzerv\u00e1rny. Na\u0161e konzervy, kter\u00e9 jsou v\u017edy p\u0159ipravov\u00e1ny ru\u010dn\u011b a podle na\u0161eho know-how, se od ostatn\u00edch odli\u0161uj\u00ed svou v\u00fdjime\u010dnou chut\u00ed. Recepty na\u0161ich pol\u00e9vek, sal\u00e1t\u016f, hotov\u00fdch j\u00eddel a om\u00e1\u010dek jsou v\u00fdsledkem pe\u010dliv\u00e9ho v\u00fdb\u011bru t\u011bch nejlep\u0161\u00edch surovin v bezvadn\u00e9 kvalit\u011b a d\u016fsledn\u00e9ho dodr\u017eov\u00e1n\u00ed receptur. Pr\u00e1v\u011b toto mistrovsk\u00e9 know-how dnes charakterizuje na\u0161i identitu, abychom v\u00e1m mohli nab\u00eddnout lahodn\u00e9 okam\u017eiky&#8230;<\/p>\n<p>   <\/p>\n<p>Jsou to prav\u00e9 produkty a pr\u00e1v\u011b jejich jasn\u00e1 jednoduchost tvo\u0159\u00ed jejich kouzlo, stejn\u011b jako kuchyn\u011b v S\u00e8te, kter\u00e1 je zbavena ve\u0161ker\u00e9 ok\u00e1zalosti, aby l\u00e9pe vynikla chu\u0165 m\u00edstn\u00edch surovin.<\/p>\n","protected":false},"featured_media":25286,"comment_status":"closed","ping_status":"closed","template":"","meta":[],"product_brand":[],"product_cat":[1120,441,382],"product_tag":[],"class_list":{"0":"post-25338","1":"product","2":"type-product","3":"status-publish","4":"has-post-thumbnail","6":"product_cat-morske-produkty","7":"product_cat-potraviny","8":"product_cat-hotova-jidla","10":"first","11":"instock","12":"taxable","13":"shipping-taxable","14":"purchasable","15":"product-type-simple"},"jetpack_sharing_enabled":true,"_links":{"self":[{"href":"https:\/\/france-gastronomie.shop\/cs\/wp-json\/wp\/v2\/product\/25338","targetHints":{"allow":["GET"]}}],"collection":[{"href":"https:\/\/france-gastronomie.shop\/cs\/wp-json\/wp\/v2\/product"}],"about":[{"href":"https:\/\/france-gastronomie.shop\/cs\/wp-json\/wp\/v2\/types\/product"}],"replies":[{"embeddable":true,"href":"https:\/\/france-gastronomie.shop\/cs\/wp-json\/wp\/v2\/comments?post=25338"}],"wp:featuredmedia":[{"embeddable":true,"href":"https:\/\/france-gastronomie.shop\/cs\/wp-json\/wp\/v2\/media\/25286"}],"wp:attachment":[{"href":"https:\/\/france-gastronomie.shop\/cs\/wp-json\/wp\/v2\/media?parent=25338"}],"wp:term":[{"taxonomy":"product_brand","embeddable":true,"href":"https:\/\/france-gastronomie.shop\/cs\/wp-json\/wp\/v2\/product_brand?post=25338"},{"taxonomy":"product_cat","embeddable":true,"href":"https:\/\/france-gastronomie.shop\/cs\/wp-json\/wp\/v2\/product_cat?post=25338"},{"taxonomy":"product_tag","embeddable":true,"href":"https:\/\/france-gastronomie.shop\/cs\/wp-json\/wp\/v2\/product_tag?post=25338"}],"curies":[{"name":"wp","href":"https:\/\/api.w.org\/{rel}","templated":true}]}}